{"id":57409,"date":"2023-05-09T13:06:13","date_gmt":"2023-05-09T13:06:14","guid":{"rendered":"https:\/\/www.rebeleast.com\/?post_type=product&#038;p=57409"},"modified":"2024-01-15T16:57:48","modified_gmt":"2024-01-15T16:57:48","slug":"rebel-slim-silver-pro-limited","status":"publish","type":"product","link":"https:\/\/www.rebeleast.com\/pl\/produkt\/rebel-slim-silver-pro-limited\/","title":{"rendered":"Rebel Slim Silver Pro- Limited"},"content":{"rendered":"","protected":false},"excerpt":{"rendered":"<p><strong>REBEL SLIM SILVER PRO (Edycja Limitowana)<\/strong> to profesjonalne, sk\u00f3rzane szelki fotograficzne \u201ena dwa aparaty\u201d w srebrzysto- szarym kolorze sk\u00f3ry.<\/p>\n<p><strong>UWAGA: Szelki Silver powsta\u0142y ze sk\u00f3ry naturalnej najwy\u017cszej jako\u015bci, kt\u00f3ra nie by\u0142a barwiona metod\u0105 \u201cna wskro\u015b\u201d. Dlatego wierzchnia warstwa sk\u00f3ry pokryta farb\u0105 mo\u017ce by\u0107 bardziej podatna na zarysowania czy \u201cblizny bojowe\u201d powsta\u0142e na skutek noralnego u\u017cytkowania podczas pracy. M\u00f3wimy tutaj o czysto estetycznej kwestii, kt\u00f3ra oczywi\u015bcie nie wp\u0142ywa w najmniejszym stopniu na wytrzyma\u0142o\u015b\u0107 samych szelek, a samo \u201cwycieranie si\u0119\u201d z up\u0142ywem czasu lica sk\u00f3ry jest normalnym procesem i nie podlega reklamacji. Produkt jest fabrycznie nowy.<br \/>\n<\/strong><\/p>\n<p>Szelki fotograficzne Rebel Slim maksymalnie u\u0142atwi\u0105 Twoj\u0105 prac\u0119 z dwoma aparatami. Od teraz aparaty b\u0119d\u0105 ci\u0105gle pod Twoj\u0105 r\u0119k\u0105 (dos\u0142ownie). U\u017cywaj ich na przemian w zale\u017cno\u015bci od sytuacji szybciej ni\u017c kiedykolwiek.<\/p>\n<p>Wersja SLIM jest w\u0119\u017csza od klasycznej serii RebelOne i mo\u017ce okaza\u0107 si\u0119 lepszym wyborem dla kobiet lub je\u015bli pracujesz na mniejszych aparatach takich jak bezlusterkowce.<\/p>\n<p>Nasz system pozwala na szybkie przesuwanie aparat\u00f3w w g\u00f3r\u0119\/w d\u00f3\u0142 na podw\u00f3nie zabezpieczonych szeklach.\u2028 Sprawdzone w testach rozwi\u0105zania (najlepszej jako\u015bci sk\u00f3ra naturalna, D-ringi z ocynkowanej stali, obustronnie p\u0142askie nity i karabinki) oraz klasyczny design gwarantuj\u0105 z jednej strony wytrzyma\u0142o\u015b\u0107 i praktyczno\u015b\u0107, a z drugiej strony profesjonalny i szykowny wygl\u0105d.<\/p>\n<p>Ka\u017cdy zestaw szelek Rebel Slim jest kompletny i zawiera bezpo\u015brednie mocowania do dw\u00f3ch aparat\u00f3w (dwie ocynkowane \u015bruby fotograficzne 1\/4 cala z uchem i silikonow\u0105 podk\u0142adk\u0105), dwa kr\u00f3tkie paski z karabinkiem oraz dwie smyczki bezpiecze\u0144stwa. Smyczki bezpiecze\u0144stwa powinny by\u0107 ZAWSZE poprawinie zamocowane w trakcie pracy w szelkach (wpi\u0119te z jednej strony do metalowej ramki w szelkach a z drugiej strony zapi\u0119te w korpusie aparatu).<\/p>\n<p>Ka\u017cde szelki fotograficzne Rebel Slim s\u0105 wykonane r\u0119cznie w Polsce z dba\u0142o\u015bci\u0105 o najmniejszy detal.\u2028 Rozmiar produktu mo\u017cna dopasowa\u0107 do wzrostu i budowy cia\u0142a. Szelki pozwalaj\u0105 na du\u017c\u0105 modyfikacje d\u0142ugo\u015bci pask\u00f3w \u2013 dlatego mo\u017ce by\u0107 z powodzeniem u\u017cywany zar\u00f3wno przez kobiety i m\u0119\u017cczyzn. Poni\u017cej 170 cm wzrostu polecamy rozmiar Small, a powy\u017cej 170 cm wzrostu proponujemy rozmiar Regular. Pod uwag\u0119 nale\u017cy wzi\u0105\u0107 te\u017c obw\u00f3d klatki piersiowej.<\/p>\n<p>Szeroko\u015b\u0107 szelek z serii Slim: 29mm.<\/p>\n<p>*Najni\u017csza cena produktu z 30 dni przed t\u0105 promocj\u0105: 707 z\u0142.<\/p>\n","protected":false},"featured_media":57413,"template":"","meta":[],"product_cat":[185],"product_tag":[142],"yoast_head":"<!-- This site is optimized with the Yoast SEO plugin v16.3 - https:\/\/yoast.com\/wordpress\/plugins\/seo\/ -->\n<title>Rebel Slim Silver Pro- Limited- Profesjonalne, sk\u00f3rzane szelki fotograficzne<\/title>\n<meta name=\"description\" content=\"Seria NATURAL powraca. Zobacz oryginalne sk\u00f3rzane szelki dla profesjonalnego fotografa. Gwarantowana jako\u015b\u0107 prosto od Rebel East. Sprawd\u017a ju\u017c dzi\u015b!\" \/>\n<meta name=\"robots\" content=\"index, follow, max-snippet:-1, max-image-preview:large, max-video-preview:-1\" \/>\n<link rel=\"canonical\" href=\"https:\/\/www.rebeleast.com\/pl\/produkt\/rebel-slim-silver-pro-limited\/\" \/>\n<meta property=\"og:locale\" content=\"pl_PL\" \/>\n<meta property=\"og:type\" content=\"article\" \/>\n<meta property=\"og:title\" content=\"Rebel Slim Silver Pro- Limited- Profesjonalne, sk\u00f3rzane szelki fotograficzne\" \/>\n<meta property=\"og:description\" content=\"Seria NATURAL powraca. Zobacz oryginalne sk\u00f3rzane szelki dla profesjonalnego fotografa. Gwarantowana jako\u015b\u0107 prosto od Rebel East. Sprawd\u017a ju\u017c dzi\u015b!\" \/>\n<meta property=\"og:url\" content=\"https:\/\/www.rebeleast.com\/pl\/produkt\/rebel-slim-silver-pro-limited\/\" \/>\n<meta property=\"og:site_name\" content=\"Rebel East\" \/>\n<meta property=\"article:modified_time\" content=\"2024-01-15T16:57:48+00:00\" \/>\n<meta property=\"og:image\" content=\"https:\/\/www.rebeleast.com\/wp-content\/uploads\/2023\/05\/rebel-slim-silver-szelki-fotograficzne-1b.jpg\" \/>\n\t<meta property=\"og:image:width\" content=\"1100\" \/>\n\t<meta property=\"og:image:height\" content=\"818\" \/>\n<meta name=\"twitter:card\" content=\"summary_large_image\" \/>\n<script type=\"application\/ld+json\" class=\"yoast-schema-graph\">{\"@context\":\"https:\/\/schema.org\",\"@graph\":[{\"@type\":\"WebSite\",\"@id\":\"https:\/\/www.rebeleast.com\/#website\",\"url\":\"https:\/\/www.rebeleast.com\/\",\"name\":\"Rebel East\",\"description\":\"Photo gear for professional photographers\",\"potentialAction\":[{\"@type\":\"SearchAction\",\"target\":\"https:\/\/www.rebeleast.com\/?s={search_term_string}\",\"query-input\":\"required name=search_term_string\"}],\"inLanguage\":\"pl-PL\"},{\"@type\":\"ImageObject\",\"@id\":\"https:\/\/www.rebeleast.com\/pl\/produkt\/rebel-slim-silver-pro-limited\/#primaryimage\",\"inLanguage\":\"pl-PL\",\"url\":\"https:\/\/www.rebeleast.com\/wp-content\/uploads\/2023\/05\/rebel-slim-silver-szelki-fotograficzne-1b.jpg\",\"contentUrl\":\"https:\/\/www.rebeleast.com\/wp-content\/uploads\/2023\/05\/rebel-slim-silver-szelki-fotograficzne-1b.jpg\",\"width\":1100,\"height\":818},{\"@type\":\"WebPage\",\"@id\":\"https:\/\/www.rebeleast.com\/pl\/produkt\/rebel-slim-silver-pro-limited\/#webpage\",\"url\":\"https:\/\/www.rebeleast.com\/pl\/produkt\/rebel-slim-silver-pro-limited\/\",\"name\":\"Rebel Slim Silver Pro- Limited- Profesjonalne, sk\\u00f3rzane szelki fotograficzne\",\"isPartOf\":{\"@id\":\"https:\/\/www.rebeleast.com\/#website\"},\"primaryImageOfPage\":{\"@id\":\"https:\/\/www.rebeleast.com\/pl\/produkt\/rebel-slim-silver-pro-limited\/#primaryimage\"},\"datePublished\":\"2023-05-09T13:06:14+00:00\",\"dateModified\":\"2024-01-15T16:57:48+00:00\",\"description\":\"Seria NATURAL powraca. Zobacz oryginalne sk\\u00f3rzane szelki dla profesjonalnego fotografa. Gwarantowana jako\\u015b\\u0107 prosto od Rebel East. Sprawd\\u017a ju\\u017c dzi\\u015b!\",\"breadcrumb\":{\"@id\":\"https:\/\/www.rebeleast.com\/pl\/produkt\/rebel-slim-silver-pro-limited\/#breadcrumb\"},\"inLanguage\":\"pl-PL\",\"potentialAction\":[{\"@type\":\"ReadAction\",\"target\":[\"https:\/\/www.rebeleast.com\/pl\/produkt\/rebel-slim-silver-pro-limited\/\"]}]},{\"@type\":\"BreadcrumbList\",\"@id\":\"https:\/\/www.rebeleast.com\/pl\/produkt\/rebel-slim-silver-pro-limited\/#breadcrumb\",\"itemListElement\":[{\"@type\":\"ListItem\",\"position\":1,\"item\":{\"@type\":\"WebPage\",\"@id\":\"https:\/\/www.rebeleast.com\/pl\/\",\"url\":\"https:\/\/www.rebeleast.com\/pl\/\",\"name\":\"Strona g\\u0142\\u00f3wna\"}},{\"@type\":\"ListItem\",\"position\":2,\"item\":{\"@type\":\"WebPage\",\"@id\":\"https:\/\/www.rebeleast.com\/pl\/shop\/\",\"url\":\"https:\/\/www.rebeleast.com\/pl\/shop\/\",\"name\":\"Sklep\"}},{\"@type\":\"ListItem\",\"position\":3,\"item\":{\"@id\":\"https:\/\/www.rebeleast.com\/pl\/produkt\/rebel-slim-silver-pro-limited\/#webpage\"}}]}]}<\/script>\n<!-- \/ Yoast SEO plugin. -->","_links":{"self":[{"href":"https:\/\/www.rebeleast.com\/pl\/wp-json\/wp\/v2\/product\/57409"}],"collection":[{"href":"https:\/\/www.rebeleast.com\/pl\/wp-json\/wp\/v2\/product"}],"about":[{"href":"https:\/\/www.rebeleast.com\/pl\/wp-json\/wp\/v2\/types\/product"}],"wp:featuredmedia":[{"embeddable":true,"href":"https:\/\/www.rebeleast.com\/pl\/wp-json\/wp\/v2\/media\/57413"}],"wp:attachment":[{"href":"https:\/\/www.rebeleast.com\/pl\/wp-json\/wp\/v2\/media?parent=57409"}],"wp:term":[{"taxonomy":"product_cat","embeddable":true,"href":"https:\/\/www.rebeleast.com\/pl\/wp-json\/wp\/v2\/product_cat?post=57409"},{"taxonomy":"product_tag","embeddable":true,"href":"https:\/\/www.rebeleast.com\/pl\/wp-json\/wp\/v2\/product_tag?post=57409"}],"curies":[{"name":"wp","href":"https:\/\/api.w.org\/{rel}","templated":true}]}}