{"id":57338,"date":"2023-04-06T14:57:40","date_gmt":"2023-04-06T14:57:40","guid":{"rendered":"https:\/\/www.rebeleast.com\/?post_type=product&#038;p=57338"},"modified":"2025-03-30T10:00:08","modified_gmt":"2025-03-30T10:00:08","slug":"woreczek-rebel-east-kolor","status":"publish","type":"product","link":"https:\/\/www.rebeleast.com\/pl\/produkt\/woreczek-rebel-east-kolor\/","title":{"rendered":"woreczek rebel east kolor"},"content":{"rendered":"","protected":false},"excerpt":{"rendered":"<div>\n<p><strong>KOLOROWY BAWE\u0141NIANY WORECZEK REBEL EAST:<\/strong><\/p>\n<p>Dodatkowy, bardzo trwa\u0142y woreczek na szelki fotograficzne <span class=\"il\">Rebel<\/span> East lub inne foto- akcesoria.<\/p>\n<p>Wymiary: 20x32cm.<\/p>\n<p>Sk\u0142ad: 100% bawe\u0142na.<\/p>\n<\/div>\n","protected":false},"featured_media":57340,"template":"","meta":[],"product_cat":[177],"product_tag":[153],"yoast_head":"<!-- This site is optimized with the Yoast SEO plugin v16.3 - https:\/\/yoast.com\/wordpress\/plugins\/seo\/ -->\n<title>woreczek rebel east kolor - Rebel East<\/title>\n<meta name=\"robots\" content=\"index, follow, max-snippet:-1, max-image-preview:large, max-video-preview:-1\" \/>\n<link rel=\"canonical\" href=\"https:\/\/www.rebeleast.com\/pl\/produkt\/woreczek-rebel-east-kolor\/\" \/>\n<meta property=\"og:locale\" content=\"pl_PL\" \/>\n<meta property=\"og:type\" content=\"article\" \/>\n<meta property=\"og:title\" content=\"woreczek rebel east kolor - Rebel East\" \/>\n<meta property=\"og:description\" content=\"KOLOROWY BAWE\u0141NIANY WORECZEK REBEL EAST:  Dodatkowy, bardzo trwa\u0142y woreczek na szelki fotograficzne Rebel East lub inne foto- akcesoria.  Wymiary: 20x32cm.  Sk\u0142ad: 100% bawe\u0142na.\" \/>\n<meta property=\"og:url\" content=\"https:\/\/www.rebeleast.com\/pl\/produkt\/woreczek-rebel-east-kolor\/\" \/>\n<meta property=\"og:site_name\" content=\"Rebel East\" \/>\n<meta property=\"article:modified_time\" content=\"2025-03-30T10:00:08+00:00\" \/>\n<meta property=\"og:image\" content=\"https:\/\/www.rebeleast.com\/wp-content\/uploads\/2023\/04\/woreczek-szelki-fotograficzne-rebel-east-kolor-1.jpg\" \/>\n\t<meta property=\"og:image:width\" content=\"1100\" \/>\n\t<meta property=\"og:image:height\" content=\"818\" \/>\n<meta name=\"twitter:card\" content=\"summary_large_image\" \/>\n<script type=\"application\/ld+json\" class=\"yoast-schema-graph\">{\"@context\":\"https:\/\/schema.org\",\"@graph\":[{\"@type\":\"WebSite\",\"@id\":\"https:\/\/www.rebeleast.com\/#website\",\"url\":\"https:\/\/www.rebeleast.com\/\",\"name\":\"Rebel East\",\"description\":\"Photo gear for professional photographers\",\"potentialAction\":[{\"@type\":\"SearchAction\",\"target\":\"https:\/\/www.rebeleast.com\/?s={search_term_string}\",\"query-input\":\"required name=search_term_string\"}],\"inLanguage\":\"pl-PL\"},{\"@type\":\"ImageObject\",\"@id\":\"https:\/\/www.rebeleast.com\/pl\/produkt\/woreczek-rebel-east-kolor\/#primaryimage\",\"inLanguage\":\"pl-PL\",\"url\":\"https:\/\/www.rebeleast.com\/wp-content\/uploads\/2023\/04\/woreczek-szelki-fotograficzne-rebel-east-kolor-1.jpg\",\"contentUrl\":\"https:\/\/www.rebeleast.com\/wp-content\/uploads\/2023\/04\/woreczek-szelki-fotograficzne-rebel-east-kolor-1.jpg\",\"width\":1100,\"height\":818},{\"@type\":\"WebPage\",\"@id\":\"https:\/\/www.rebeleast.com\/pl\/produkt\/woreczek-rebel-east-kolor\/#webpage\",\"url\":\"https:\/\/www.rebeleast.com\/pl\/produkt\/woreczek-rebel-east-kolor\/\",\"name\":\"woreczek rebel east kolor - Rebel East\",\"isPartOf\":{\"@id\":\"https:\/\/www.rebeleast.com\/#website\"},\"primaryImageOfPage\":{\"@id\":\"https:\/\/www.rebeleast.com\/pl\/produkt\/woreczek-rebel-east-kolor\/#primaryimage\"},\"datePublished\":\"2023-04-06T14:57:40+00:00\",\"dateModified\":\"2025-03-30T10:00:08+00:00\",\"breadcrumb\":{\"@id\":\"https:\/\/www.rebeleast.com\/pl\/produkt\/woreczek-rebel-east-kolor\/#breadcrumb\"},\"inLanguage\":\"pl-PL\",\"potentialAction\":[{\"@type\":\"ReadAction\",\"target\":[\"https:\/\/www.rebeleast.com\/pl\/produkt\/woreczek-rebel-east-kolor\/\"]}]},{\"@type\":\"BreadcrumbList\",\"@id\":\"https:\/\/www.rebeleast.com\/pl\/produkt\/woreczek-rebel-east-kolor\/#breadcrumb\",\"itemListElement\":[{\"@type\":\"ListItem\",\"position\":1,\"item\":{\"@type\":\"WebPage\",\"@id\":\"https:\/\/www.rebeleast.com\/pl\/\",\"url\":\"https:\/\/www.rebeleast.com\/pl\/\",\"name\":\"Strona g\\u0142\\u00f3wna\"}},{\"@type\":\"ListItem\",\"position\":2,\"item\":{\"@type\":\"WebPage\",\"@id\":\"https:\/\/www.rebeleast.com\/pl\/shop\/\",\"url\":\"https:\/\/www.rebeleast.com\/pl\/shop\/\",\"name\":\"Sklep\"}},{\"@type\":\"ListItem\",\"position\":3,\"item\":{\"@id\":\"https:\/\/www.rebeleast.com\/pl\/produkt\/woreczek-rebel-east-kolor\/#webpage\"}}]}]}<\/script>\n<!-- \/ Yoast SEO plugin. -->","_links":{"self":[{"href":"https:\/\/www.rebeleast.com\/pl\/wp-json\/wp\/v2\/product\/57338"}],"collection":[{"href":"https:\/\/www.rebeleast.com\/pl\/wp-json\/wp\/v2\/product"}],"about":[{"href":"https:\/\/www.rebeleast.com\/pl\/wp-json\/wp\/v2\/types\/product"}],"wp:featuredmedia":[{"embeddable":true,"href":"https:\/\/www.rebeleast.com\/pl\/wp-json\/wp\/v2\/media\/57340"}],"wp:attachment":[{"href":"https:\/\/www.rebeleast.com\/pl\/wp-json\/wp\/v2\/media?parent=57338"}],"wp:term":[{"taxonomy":"product_cat","embeddable":true,"href":"https:\/\/www.rebeleast.com\/pl\/wp-json\/wp\/v2\/product_cat?post=57338"},{"taxonomy":"product_tag","embeddable":true,"href":"https:\/\/www.rebeleast.com\/pl\/wp-json\/wp\/v2\/product_tag?post=57338"}],"curies":[{"name":"wp","href":"https:\/\/api.w.org\/{rel}","templated":true}]}}