{"id":56437,"date":"2022-03-09T11:13:23","date_gmt":"2022-03-09T11:13:24","guid":{"rendered":"https:\/\/www.rebeleast.com\/?post_type=product&#038;p=56437"},"modified":"2024-09-02T07:38:36","modified_gmt":"2024-09-02T07:38:36","slug":"re-belt-gold-slim-light","status":"publish","type":"product","link":"https:\/\/www.rebeleast.com\/pl\/produkt\/re-belt-gold-slim-light\/","title":{"rendered":"Re-Belt Slim Gold (Light)"},"content":{"rendered":"","protected":false},"excerpt":{"rendered":"<p>*Re-Belt Slim Gold (Light) to klasyczny pasek do spodni wykonany z najlepszej jako\u015bci naturalnej sk\u00f3ry. Idealnie komponuje si\u0119 z szelkami reporterskimi <span class=\"il\">Rebel<\/span> Slim Gold, Grizzly lub Veteran.<\/p>\n<p>*Re-Belt Slim Gold (Classic) dost\u0119pny jest w trzech rozmiarach: S, M i L na obw\u00f3d w pasie odpowiednio 80, 90 i 105 cm. Nale\u017cy wybra\u0107 odpowiedni rozmiar z poni\u017cszego menu.<\/p>\n<p>*Szeroko\u015b\u0107 paska to 29mm.<\/p>\n","protected":false},"featured_media":51118,"template":"","meta":[],"product_cat":[187],"product_tag":[150],"yoast_head":"<!-- This site is optimized with the Yoast SEO plugin v16.3 - https:\/\/yoast.com\/wordpress\/plugins\/seo\/ -->\n<title>Re-Belt Slim Gold (Light) - Rebel East<\/title>\n<meta name=\"robots\" content=\"index, follow, max-snippet:-1, max-image-preview:large, max-video-preview:-1\" \/>\n<link rel=\"canonical\" href=\"https:\/\/www.rebeleast.com\/pl\/produkt\/re-belt-gold-slim-light\/\" \/>\n<meta property=\"og:locale\" content=\"pl_PL\" \/>\n<meta property=\"og:type\" content=\"article\" \/>\n<meta property=\"og:title\" content=\"Re-Belt Slim Gold (Light) - Rebel East\" \/>\n<meta property=\"og:description\" content=\"*Re-Belt Slim Gold (Light) to klasyczny pasek do spodni wykonany z najlepszej jako\u015bci naturalnej sk\u00f3ry. Idealnie komponuje si\u0119 z szelkami reporterskimi Rebel Slim Gold, Grizzly lub Veteran.  *Re-Belt Slim Gold (Classic) dost\u0119pny jest w trzech rozmiarach: S, M i L na obw\u00f3d w pasie odpowiednio 80, 90 i 105 cm. Nale\u017cy wybra\u0107 odpowiedni rozmiar z poni\u017cszego menu.  *Szeroko\u015b\u0107 paska to 29mm.\" \/>\n<meta property=\"og:url\" content=\"https:\/\/www.rebeleast.com\/pl\/produkt\/re-belt-gold-slim-light\/\" \/>\n<meta property=\"og:site_name\" content=\"Rebel East\" \/>\n<meta property=\"article:modified_time\" content=\"2024-09-02T07:38:36+00:00\" \/>\n<meta property=\"og:image\" content=\"https:\/\/www.rebeleast.com\/wp-content\/uploads\/2019\/02\/rebel-east-rebelt-gold-classic-slim-5.jpg\" \/>\n\t<meta property=\"og:image:width\" content=\"1100\" \/>\n\t<meta property=\"og:image:height\" content=\"818\" \/>\n<meta name=\"twitter:card\" content=\"summary_large_image\" \/>\n<script type=\"application\/ld+json\" class=\"yoast-schema-graph\">{\"@context\":\"https:\/\/schema.org\",\"@graph\":[{\"@type\":\"WebSite\",\"@id\":\"https:\/\/www.rebeleast.com\/#website\",\"url\":\"https:\/\/www.rebeleast.com\/\",\"name\":\"Rebel East\",\"description\":\"Photo gear for professional photographers\",\"potentialAction\":[{\"@type\":\"SearchAction\",\"target\":\"https:\/\/www.rebeleast.com\/?s={search_term_string}\",\"query-input\":\"required name=search_term_string\"}],\"inLanguage\":\"pl-PL\"},{\"@type\":\"ImageObject\",\"@id\":\"https:\/\/www.rebeleast.com\/pl\/produkt\/re-belt-gold-slim-light\/#primaryimage\",\"inLanguage\":\"pl-PL\",\"url\":\"https:\/\/www.rebeleast.com\/wp-content\/uploads\/2019\/02\/rebel-east-rebelt-gold-classic-slim-5.jpg\",\"contentUrl\":\"https:\/\/www.rebeleast.com\/wp-content\/uploads\/2019\/02\/rebel-east-rebelt-gold-classic-slim-5.jpg\",\"width\":1100,\"height\":818},{\"@type\":\"WebPage\",\"@id\":\"https:\/\/www.rebeleast.com\/pl\/produkt\/re-belt-gold-slim-light\/#webpage\",\"url\":\"https:\/\/www.rebeleast.com\/pl\/produkt\/re-belt-gold-slim-light\/\",\"name\":\"Re-Belt Slim Gold (Light) - Rebel East\",\"isPartOf\":{\"@id\":\"https:\/\/www.rebeleast.com\/#website\"},\"primaryImageOfPage\":{\"@id\":\"https:\/\/www.rebeleast.com\/pl\/produkt\/re-belt-gold-slim-light\/#primaryimage\"},\"datePublished\":\"2022-03-09T11:13:24+00:00\",\"dateModified\":\"2024-09-02T07:38:36+00:00\",\"breadcrumb\":{\"@id\":\"https:\/\/www.rebeleast.com\/pl\/produkt\/re-belt-gold-slim-light\/#breadcrumb\"},\"inLanguage\":\"pl-PL\",\"potentialAction\":[{\"@type\":\"ReadAction\",\"target\":[\"https:\/\/www.rebeleast.com\/pl\/produkt\/re-belt-gold-slim-light\/\"]}]},{\"@type\":\"BreadcrumbList\",\"@id\":\"https:\/\/www.rebeleast.com\/pl\/produkt\/re-belt-gold-slim-light\/#breadcrumb\",\"itemListElement\":[{\"@type\":\"ListItem\",\"position\":1,\"item\":{\"@type\":\"WebPage\",\"@id\":\"https:\/\/www.rebeleast.com\/pl\/\",\"url\":\"https:\/\/www.rebeleast.com\/pl\/\",\"name\":\"Strona g\\u0142\\u00f3wna\"}},{\"@type\":\"ListItem\",\"position\":2,\"item\":{\"@type\":\"WebPage\",\"@id\":\"https:\/\/www.rebeleast.com\/pl\/shop\/\",\"url\":\"https:\/\/www.rebeleast.com\/pl\/shop\/\",\"name\":\"Sklep\"}},{\"@type\":\"ListItem\",\"position\":3,\"item\":{\"@id\":\"https:\/\/www.rebeleast.com\/pl\/produkt\/re-belt-gold-slim-light\/#webpage\"}}]}]}<\/script>\n<!-- \/ Yoast SEO plugin. -->","_links":{"self":[{"href":"https:\/\/www.rebeleast.com\/pl\/wp-json\/wp\/v2\/product\/56437"}],"collection":[{"href":"https:\/\/www.rebeleast.com\/pl\/wp-json\/wp\/v2\/product"}],"about":[{"href":"https:\/\/www.rebeleast.com\/pl\/wp-json\/wp\/v2\/types\/product"}],"wp:featuredmedia":[{"embeddable":true,"href":"https:\/\/www.rebeleast.com\/pl\/wp-json\/wp\/v2\/media\/51118"}],"wp:attachment":[{"href":"https:\/\/www.rebeleast.com\/pl\/wp-json\/wp\/v2\/media?parent=56437"}],"wp:term":[{"taxonomy":"product_cat","embeddable":true,"href":"https:\/\/www.rebeleast.com\/pl\/wp-json\/wp\/v2\/product_cat?post=56437"},{"taxonomy":"product_tag","embeddable":true,"href":"https:\/\/www.rebeleast.com\/pl\/wp-json\/wp\/v2\/product_tag?post=56437"}],"curies":[{"name":"wp","href":"https:\/\/api.w.org\/{rel}","templated":true}]}}