{"id":54853,"date":"2020-05-22T16:14:38","date_gmt":"2020-05-22T16:14:38","guid":{"rendered":"https:\/\/www.rebeleast.com\/?post_type=product&#038;p=54853"},"modified":"2025-09-18T06:52:49","modified_gmt":"2025-09-18T06:52:49","slug":"podkladka-pod-srube-fotograficzna","status":"publish","type":"product","link":"https:\/\/www.rebeleast.com\/pl\/produkt\/podkladka-pod-srube-fotograficzna\/","title":{"rendered":"Zapasowe podkladki \/ uszczelki pod srube fotograficzna"},"content":{"rendered":"<p>4 sztuki zapasowych podk\u0142adek wykonanyh z trwa\u0142ego silikonu. Podk\u0142adki minimalizuj\u0105 ryzyko wykr\u0119cenia si\u0119 \u015bruby z aparatu podczas pracy.<\/p>\n","protected":false},"excerpt":{"rendered":"<p><strong>ZAPASOWE PODK\u0141ADKI \/ USZCZELKI POD \u015aRUB\u0118 FOTOGRAFICZN\u0104:<\/strong><\/p>\n<p>Zapasowe podk\u0142adki wykonane z trwa\u0142ego silikonu.<\/p>\n<p>Podk\u0142adki minimalizuj\u0105 ryzyko wykr\u0119cenia si\u0119 \u015bruby fotograficznej utrzymuj\u0105cej aparaty na szelkach fotograficznych Rebel East.<\/p>\n<p><strong>Uwaga:<\/strong> Cena dotyczy czterech sztuk podk\u0142adki.<\/p>\n","protected":false},"featured_media":55473,"template":"","meta":[],"product_cat":[177],"product_tag":[155],"yoast_head":"<!-- This site is optimized with the Yoast SEO plugin v16.3 - https:\/\/yoast.com\/wordpress\/plugins\/seo\/ -->\n<title>Zapasowe podkladki \/ uszczelki pod srube fotograficzna - Rebel East<\/title>\n<meta name=\"robots\" content=\"index, follow, max-snippet:-1, max-image-preview:large, max-video-preview:-1\" \/>\n<link rel=\"canonical\" href=\"https:\/\/www.rebeleast.com\/pl\/produkt\/podkladka-pod-srube-fotograficzna\/\" \/>\n<meta property=\"og:locale\" content=\"pl_PL\" \/>\n<meta property=\"og:type\" content=\"article\" \/>\n<meta property=\"og:title\" content=\"Zapasowe podkladki \/ uszczelki pod srube fotograficzna - Rebel East\" \/>\n<meta property=\"og:description\" content=\"ZAPASOWE PODK\u0141ADKI \/ USZCZELKI POD \u015aRUB\u0118 FOTOGRAFICZN\u0104:  Zapasowe podk\u0142adki wykonane z trwa\u0142ego silikonu.  Podk\u0142adki minimalizuj\u0105 ryzyko wykr\u0119cenia si\u0119 \u015bruby fotograficznej utrzymuj\u0105cej aparaty na szelkach fotograficznych Rebel East.  Uwaga: Cena dotyczy czterech sztuk podk\u0142adki.\" \/>\n<meta property=\"og:url\" content=\"https:\/\/www.rebeleast.com\/pl\/produkt\/podkladka-pod-srube-fotograficzna\/\" \/>\n<meta property=\"og:site_name\" content=\"Rebel East\" \/>\n<meta property=\"article:modified_time\" content=\"2025-09-18T06:52:49+00:00\" \/>\n<meta property=\"og:image\" content=\"https:\/\/www.rebeleast.com\/wp-content\/uploads\/2020\/05\/rebel-east-pads.jpg\" \/>\n\t<meta property=\"og:image:width\" content=\"1100\" \/>\n\t<meta property=\"og:image:height\" content=\"818\" \/>\n<meta name=\"twitter:card\" content=\"summary_large_image\" \/>\n<script type=\"application\/ld+json\" class=\"yoast-schema-graph\">{\"@context\":\"https:\/\/schema.org\",\"@graph\":[{\"@type\":\"WebSite\",\"@id\":\"https:\/\/www.rebeleast.com\/#website\",\"url\":\"https:\/\/www.rebeleast.com\/\",\"name\":\"Rebel East\",\"description\":\"Photo gear for professional photographers\",\"potentialAction\":[{\"@type\":\"SearchAction\",\"target\":\"https:\/\/www.rebeleast.com\/?s={search_term_string}\",\"query-input\":\"required name=search_term_string\"}],\"inLanguage\":\"pl-PL\"},{\"@type\":\"ImageObject\",\"@id\":\"https:\/\/www.rebeleast.com\/pl\/produkt\/podkladka-pod-srube-fotograficzna\/#primaryimage\",\"inLanguage\":\"pl-PL\",\"url\":\"https:\/\/www.rebeleast.com\/wp-content\/uploads\/2020\/05\/rebel-east-pads.jpg\",\"contentUrl\":\"https:\/\/www.rebeleast.com\/wp-content\/uploads\/2020\/05\/rebel-east-pads.jpg\",\"width\":1100,\"height\":818},{\"@type\":\"WebPage\",\"@id\":\"https:\/\/www.rebeleast.com\/pl\/produkt\/podkladka-pod-srube-fotograficzna\/#webpage\",\"url\":\"https:\/\/www.rebeleast.com\/pl\/produkt\/podkladka-pod-srube-fotograficzna\/\",\"name\":\"Zapasowe podkladki \/ uszczelki pod srube fotograficzna - Rebel East\",\"isPartOf\":{\"@id\":\"https:\/\/www.rebeleast.com\/#website\"},\"primaryImageOfPage\":{\"@id\":\"https:\/\/www.rebeleast.com\/pl\/produkt\/podkladka-pod-srube-fotograficzna\/#primaryimage\"},\"datePublished\":\"2020-05-22T16:14:38+00:00\",\"dateModified\":\"2025-09-18T06:52:49+00:00\",\"breadcrumb\":{\"@id\":\"https:\/\/www.rebeleast.com\/pl\/produkt\/podkladka-pod-srube-fotograficzna\/#breadcrumb\"},\"inLanguage\":\"pl-PL\",\"potentialAction\":[{\"@type\":\"ReadAction\",\"target\":[\"https:\/\/www.rebeleast.com\/pl\/produkt\/podkladka-pod-srube-fotograficzna\/\"]}]},{\"@type\":\"BreadcrumbList\",\"@id\":\"https:\/\/www.rebeleast.com\/pl\/produkt\/podkladka-pod-srube-fotograficzna\/#breadcrumb\",\"itemListElement\":[{\"@type\":\"ListItem\",\"position\":1,\"item\":{\"@type\":\"WebPage\",\"@id\":\"https:\/\/www.rebeleast.com\/pl\/\",\"url\":\"https:\/\/www.rebeleast.com\/pl\/\",\"name\":\"Strona g\\u0142\\u00f3wna\"}},{\"@type\":\"ListItem\",\"position\":2,\"item\":{\"@type\":\"WebPage\",\"@id\":\"https:\/\/www.rebeleast.com\/pl\/shop\/\",\"url\":\"https:\/\/www.rebeleast.com\/pl\/shop\/\",\"name\":\"Sklep\"}},{\"@type\":\"ListItem\",\"position\":3,\"item\":{\"@id\":\"https:\/\/www.rebeleast.com\/pl\/produkt\/podkladka-pod-srube-fotograficzna\/#webpage\"}}]}]}<\/script>\n<!-- \/ Yoast SEO plugin. -->","_links":{"self":[{"href":"https:\/\/www.rebeleast.com\/pl\/wp-json\/wp\/v2\/product\/54853"}],"collection":[{"href":"https:\/\/www.rebeleast.com\/pl\/wp-json\/wp\/v2\/product"}],"about":[{"href":"https:\/\/www.rebeleast.com\/pl\/wp-json\/wp\/v2\/types\/product"}],"wp:featuredmedia":[{"embeddable":true,"href":"https:\/\/www.rebeleast.com\/pl\/wp-json\/wp\/v2\/media\/55473"}],"wp:attachment":[{"href":"https:\/\/www.rebeleast.com\/pl\/wp-json\/wp\/v2\/media?parent=54853"}],"wp:term":[{"taxonomy":"product_cat","embeddable":true,"href":"https:\/\/www.rebeleast.com\/pl\/wp-json\/wp\/v2\/product_cat?post=54853"},{"taxonomy":"product_tag","embeddable":true,"href":"https:\/\/www.rebeleast.com\/pl\/wp-json\/wp\/v2\/product_tag?post=54853"}],"curies":[{"name":"wp","href":"https:\/\/api.w.org\/{rel}","templated":true}]}}