{"id":54327,"date":"2019-10-18T18:08:58","date_gmt":"2019-10-18T18:08:59","guid":{"rendered":"https:\/\/www.rebeleast.com\/?post_type=product&#038;p=54327"},"modified":"2026-03-31T18:16:54","modified_gmt":"2026-03-31T18:16:54","slug":"rebel-one-grizzly-pro","status":"publish","type":"product","link":"https:\/\/www.rebeleast.com\/pl\/produkt\/rebel-one-grizzly-pro\/","title":{"rendered":"Rebel One Grizzly Pro"},"content":{"rendered":"","protected":false},"excerpt":{"rendered":"<p><strong>BESTSELLER: <\/strong><\/p>\n<p><strong>REBEL ONE GRIZZLY PRO<\/strong> to profesjonalne, sk\u00f3rzane szelki fotograficzne \u201cna dwa body\u201d w kolorze ciemnego br\u0105zu.<\/p>\n<p>Szelki fotograficzne RebelOne maksymalnie u\u0142atwi\u0105 Twoj\u0105 prac\u0119 z dwoma aparatami. Od teraz aparaty b\u0119d\u0105 ci\u0105gle pod Twoj\u0105 r\u0119k\u0105 (dos\u0142ownie). U\u017cywaj ich na przemian w zale\u017cno\u015bci od sytuacji szybciej ni\u017c kiedykolwiek.<br \/>\nNasz system pozwala na szybkie przesuwanie aparat\u00f3w w g\u00f3r\u0119\/w d\u00f3\u0142 na podw\u00f3jnie zabezpieczonych szeklach.<br \/>\nSprawdzone w testach rozwi\u0105zania (najlepszej jako\u015bci sk\u00f3ra naturalna, D-ringi z ocynkowanej stali, obustronnie p\u0142askie nity i szekle) oraz klasyczny design gwarantuj\u0105 z jednej strony wytrzyma\u0142o\u015b\u0107 i praktyczno\u015b\u0107, a z drugiej strony profesjonalny wygl\u0105d naszych szelek fotograficznych.<br \/>\nKa\u017cdy zestaw szelek\u00a0RebelOne jest kompletny i zawiera bezpo\u015brednie mocowania do dw\u00f3ch aparat\u00f3w (dwie ocynkowane \u015bruby fotograficzne 1\/4 cala z uchem i silikonow\u0105 podk\u0142adk\u0105), dwa kr\u00f3tkie paski z szekl\u0105 oraz dwie smyczki zabezpieczaj\u0105ce aparaty. Smyczki bezpiecze\u0144stwa powinny by\u0107 ZAWSZE poprawnie zamocowane w trakcie pracy w szelkach (wpi\u0119te z jednej strony do metalowej ramki w szelkach a z drugiej strony zapi\u0119te w korpusie aparatu). Instrukcje znajdziesz na naszej stronie.<br \/>\nKa\u017cdy zestaw szelek fotograficznych RebelOne\u00a0 jest wykonywany r\u0119cznie z dba\u0142o\u015bci\u0105 o najmniejszy detal.<br \/>\nRozmiar produktu mo\u017cna dopasowa\u0107 do wzrostu i budowy cia\u0142a. Szelki pozwalaj\u0105 na du\u017c\u0105 modyfikacje d\u0142ugo\u015bci pask\u00f3w \u2013 dlatego mo\u017ce by\u0107 z powodzeniem u\u017cywany zar\u00f3wno przez kobiety i m\u0119\u017cczyzn.<br \/>\nPoni\u017cej 165 cm wzrostu polecamy rozmiar Small, a powy\u017cej 180 cm wzrostu proponujemy rozmiar Large. Pod uwag\u0119 nale\u017cy wzi\u0105\u0107 te\u017c obw\u00f3d klatki piersiowej.<\/p>\n<p>Szeroko\u015b\u0107 szelek RebelOne: 39mm.<\/p>\n","protected":false},"featured_media":55589,"template":"","meta":[],"product_cat":[185],"product_tag":[146],"yoast_head":"<!-- This site is optimized with the Yoast SEO plugin v16.3 - https:\/\/yoast.com\/wordpress\/plugins\/seo\/ -->\n<title>Rebel One Grizzly Pro - Rebel East<\/title>\n<meta name=\"robots\" content=\"index, follow, max-snippet:-1, max-image-preview:large, max-video-preview:-1\" \/>\n<link rel=\"canonical\" href=\"https:\/\/www.rebeleast.com\/pl\/produkt\/rebel-one-grizzly-pro\/\" \/>\n<meta property=\"og:locale\" content=\"pl_PL\" \/>\n<meta property=\"og:type\" content=\"article\" \/>\n<meta property=\"og:title\" content=\"Rebel One Grizzly Pro - Rebel East\" \/>\n<meta property=\"og:description\" content=\"BESTSELLER:   REBEL ONE GRIZZLY PRO to profesjonalne, sk\u00f3rzane szelki fotograficzne \u201cna dwa body\u201d w kolorze ciemnego br\u0105zu.  Szelki fotograficzne RebelOne maksymalnie u\u0142atwi\u0105 Twoj\u0105 prac\u0119 z dwoma aparatami. Od teraz aparaty b\u0119d\u0105 ci\u0105gle pod Twoj\u0105 r\u0119k\u0105 (dos\u0142ownie). U\u017cywaj ich na przemian w zale\u017cno\u015bci od sytuacji szybciej ni\u017c kiedykolwiek. Nasz system pozwala na szybkie przesuwanie aparat\u00f3w w g\u00f3r\u0119\/w d\u00f3\u0142 na podw\u00f3jnie zabezpieczonych szeklach. Sprawdzone w testach rozwi\u0105zania (najlepszej jako\u015bci sk\u00f3ra naturalna, D-ringi z ocynkowanej stali, obustronnie p\u0142askie nity i szekle) oraz klasyczny design gwarantuj\u0105 z jednej strony wytrzyma\u0142o\u015b\u0107 i praktyczno\u015b\u0107, a z drugiej strony profesjonalny wygl\u0105d naszych szelek fotograficznych. Ka\u017cdy zestaw szelek\u00a0RebelOne jest kompletny i zawiera bezpo\u015brednie mocowania do dw\u00f3ch aparat\u00f3w (dwie ocynkowane \u015bruby fotograficzne 1\/4 cala z uchem i silikonow\u0105 podk\u0142adk\u0105), dwa kr\u00f3tkie paski z szekl\u0105 oraz dwie smyczki zabezpieczaj\u0105ce aparaty. Smyczki bezpiecze\u0144stwa powinny by\u0107 ZAWSZE poprawnie zamocowane w trakcie pracy w szelkach (wpi\u0119te z jednej strony do metalowej ramki w szelkach a z drugiej strony zapi\u0119te w korpusie aparatu). Instrukcje znajdziesz na naszej stronie. Ka\u017cdy zestaw szelek fotograficznych RebelOne\u00a0 jest wykonywany r\u0119cznie z dba\u0142o\u015bci\u0105 o najmniejszy detal. Rozmiar produktu mo\u017cna dopasowa\u0107 do wzrostu i budowy cia\u0142a. Szelki pozwalaj\u0105 na du\u017c\u0105 modyfikacje d\u0142ugo\u015bci pask\u00f3w \u2013 dlatego mo\u017ce by\u0107 z powodzeniem u\u017cywany zar\u00f3wno przez kobiety i m\u0119\u017cczyzn. Poni\u017cej 165 cm wzrostu polecamy rozmiar Small, a powy\u017cej 180 cm wzrostu proponujemy rozmiar Large. Pod uwag\u0119 nale\u017cy wzi\u0105\u0107 te\u017c obw\u00f3d klatki piersiowej.  Szeroko\u015b\u0107 szelek RebelOne: 39mm.\" \/>\n<meta property=\"og:url\" content=\"https:\/\/www.rebeleast.com\/pl\/produkt\/rebel-one-grizzly-pro\/\" \/>\n<meta property=\"og:site_name\" content=\"Rebel East\" \/>\n<meta property=\"article:modified_time\" content=\"2026-03-31T18:16:54+00:00\" \/>\n<meta property=\"og:image\" content=\"https:\/\/www.rebeleast.com\/wp-content\/uploads\/2019\/10\/rebel-east-rebel-one-grizzly-harness-1.jpg\" \/>\n\t<meta property=\"og:image:width\" content=\"1100\" \/>\n\t<meta property=\"og:image:height\" content=\"818\" \/>\n<meta name=\"twitter:card\" content=\"summary_large_image\" \/>\n<script type=\"application\/ld+json\" class=\"yoast-schema-graph\">{\"@context\":\"https:\/\/schema.org\",\"@graph\":[{\"@type\":\"WebSite\",\"@id\":\"https:\/\/www.rebeleast.com\/#website\",\"url\":\"https:\/\/www.rebeleast.com\/\",\"name\":\"Rebel East\",\"description\":\"Photo gear for professional photographers\",\"potentialAction\":[{\"@type\":\"SearchAction\",\"target\":\"https:\/\/www.rebeleast.com\/?s={search_term_string}\",\"query-input\":\"required name=search_term_string\"}],\"inLanguage\":\"pl-PL\"},{\"@type\":\"ImageObject\",\"@id\":\"https:\/\/www.rebeleast.com\/pl\/produkt\/rebel-one-grizzly-pro\/#primaryimage\",\"inLanguage\":\"pl-PL\",\"url\":\"https:\/\/www.rebeleast.com\/wp-content\/uploads\/2019\/10\/rebel-east-rebel-one-grizzly-harness-1.jpg\",\"contentUrl\":\"https:\/\/www.rebeleast.com\/wp-content\/uploads\/2019\/10\/rebel-east-rebel-one-grizzly-harness-1.jpg\",\"width\":1100,\"height\":818},{\"@type\":\"WebPage\",\"@id\":\"https:\/\/www.rebeleast.com\/pl\/produkt\/rebel-one-grizzly-pro\/#webpage\",\"url\":\"https:\/\/www.rebeleast.com\/pl\/produkt\/rebel-one-grizzly-pro\/\",\"name\":\"Rebel One Grizzly Pro - Rebel East\",\"isPartOf\":{\"@id\":\"https:\/\/www.rebeleast.com\/#website\"},\"primaryImageOfPage\":{\"@id\":\"https:\/\/www.rebeleast.com\/pl\/produkt\/rebel-one-grizzly-pro\/#primaryimage\"},\"datePublished\":\"2019-10-18T18:08:59+00:00\",\"dateModified\":\"2026-03-31T18:16:54+00:00\",\"breadcrumb\":{\"@id\":\"https:\/\/www.rebeleast.com\/pl\/produkt\/rebel-one-grizzly-pro\/#breadcrumb\"},\"inLanguage\":\"pl-PL\",\"potentialAction\":[{\"@type\":\"ReadAction\",\"target\":[\"https:\/\/www.rebeleast.com\/pl\/produkt\/rebel-one-grizzly-pro\/\"]}]},{\"@type\":\"BreadcrumbList\",\"@id\":\"https:\/\/www.rebeleast.com\/pl\/produkt\/rebel-one-grizzly-pro\/#breadcrumb\",\"itemListElement\":[{\"@type\":\"ListItem\",\"position\":1,\"item\":{\"@type\":\"WebPage\",\"@id\":\"https:\/\/www.rebeleast.com\/pl\/\",\"url\":\"https:\/\/www.rebeleast.com\/pl\/\",\"name\":\"Strona g\\u0142\\u00f3wna\"}},{\"@type\":\"ListItem\",\"position\":2,\"item\":{\"@type\":\"WebPage\",\"@id\":\"https:\/\/www.rebeleast.com\/pl\/shop\/\",\"url\":\"https:\/\/www.rebeleast.com\/pl\/shop\/\",\"name\":\"Sklep\"}},{\"@type\":\"ListItem\",\"position\":3,\"item\":{\"@id\":\"https:\/\/www.rebeleast.com\/pl\/produkt\/rebel-one-grizzly-pro\/#webpage\"}}]}]}<\/script>\n<!-- \/ Yoast SEO plugin. -->","_links":{"self":[{"href":"https:\/\/www.rebeleast.com\/pl\/wp-json\/wp\/v2\/product\/54327"}],"collection":[{"href":"https:\/\/www.rebeleast.com\/pl\/wp-json\/wp\/v2\/product"}],"about":[{"href":"https:\/\/www.rebeleast.com\/pl\/wp-json\/wp\/v2\/types\/product"}],"wp:featuredmedia":[{"embeddable":true,"href":"https:\/\/www.rebeleast.com\/pl\/wp-json\/wp\/v2\/media\/55589"}],"wp:attachment":[{"href":"https:\/\/www.rebeleast.com\/pl\/wp-json\/wp\/v2\/media?parent=54327"}],"wp:term":[{"taxonomy":"product_cat","embeddable":true,"href":"https:\/\/www.rebeleast.com\/pl\/wp-json\/wp\/v2\/product_cat?post=54327"},{"taxonomy":"product_tag","embeddable":true,"href":"https:\/\/www.rebeleast.com\/pl\/wp-json\/wp\/v2\/product_tag?post=54327"}],"curies":[{"name":"wp","href":"https:\/\/api.w.org\/{rel}","templated":true}]}}