{"id":54237,"date":"2019-10-08T15:09:55","date_gmt":"2019-10-08T15:09:56","guid":{"rendered":"https:\/\/www.rebeleast.com\/?post_type=product&#038;p=54237"},"modified":"2026-04-12T16:03:25","modified_gmt":"2026-04-12T16:03:25","slug":"rebel-slim-veteran-pro","status":"publish","type":"product","link":"https:\/\/www.rebeleast.com\/pl\/produkt\/rebel-slim-veteran-pro\/","title":{"rendered":"Rebel Slim Veteran Pro"},"content":{"rendered":"","protected":false},"excerpt":{"rendered":"<p><strong>ABSOLUTNY BESTSELLER:<\/strong><\/p>\n<p><strong>REBEL SLIM VETERAN PRO<\/strong>&#8211; to profesjonalne, sk\u00f3rzane szelki fotograficzne w kolorze ciemnego br\u0105zu z delikatn\u0105 faktur\u0105.<br \/>\nSzelki fotograficzne Rebel Slim maksymalnie u\u0142atwi\u0105 Twoj\u0105 prac\u0119 z dwoma aparatami. Od teraz aparaty b\u0119d\u0105 ci\u0105gle pod Twoj\u0105 r\u0119k\u0105 (dos\u0142ownie). U\u017cywaj ich na przemian w zale\u017cno\u015bci od sytuacji szybciej ni\u017c kiedykolwiek.<br \/>\nWersja SLIM jest w\u0119\u017csza od klasycznej serii RebelOne i mo\u017ce okaza\u0107 si\u0119 lepszym wyborem dla kobiet lub je\u015bli pracujesz na mniejszych aparatach takich jak bezlusterkowce.<\/p>\n<p>Nasz system pozwala na szybkie przesuwanie aparat\u00f3w w g\u00f3r\u0119\/w d\u00f3\u0142 na podw\u00f3nie zabezpieczonych szeklach.\u2028 Sprawdzone w testach rozwi\u0105zania (najlepszej jako\u015bci sk\u00f3ra naturalna, D-ringi z ocynkowanej stali, obustronnie p\u0142askie nity i karabinki) oraz klasyczny design gwarantuj\u0105 z jednej strony wytrzyma\u0142o\u015b\u0107 i praktyczno\u015b\u0107, a z drugiej strony profesjonalny i szykowny wygl\u0105d.<\/p>\n<p>Ka\u017cdy zestaw szelek Rebel Slim jest kompletny i zawiera bezpo\u015brednie mocowania do dw\u00f3ch aparat\u00f3w (dwie ocynkowane \u015bruby fotograficzne 1\/4 cala z uchem i silikonow\u0105 podk\u0142adk\u0105), dwa kr\u00f3tkie paski z karabinkiem oraz dwie smyczki bezpiecze\u0144stwa. Smyczki bezpiecze\u0144stwa powinny by\u0107 ZAWSZE poprawinie zamocowane w trakcie pracy w szelkach (wpi\u0119te z jednej strony do metalowej ramki w szelkach a z drugiej strony zapi\u0119te w korpusie aparatu).<\/p>\n<p>Ka\u017cde szelki fotograficzne Rebel Slim s\u0105 wykonane r\u0119cznie w Polsce z dba\u0142o\u015bci\u0105 o najmniejszy detal.\u2028 Rozmiar produktu mo\u017cna dopasowa\u0107 do wzrostu i budowy cia\u0142a. Szelki pozwalaj\u0105 na du\u017c\u0105 modyfikacje d\u0142ugo\u015bci pask\u00f3w \u2013 dlatego mo\u017ce by\u0107 z powodzeniem u\u017cywany zar\u00f3wno przez kobiety i m\u0119\u017cczyzn. Poni\u017cej 170 cm wzrostu polecamy rozmiar Small, a powy\u017cej 170 cm wzrostu proponujemy rozmiar Regular. Pod uwag\u0119 nale\u017cy wzi\u0105\u0107 te\u017c obw\u00f3d klatki piersiowej.<br \/>\nSzeroko\u015b\u0107 szelek z serii Slim: 29mm.<\/p>\n","protected":false},"featured_media":54757,"template":"","meta":[],"product_cat":[185],"product_tag":[142],"yoast_head":"<!-- This site is optimized with the Yoast SEO plugin v16.3 - https:\/\/yoast.com\/wordpress\/plugins\/seo\/ -->\n<title>Rebel Slim Veteran Pro - Rebel East<\/title>\n<meta name=\"robots\" content=\"index, follow, max-snippet:-1, max-image-preview:large, max-video-preview:-1\" \/>\n<link rel=\"canonical\" href=\"https:\/\/www.rebeleast.com\/pl\/produkt\/rebel-slim-veteran-pro\/\" \/>\n<meta property=\"og:locale\" content=\"pl_PL\" \/>\n<meta property=\"og:type\" content=\"article\" \/>\n<meta property=\"og:title\" content=\"Rebel Slim Veteran Pro - Rebel East\" \/>\n<meta property=\"og:description\" content=\"ABSOLUTNY BESTSELLER:  REBEL SLIM VETERAN PRO- to profesjonalne, sk\u00f3rzane szelki fotograficzne w kolorze ciemnego br\u0105zu z delikatn\u0105 faktur\u0105. Szelki fotograficzne Rebel Slim maksymalnie u\u0142atwi\u0105 Twoj\u0105 prac\u0119 z dwoma aparatami. Od teraz aparaty b\u0119d\u0105 ci\u0105gle pod Twoj\u0105 r\u0119k\u0105 (dos\u0142ownie). U\u017cywaj ich na przemian w zale\u017cno\u015bci od sytuacji szybciej ni\u017c kiedykolwiek. Wersja SLIM jest w\u0119\u017csza od klasycznej serii RebelOne i mo\u017ce okaza\u0107 si\u0119 lepszym wyborem dla kobiet lub je\u015bli pracujesz na mniejszych aparatach takich jak bezlusterkowce.  Nasz system pozwala na szybkie przesuwanie aparat\u00f3w w g\u00f3r\u0119\/w d\u00f3\u0142 na podw\u00f3nie zabezpieczonych szeklach.\u2028 Sprawdzone w testach rozwi\u0105zania (najlepszej jako\u015bci sk\u00f3ra naturalna, D-ringi z ocynkowanej stali, obustronnie p\u0142askie nity i karabinki) oraz klasyczny design gwarantuj\u0105 z jednej strony wytrzyma\u0142o\u015b\u0107 i praktyczno\u015b\u0107, a z drugiej strony profesjonalny i szykowny wygl\u0105d.  Ka\u017cdy zestaw szelek Rebel Slim jest kompletny i zawiera bezpo\u015brednie mocowania do dw\u00f3ch aparat\u00f3w (dwie ocynkowane \u015bruby fotograficzne 1\/4 cala z uchem i silikonow\u0105 podk\u0142adk\u0105), dwa kr\u00f3tkie paski z karabinkiem oraz dwie smyczki bezpiecze\u0144stwa. Smyczki bezpiecze\u0144stwa powinny by\u0107 ZAWSZE poprawinie zamocowane w trakcie pracy w szelkach (wpi\u0119te z jednej strony do metalowej ramki w szelkach a z drugiej strony zapi\u0119te w korpusie aparatu).  Ka\u017cde szelki fotograficzne Rebel Slim s\u0105 wykonane r\u0119cznie w Polsce z dba\u0142o\u015bci\u0105 o najmniejszy detal.\u2028 Rozmiar produktu mo\u017cna dopasowa\u0107 do wzrostu i budowy cia\u0142a. Szelki pozwalaj\u0105 na du\u017c\u0105 modyfikacje d\u0142ugo\u015bci pask\u00f3w \u2013 dlatego mo\u017ce by\u0107 z powodzeniem u\u017cywany zar\u00f3wno przez kobiety i m\u0119\u017cczyzn. Poni\u017cej 170 cm wzrostu polecamy rozmiar Small, a powy\u017cej 170 cm wzrostu proponujemy rozmiar Regular. Pod uwag\u0119 nale\u017cy wzi\u0105\u0107 te\u017c obw\u00f3d klatki piersiowej. Szeroko\u015b\u0107 szelek z serii Slim: 29mm.\" \/>\n<meta property=\"og:url\" content=\"https:\/\/www.rebeleast.com\/pl\/produkt\/rebel-slim-veteran-pro\/\" \/>\n<meta property=\"og:site_name\" content=\"Rebel East\" \/>\n<meta property=\"article:modified_time\" content=\"2026-04-12T16:03:25+00:00\" \/>\n<meta property=\"og:image\" content=\"https:\/\/www.rebeleast.com\/wp-content\/uploads\/2019\/10\/rebel-east-dual-camera-harness-slim-veteran-front-back-www-1.jpg\" \/>\n\t<meta property=\"og:image:width\" content=\"1100\" \/>\n\t<meta property=\"og:image:height\" content=\"818\" \/>\n<meta name=\"twitter:card\" content=\"summary_large_image\" \/>\n<script type=\"application\/ld+json\" class=\"yoast-schema-graph\">{\"@context\":\"https:\/\/schema.org\",\"@graph\":[{\"@type\":\"WebSite\",\"@id\":\"https:\/\/www.rebeleast.com\/#website\",\"url\":\"https:\/\/www.rebeleast.com\/\",\"name\":\"Rebel East\",\"description\":\"Photo gear for professional photographers\",\"potentialAction\":[{\"@type\":\"SearchAction\",\"target\":\"https:\/\/www.rebeleast.com\/?s={search_term_string}\",\"query-input\":\"required name=search_term_string\"}],\"inLanguage\":\"pl-PL\"},{\"@type\":\"ImageObject\",\"@id\":\"https:\/\/www.rebeleast.com\/pl\/produkt\/rebel-slim-veteran-pro\/#primaryimage\",\"inLanguage\":\"pl-PL\",\"url\":\"https:\/\/www.rebeleast.com\/wp-content\/uploads\/2019\/10\/rebel-east-dual-camera-harness-slim-veteran-front-back-www-1.jpg\",\"contentUrl\":\"https:\/\/www.rebeleast.com\/wp-content\/uploads\/2019\/10\/rebel-east-dual-camera-harness-slim-veteran-front-back-www-1.jpg\",\"width\":1100,\"height\":818,\"caption\":\"dual-camera-harness-slim-veteran-rebel-east\"},{\"@type\":\"WebPage\",\"@id\":\"https:\/\/www.rebeleast.com\/pl\/produkt\/rebel-slim-veteran-pro\/#webpage\",\"url\":\"https:\/\/www.rebeleast.com\/pl\/produkt\/rebel-slim-veteran-pro\/\",\"name\":\"Rebel Slim Veteran Pro - Rebel East\",\"isPartOf\":{\"@id\":\"https:\/\/www.rebeleast.com\/#website\"},\"primaryImageOfPage\":{\"@id\":\"https:\/\/www.rebeleast.com\/pl\/produkt\/rebel-slim-veteran-pro\/#primaryimage\"},\"datePublished\":\"2019-10-08T15:09:56+00:00\",\"dateModified\":\"2026-04-12T16:03:25+00:00\",\"breadcrumb\":{\"@id\":\"https:\/\/www.rebeleast.com\/pl\/produkt\/rebel-slim-veteran-pro\/#breadcrumb\"},\"inLanguage\":\"pl-PL\",\"potentialAction\":[{\"@type\":\"ReadAction\",\"target\":[\"https:\/\/www.rebeleast.com\/pl\/produkt\/rebel-slim-veteran-pro\/\"]}]},{\"@type\":\"BreadcrumbList\",\"@id\":\"https:\/\/www.rebeleast.com\/pl\/produkt\/rebel-slim-veteran-pro\/#breadcrumb\",\"itemListElement\":[{\"@type\":\"ListItem\",\"position\":1,\"item\":{\"@type\":\"WebPage\",\"@id\":\"https:\/\/www.rebeleast.com\/pl\/\",\"url\":\"https:\/\/www.rebeleast.com\/pl\/\",\"name\":\"Strona g\\u0142\\u00f3wna\"}},{\"@type\":\"ListItem\",\"position\":2,\"item\":{\"@type\":\"WebPage\",\"@id\":\"https:\/\/www.rebeleast.com\/pl\/shop\/\",\"url\":\"https:\/\/www.rebeleast.com\/pl\/shop\/\",\"name\":\"Sklep\"}},{\"@type\":\"ListItem\",\"position\":3,\"item\":{\"@id\":\"https:\/\/www.rebeleast.com\/pl\/produkt\/rebel-slim-veteran-pro\/#webpage\"}}]}]}<\/script>\n<!-- \/ Yoast SEO plugin. -->","_links":{"self":[{"href":"https:\/\/www.rebeleast.com\/pl\/wp-json\/wp\/v2\/product\/54237"}],"collection":[{"href":"https:\/\/www.rebeleast.com\/pl\/wp-json\/wp\/v2\/product"}],"about":[{"href":"https:\/\/www.rebeleast.com\/pl\/wp-json\/wp\/v2\/types\/product"}],"wp:featuredmedia":[{"embeddable":true,"href":"https:\/\/www.rebeleast.com\/pl\/wp-json\/wp\/v2\/media\/54757"}],"wp:attachment":[{"href":"https:\/\/www.rebeleast.com\/pl\/wp-json\/wp\/v2\/media?parent=54237"}],"wp:term":[{"taxonomy":"product_cat","embeddable":true,"href":"https:\/\/www.rebeleast.com\/pl\/wp-json\/wp\/v2\/product_cat?post=54237"},{"taxonomy":"product_tag","embeddable":true,"href":"https:\/\/www.rebeleast.com\/pl\/wp-json\/wp\/v2\/product_tag?post=54237"}],"curies":[{"name":"wp","href":"https:\/\/api.w.org\/{rel}","templated":true}]}}