{"id":54217,"date":"2019-07-25T21:30:20","date_gmt":"2019-07-25T21:30:20","guid":{"rendered":"https:\/\/www.rebeleast.com\/product\/rebel-funky-navy\/"},"modified":"2026-01-27T17:42:56","modified_gmt":"2026-01-27T17:42:56","slug":"rebel-funky-navy","status":"publish","type":"product","link":"https:\/\/www.rebeleast.com\/pl\/produkt\/rebel-funky-navy\/","title":{"rendered":"Rebel Funky Navy"},"content":{"rendered":"","protected":false},"excerpt":{"rendered":"<p><strong>NOWO\u015a\u0106! REBEL FUNKY NAVY<\/strong>\u2013 materia\u0142owy model szelek fotograficznych od Rebel East.<\/p>\n<p>Rebel Funky to produkt, kt\u00f3ry maksymalnie u\u0142atwi Twoj\u0105 prac\u0119 z dwoma aparatami. Od teraz aparaty b\u0119d\u0105 ci\u0105gle pod Twoj\u0105 r\u0119k\u0105 (dos\u0142ownie). U\u017cywaj ich na przemian w zale\u017cno\u015bci od sytuacji szybciej ni\u017c kiedykolwiek.<br \/>\nNasz system pozwala na szybkie przesuwanie aparat\u00f3w w g\u00f3r\u0119\/w d\u00f3\u0142 na podw\u00f3jnie zabezpieczonych paskach z karabinkami\/szeklami.\u2028Sprawdzone rozwi\u0105zania (najlepszej jako\u015bci elastyczny i wodoodporny materia\u0142 polipropylenowy, D-ringi z ocynkowanej stali, obustronnie p\u0142askie nity oraz niezawodne szekle) wraz z klasycznym designem gwarantuj\u0105 wytrzyma\u0142o\u015b\u0107 oraz praktyczno\u015b\u0107.\u2028 Ka\u017cdy zestaw szelek Rebel Funky jest kompletny i zawiera bezpo\u015brednie mocowania do dw\u00f3ch aparat\u00f3w (dwie ocynkowane \u015bruby fotograficzne 1\/4 cala z uchem i silikonow\u0105 podk\u0142adk\u0105) oraz dwie smyczki zabezpieczaj\u0105ce aparaty. Smyczki bezpiecze\u0144stwa powinny by\u0107 ZAWSZE poprawnie zamocowane podczas pracy w szelkach (wpi\u0119te z jednej strony do metalowej ramki w szelkach a z drugiej strony zapi\u0119te w korpusie aparatu).<br \/>\nKa\u017cdy zestaw Rebel Funky jest wykonywany r\u0119cznie z dba\u0142o\u015bci\u0105 o najmniejszy detal.<br \/>\nProdukt wyst\u0119puje w jednym, uniwersalnym rozmiarze, ale mo\u017cna go dopasowa\u0107 do wzrostu i budowy cia\u0142a. Szelki pozwalaj\u0105 na modyfikacje d\u0142ugo\u015bci pask\u00f3w \u2013 dlatego mo\u017ce by\u0107 z powodzeniem u\u017cywany zar\u00f3wno przez kobiety i m\u0119\u017cczyzn.<\/p>\n<p><span style=\"color: #ff0000;\"><strong>WA\u017bNA NOTKA:<\/strong><\/span> je\u015bli posiadasz ju\u017c nasze \u015bruby fotograficzne (jedna para \u015brub fotograficznych z uchem z innych szelek REBEL EAST) mo\u017cesz u\u017cy\u0107 kodu \u201eNOSCREW\u201d i kupi\u0107 nowe szelki REBEL FUNKY (bez \u015brub) Z RABATEM 10%.<\/p>\n<p>Szeroko\u015b\u0107 szelek Rebel Funky: 39mm.<\/p>\n","protected":false},"featured_media":54998,"template":"","meta":[],"product_cat":[183],"product_tag":[146],"yoast_head":"<!-- This site is optimized with the Yoast SEO plugin v16.3 - https:\/\/yoast.com\/wordpress\/plugins\/seo\/ -->\n<title>Rebel Funky Navy - Rebel East<\/title>\n<meta name=\"robots\" content=\"index, follow, max-snippet:-1, max-image-preview:large, max-video-preview:-1\" \/>\n<link rel=\"canonical\" href=\"https:\/\/www.rebeleast.com\/pl\/produkt\/rebel-funky-navy\/\" \/>\n<meta property=\"og:locale\" content=\"pl_PL\" \/>\n<meta property=\"og:type\" content=\"article\" \/>\n<meta property=\"og:title\" content=\"Rebel Funky Navy - Rebel East\" \/>\n<meta property=\"og:description\" content=\"NOWO\u015a\u0106! REBEL FUNKY NAVY\u2013 materia\u0142owy model szelek fotograficznych od Rebel East.  Rebel Funky to produkt, kt\u00f3ry maksymalnie u\u0142atwi Twoj\u0105 prac\u0119 z dwoma aparatami. Od teraz aparaty b\u0119d\u0105 ci\u0105gle pod Twoj\u0105 r\u0119k\u0105 (dos\u0142ownie). U\u017cywaj ich na przemian w zale\u017cno\u015bci od sytuacji szybciej ni\u017c kiedykolwiek. Nasz system pozwala na szybkie przesuwanie aparat\u00f3w w g\u00f3r\u0119\/w d\u00f3\u0142 na podw\u00f3jnie zabezpieczonych paskach z karabinkami\/szeklami.\u2028Sprawdzone rozwi\u0105zania (najlepszej jako\u015bci elastyczny i wodoodporny materia\u0142 polipropylenowy, D-ringi z ocynkowanej stali, obustronnie p\u0142askie nity oraz niezawodne szekle) wraz z klasycznym designem gwarantuj\u0105 wytrzyma\u0142o\u015b\u0107 oraz praktyczno\u015b\u0107.\u2028 Ka\u017cdy zestaw szelek Rebel Funky jest kompletny i zawiera bezpo\u015brednie mocowania do dw\u00f3ch aparat\u00f3w (dwie ocynkowane \u015bruby fotograficzne 1\/4 cala z uchem i silikonow\u0105 podk\u0142adk\u0105) oraz dwie smyczki zabezpieczaj\u0105ce aparaty. Smyczki bezpiecze\u0144stwa powinny by\u0107 ZAWSZE poprawnie zamocowane podczas pracy w szelkach (wpi\u0119te z jednej strony do metalowej ramki w szelkach a z drugiej strony zapi\u0119te w korpusie aparatu). Ka\u017cdy zestaw Rebel Funky jest wykonywany r\u0119cznie z dba\u0142o\u015bci\u0105 o najmniejszy detal. Produkt wyst\u0119puje w jednym, uniwersalnym rozmiarze, ale mo\u017cna go dopasowa\u0107 do wzrostu i budowy cia\u0142a. Szelki pozwalaj\u0105 na modyfikacje d\u0142ugo\u015bci pask\u00f3w \u2013 dlatego mo\u017ce by\u0107 z powodzeniem u\u017cywany zar\u00f3wno przez kobiety i m\u0119\u017cczyzn.  WA\u017bNA NOTKA: je\u015bli posiadasz ju\u017c nasze \u015bruby fotograficzne (jedna para \u015brub fotograficznych z uchem z innych szelek REBEL EAST) mo\u017cesz u\u017cy\u0107 kodu \u201eNOSCREW\u201d i kupi\u0107 nowe szelki REBEL FUNKY (bez \u015brub) Z RABATEM 10%.  Szeroko\u015b\u0107 szelek Rebel Funky: 39mm.\" \/>\n<meta property=\"og:url\" content=\"https:\/\/www.rebeleast.com\/pl\/produkt\/rebel-funky-navy\/\" \/>\n<meta property=\"og:site_name\" content=\"Rebel East\" \/>\n<meta property=\"article:modified_time\" content=\"2026-01-27T17:42:56+00:00\" \/>\n<meta property=\"og:image\" content=\"https:\/\/www.rebeleast.com\/wp-content\/uploads\/2019\/10\/rebel-funky-navy-001.jpg\" \/>\n\t<meta property=\"og:image:width\" content=\"1100\" \/>\n\t<meta property=\"og:image:height\" content=\"818\" \/>\n<meta name=\"twitter:card\" content=\"summary_large_image\" \/>\n<script type=\"application\/ld+json\" class=\"yoast-schema-graph\">{\"@context\":\"https:\/\/schema.org\",\"@graph\":[{\"@type\":\"WebSite\",\"@id\":\"https:\/\/www.rebeleast.com\/#website\",\"url\":\"https:\/\/www.rebeleast.com\/\",\"name\":\"Rebel East\",\"description\":\"Photo gear for professional photographers\",\"potentialAction\":[{\"@type\":\"SearchAction\",\"target\":\"https:\/\/www.rebeleast.com\/?s={search_term_string}\",\"query-input\":\"required name=search_term_string\"}],\"inLanguage\":\"pl-PL\"},{\"@type\":\"ImageObject\",\"@id\":\"https:\/\/www.rebeleast.com\/pl\/produkt\/rebel-funky-navy\/#primaryimage\",\"inLanguage\":\"pl-PL\",\"url\":\"https:\/\/www.rebeleast.com\/wp-content\/uploads\/2019\/10\/rebel-funky-navy-001.jpg\",\"contentUrl\":\"https:\/\/www.rebeleast.com\/wp-content\/uploads\/2019\/10\/rebel-funky-navy-001.jpg\",\"width\":1100,\"height\":818,\"caption\":\"rebel east funky navy- dual vege camera harness\"},{\"@type\":\"WebPage\",\"@id\":\"https:\/\/www.rebeleast.com\/pl\/produkt\/rebel-funky-navy\/#webpage\",\"url\":\"https:\/\/www.rebeleast.com\/pl\/produkt\/rebel-funky-navy\/\",\"name\":\"Rebel Funky Navy - Rebel East\",\"isPartOf\":{\"@id\":\"https:\/\/www.rebeleast.com\/#website\"},\"primaryImageOfPage\":{\"@id\":\"https:\/\/www.rebeleast.com\/pl\/produkt\/rebel-funky-navy\/#primaryimage\"},\"datePublished\":\"2019-07-25T21:30:20+00:00\",\"dateModified\":\"2026-01-27T17:42:56+00:00\",\"breadcrumb\":{\"@id\":\"https:\/\/www.rebeleast.com\/pl\/produkt\/rebel-funky-navy\/#breadcrumb\"},\"inLanguage\":\"pl-PL\",\"potentialAction\":[{\"@type\":\"ReadAction\",\"target\":[\"https:\/\/www.rebeleast.com\/pl\/produkt\/rebel-funky-navy\/\"]}]},{\"@type\":\"BreadcrumbList\",\"@id\":\"https:\/\/www.rebeleast.com\/pl\/produkt\/rebel-funky-navy\/#breadcrumb\",\"itemListElement\":[{\"@type\":\"ListItem\",\"position\":1,\"item\":{\"@type\":\"WebPage\",\"@id\":\"https:\/\/www.rebeleast.com\/pl\/\",\"url\":\"https:\/\/www.rebeleast.com\/pl\/\",\"name\":\"Strona g\\u0142\\u00f3wna\"}},{\"@type\":\"ListItem\",\"position\":2,\"item\":{\"@type\":\"WebPage\",\"@id\":\"https:\/\/www.rebeleast.com\/pl\/shop\/\",\"url\":\"https:\/\/www.rebeleast.com\/pl\/shop\/\",\"name\":\"Sklep\"}},{\"@type\":\"ListItem\",\"position\":3,\"item\":{\"@id\":\"https:\/\/www.rebeleast.com\/pl\/produkt\/rebel-funky-navy\/#webpage\"}}]}]}<\/script>\n<!-- \/ Yoast SEO plugin. -->","_links":{"self":[{"href":"https:\/\/www.rebeleast.com\/pl\/wp-json\/wp\/v2\/product\/54217"}],"collection":[{"href":"https:\/\/www.rebeleast.com\/pl\/wp-json\/wp\/v2\/product"}],"about":[{"href":"https:\/\/www.rebeleast.com\/pl\/wp-json\/wp\/v2\/types\/product"}],"wp:featuredmedia":[{"embeddable":true,"href":"https:\/\/www.rebeleast.com\/pl\/wp-json\/wp\/v2\/media\/54998"}],"wp:attachment":[{"href":"https:\/\/www.rebeleast.com\/pl\/wp-json\/wp\/v2\/media?parent=54217"}],"wp:term":[{"taxonomy":"product_cat","embeddable":true,"href":"https:\/\/www.rebeleast.com\/pl\/wp-json\/wp\/v2\/product_cat?post=54217"},{"taxonomy":"product_tag","embeddable":true,"href":"https:\/\/www.rebeleast.com\/pl\/wp-json\/wp\/v2\/product_tag?post=54217"}],"curies":[{"name":"wp","href":"https:\/\/api.w.org\/{rel}","templated":true}]}}