{"id":54171,"date":"2019-09-19T18:24:51","date_gmt":"2019-09-19T18:24:51","guid":{"rendered":"https:\/\/www.rebeleast.com\/product\/rebel-sling-black\/"},"modified":"2026-01-08T19:18:42","modified_gmt":"2026-01-08T19:18:42","slug":"rebel-sling-black-on-black","status":"publish","type":"product","link":"https:\/\/www.rebeleast.com\/pl\/produkt\/rebel-sling-black-on-black\/","title":{"rendered":"Rebel Sling Black on Black"},"content":{"rendered":"","protected":false},"excerpt":{"rendered":"<p><strong>NOWO\u015a\u0106!<\/strong><\/p>\n<p><strong>REBEL SLING BLACK<\/strong> to produkt, kt\u00f3ry maksymalnie u\u0142atwi Twoj\u0105 prac\u0119 z jednym aparatem. Od teraz aparat b\u0119dzie ci\u0105gle pod Twoj\u0105 r\u0119k\u0105 (dos\u0142ownie). U\u017cywaj go tak cz\u0119sto jak chcesz i szybciej ni\u017c kiedykolwiek.\u2028 Nasz system pozwala na szybkie przesuwanie aparatu w g\u00f3r\u0119\/w d\u00f3\u0142 na podw\u00f3jnie zabezpieczonym pasku z szekl\u0105 (dodatkowo zabezpieczonym smyczk\u0105 bezpiecze\u0144stwa).\u2028 Sprawdzone rozwi\u0105zania (najlepszej jako\u015bci elastyczny i wodoodporny materia\u0142 polipropylenowy, obustronnie p\u0142askie nity oraz niezawodna szekla) wraz z klasycznym designem gwarantuj\u0105 wytrzyma\u0142o\u015b\u0107 i praktyczno\u015b\u0107.\u2028\u2028Ka\u017cdy pasek Rebel Sling jest kompletny i zawiera bezpo\u015brednie mocowanie do aparatu (jedna ocynkowana \u015bruba fotograficzna 1\/4 cala z uchem i silikonow\u0105 podk\u0142adk\u0105) oraz jedna smyczka dodatkowo zabezpieczaj\u0105ca aparat. Smyczka bezpiecze\u0144stwa powinna by\u0107 ZAWSZE poprawnie zamocowana (wpi\u0119ta z jednej strony do metalowego D-ringa a z drugiej strony zapi\u0119te w korpusie aparatu) w trakcie pracy w szelkach. Instrukcj\u0119 mocowania smyczki bezpiecze\u0144stwa znajdziesz na naszej stronie.<\/p>\n<p>Produkt wyst\u0119puje w jednym, uniwersalnym rozmiarze, ale mo\u017cna go dopasowa\u0107 do wzrostu i budowy cia\u0142a. Produkt pozwala na modyfikacje d\u0142ugo\u015bci paska \u2013 dlatego mo\u017ce by\u0107 z powodzeniem u\u017cywany zar\u00f3wno przez kobiety i m\u0119\u017cczyzn.<br \/>\nKa\u017cdy zestaw Rebel Sling wykonywany jest r\u0119cznie z dba\u0142o\u015bci\u0105 o najmniejszy detal.<\/p>\n<p>Wszystkie produkty Rebel East wykonywane s\u0105 w Polsce.<\/p>\n<p>Szeroko\u015b\u0107 paska Rebel Sling: 39mm.<\/p>\n","protected":false},"featured_media":55026,"template":"","meta":[],"product_cat":[181],"product_tag":[146],"yoast_head":"<!-- This site is optimized with the Yoast SEO plugin v16.3 - https:\/\/yoast.com\/wordpress\/plugins\/seo\/ -->\n<title>Rebel Sling Black on Black - Rebel East<\/title>\n<meta name=\"robots\" content=\"index, follow, max-snippet:-1, max-image-preview:large, max-video-preview:-1\" \/>\n<link rel=\"canonical\" href=\"https:\/\/www.rebeleast.com\/pl\/produkt\/rebel-sling-black-on-black\/\" \/>\n<meta property=\"og:locale\" content=\"pl_PL\" \/>\n<meta property=\"og:type\" content=\"article\" \/>\n<meta property=\"og:title\" content=\"Rebel Sling Black on Black - Rebel East\" \/>\n<meta property=\"og:description\" content=\"NOWO\u015a\u0106!  REBEL SLING BLACK to produkt, kt\u00f3ry maksymalnie u\u0142atwi Twoj\u0105 prac\u0119 z jednym aparatem. Od teraz aparat b\u0119dzie ci\u0105gle pod Twoj\u0105 r\u0119k\u0105 (dos\u0142ownie). U\u017cywaj go tak cz\u0119sto jak chcesz i szybciej ni\u017c kiedykolwiek.\u2028 Nasz system pozwala na szybkie przesuwanie aparatu w g\u00f3r\u0119\/w d\u00f3\u0142 na podw\u00f3jnie zabezpieczonym pasku z szekl\u0105 (dodatkowo zabezpieczonym smyczk\u0105 bezpiecze\u0144stwa).\u2028 Sprawdzone rozwi\u0105zania (najlepszej jako\u015bci elastyczny i wodoodporny materia\u0142 polipropylenowy, obustronnie p\u0142askie nity oraz niezawodna szekla) wraz z klasycznym designem gwarantuj\u0105 wytrzyma\u0142o\u015b\u0107 i praktyczno\u015b\u0107.\u2028\u2028Ka\u017cdy pasek Rebel Sling jest kompletny i zawiera bezpo\u015brednie mocowanie do aparatu (jedna ocynkowana \u015bruba fotograficzna 1\/4 cala z uchem i silikonow\u0105 podk\u0142adk\u0105) oraz jedna smyczka dodatkowo zabezpieczaj\u0105ca aparat. Smyczka bezpiecze\u0144stwa powinna by\u0107 ZAWSZE poprawnie zamocowana (wpi\u0119ta z jednej strony do metalowego D-ringa a z drugiej strony zapi\u0119te w korpusie aparatu) w trakcie pracy w szelkach. Instrukcj\u0119 mocowania smyczki bezpiecze\u0144stwa znajdziesz na naszej stronie.  Produkt wyst\u0119puje w jednym, uniwersalnym rozmiarze, ale mo\u017cna go dopasowa\u0107 do wzrostu i budowy cia\u0142a. Produkt pozwala na modyfikacje d\u0142ugo\u015bci paska \u2013 dlatego mo\u017ce by\u0107 z powodzeniem u\u017cywany zar\u00f3wno przez kobiety i m\u0119\u017cczyzn. Ka\u017cdy zestaw Rebel Sling wykonywany jest r\u0119cznie z dba\u0142o\u015bci\u0105 o najmniejszy detal.  Wszystkie produkty Rebel East wykonywane s\u0105 w Polsce.  Szeroko\u015b\u0107 paska Rebel Sling: 39mm.\" \/>\n<meta property=\"og:url\" content=\"https:\/\/www.rebeleast.com\/pl\/produkt\/rebel-sling-black-on-black\/\" \/>\n<meta property=\"og:site_name\" content=\"Rebel East\" \/>\n<meta property=\"article:modified_time\" content=\"2026-01-08T19:18:42+00:00\" \/>\n<meta property=\"og:image\" content=\"https:\/\/www.rebeleast.com\/wp-content\/uploads\/2019\/10\/rebel-sling-black-001.jpg\" \/>\n\t<meta property=\"og:image:width\" content=\"1100\" \/>\n\t<meta property=\"og:image:height\" content=\"818\" \/>\n<meta name=\"twitter:card\" content=\"summary_large_image\" \/>\n<script type=\"application\/ld+json\" class=\"yoast-schema-graph\">{\"@context\":\"https:\/\/schema.org\",\"@graph\":[{\"@type\":\"WebSite\",\"@id\":\"https:\/\/www.rebeleast.com\/#website\",\"url\":\"https:\/\/www.rebeleast.com\/\",\"name\":\"Rebel East\",\"description\":\"Photo gear for professional photographers\",\"potentialAction\":[{\"@type\":\"SearchAction\",\"target\":\"https:\/\/www.rebeleast.com\/?s={search_term_string}\",\"query-input\":\"required name=search_term_string\"}],\"inLanguage\":\"pl-PL\"},{\"@type\":\"ImageObject\",\"@id\":\"https:\/\/www.rebeleast.com\/pl\/produkt\/rebel-sling-black-on-black\/#primaryimage\",\"inLanguage\":\"pl-PL\",\"url\":\"https:\/\/www.rebeleast.com\/wp-content\/uploads\/2019\/10\/rebel-sling-black-001.jpg\",\"contentUrl\":\"https:\/\/www.rebeleast.com\/wp-content\/uploads\/2019\/10\/rebel-sling-black-001.jpg\",\"width\":1100,\"height\":818},{\"@type\":\"WebPage\",\"@id\":\"https:\/\/www.rebeleast.com\/pl\/produkt\/rebel-sling-black-on-black\/#webpage\",\"url\":\"https:\/\/www.rebeleast.com\/pl\/produkt\/rebel-sling-black-on-black\/\",\"name\":\"Rebel Sling Black on Black - Rebel East\",\"isPartOf\":{\"@id\":\"https:\/\/www.rebeleast.com\/#website\"},\"primaryImageOfPage\":{\"@id\":\"https:\/\/www.rebeleast.com\/pl\/produkt\/rebel-sling-black-on-black\/#primaryimage\"},\"datePublished\":\"2019-09-19T18:24:51+00:00\",\"dateModified\":\"2026-01-08T19:18:42+00:00\",\"breadcrumb\":{\"@id\":\"https:\/\/www.rebeleast.com\/pl\/produkt\/rebel-sling-black-on-black\/#breadcrumb\"},\"inLanguage\":\"pl-PL\",\"potentialAction\":[{\"@type\":\"ReadAction\",\"target\":[\"https:\/\/www.rebeleast.com\/pl\/produkt\/rebel-sling-black-on-black\/\"]}]},{\"@type\":\"BreadcrumbList\",\"@id\":\"https:\/\/www.rebeleast.com\/pl\/produkt\/rebel-sling-black-on-black\/#breadcrumb\",\"itemListElement\":[{\"@type\":\"ListItem\",\"position\":1,\"item\":{\"@type\":\"WebPage\",\"@id\":\"https:\/\/www.rebeleast.com\/pl\/\",\"url\":\"https:\/\/www.rebeleast.com\/pl\/\",\"name\":\"Strona g\\u0142\\u00f3wna\"}},{\"@type\":\"ListItem\",\"position\":2,\"item\":{\"@type\":\"WebPage\",\"@id\":\"https:\/\/www.rebeleast.com\/pl\/shop\/\",\"url\":\"https:\/\/www.rebeleast.com\/pl\/shop\/\",\"name\":\"Sklep\"}},{\"@type\":\"ListItem\",\"position\":3,\"item\":{\"@id\":\"https:\/\/www.rebeleast.com\/pl\/produkt\/rebel-sling-black-on-black\/#webpage\"}}]}]}<\/script>\n<!-- \/ Yoast SEO plugin. -->","_links":{"self":[{"href":"https:\/\/www.rebeleast.com\/pl\/wp-json\/wp\/v2\/product\/54171"}],"collection":[{"href":"https:\/\/www.rebeleast.com\/pl\/wp-json\/wp\/v2\/product"}],"about":[{"href":"https:\/\/www.rebeleast.com\/pl\/wp-json\/wp\/v2\/types\/product"}],"wp:featuredmedia":[{"embeddable":true,"href":"https:\/\/www.rebeleast.com\/pl\/wp-json\/wp\/v2\/media\/55026"}],"wp:attachment":[{"href":"https:\/\/www.rebeleast.com\/pl\/wp-json\/wp\/v2\/media?parent=54171"}],"wp:term":[{"taxonomy":"product_cat","embeddable":true,"href":"https:\/\/www.rebeleast.com\/pl\/wp-json\/wp\/v2\/product_cat?post=54171"},{"taxonomy":"product_tag","embeddable":true,"href":"https:\/\/www.rebeleast.com\/pl\/wp-json\/wp\/v2\/product_tag?post=54171"}],"curies":[{"name":"wp","href":"https:\/\/api.w.org\/{rel}","templated":true}]}}