{"id":51404,"date":"2019-02-15T09:49:22","date_gmt":"2019-02-15T09:49:22","guid":{"rendered":"https:\/\/www.rebeleast.com\/product\/re-leather-cream\/"},"modified":"2026-04-14T21:56:11","modified_gmt":"2026-04-14T21:56:11","slug":"re-leather-cream","status":"publish","type":"product","link":"https:\/\/www.rebeleast.com\/pl\/produkt\/re-leather-cream\/","title":{"rendered":"naturalny balsam do skory"},"content":{"rendered":"","protected":false},"excerpt":{"rendered":"<p><strong>NATURALNY BALSAM DO PIEL\u0118GNACJI SK\u00d3RY NATURALNEJ:<\/strong><\/p>\n<p>Bardzo wydajny, 100% naturalny balsam do piel\u0119gnacji produkt\u00f3w ze sk\u00f3ry naturalnej Rebel East.<br \/>\nZawiera tylko natualne oleje, wyci\u0105gi piel\u0119gnacyjne oraz wosk pszczeli.<br \/>\nPojemno\u015b\u0107: 25ml.<br \/>\n<strong>Spos\u00f3b u\u017cycia:<\/strong> na\u0142o\u017cy\u0107 cienk\u0105 warstw\u0119 za pomoc\u0105 g\u0105bki lub mi\u0119kkiej szmatki, nast\u0119pnie rozprowadzi\u0107 i delikatnie polerowa\u0107.<\/p>\n","protected":false},"featured_media":55487,"template":"","meta":[],"product_cat":[177],"product_tag":[158],"yoast_head":"<!-- This site is optimized with the Yoast SEO plugin v16.3 - https:\/\/yoast.com\/wordpress\/plugins\/seo\/ -->\n<title>naturalny balsam do skory - Rebel East<\/title>\n<meta name=\"robots\" content=\"index, follow, max-snippet:-1, max-image-preview:large, max-video-preview:-1\" \/>\n<link rel=\"canonical\" href=\"https:\/\/www.rebeleast.com\/pl\/produkt\/re-leather-cream\/\" \/>\n<meta property=\"og:locale\" content=\"pl_PL\" \/>\n<meta property=\"og:type\" content=\"article\" \/>\n<meta property=\"og:title\" content=\"naturalny balsam do skory - Rebel East\" \/>\n<meta property=\"og:description\" content=\"NATURALNY BALSAM DO PIEL\u0118GNACJI SK\u00d3RY NATURALNEJ:  Bardzo wydajny, 100% naturalny balsam do piel\u0119gnacji produkt\u00f3w ze sk\u00f3ry naturalnej Rebel East. Zawiera tylko natualne oleje, wyci\u0105gi piel\u0119gnacyjne oraz wosk pszczeli. Pojemno\u015b\u0107: 25ml. Spos\u00f3b u\u017cycia: na\u0142o\u017cy\u0107 cienk\u0105 warstw\u0119 za pomoc\u0105 g\u0105bki lub mi\u0119kkiej szmatki, nast\u0119pnie rozprowadzi\u0107 i delikatnie polerowa\u0107.\" \/>\n<meta property=\"og:url\" content=\"https:\/\/www.rebeleast.com\/pl\/produkt\/re-leather-cream\/\" \/>\n<meta property=\"og:site_name\" content=\"Rebel East\" \/>\n<meta property=\"article:modified_time\" content=\"2026-04-14T21:56:11+00:00\" \/>\n<meta property=\"og:image\" content=\"https:\/\/www.rebeleast.com\/wp-content\/uploads\/2019\/02\/rebel-east-natural-leather-balm.jpg\" \/>\n\t<meta property=\"og:image:width\" content=\"1100\" \/>\n\t<meta property=\"og:image:height\" content=\"818\" \/>\n<meta name=\"twitter:card\" content=\"summary_large_image\" \/>\n<script type=\"application\/ld+json\" class=\"yoast-schema-graph\">{\"@context\":\"https:\/\/schema.org\",\"@graph\":[{\"@type\":\"WebSite\",\"@id\":\"https:\/\/www.rebeleast.com\/#website\",\"url\":\"https:\/\/www.rebeleast.com\/\",\"name\":\"Rebel East\",\"description\":\"Photo gear for professional photographers\",\"potentialAction\":[{\"@type\":\"SearchAction\",\"target\":\"https:\/\/www.rebeleast.com\/?s={search_term_string}\",\"query-input\":\"required name=search_term_string\"}],\"inLanguage\":\"pl-PL\"},{\"@type\":\"ImageObject\",\"@id\":\"https:\/\/www.rebeleast.com\/pl\/produkt\/re-leather-cream\/#primaryimage\",\"inLanguage\":\"pl-PL\",\"url\":\"https:\/\/www.rebeleast.com\/wp-content\/uploads\/2019\/02\/rebel-east-natural-leather-balm.jpg\",\"contentUrl\":\"https:\/\/www.rebeleast.com\/wp-content\/uploads\/2019\/02\/rebel-east-natural-leather-balm.jpg\",\"width\":1100,\"height\":818},{\"@type\":\"WebPage\",\"@id\":\"https:\/\/www.rebeleast.com\/pl\/produkt\/re-leather-cream\/#webpage\",\"url\":\"https:\/\/www.rebeleast.com\/pl\/produkt\/re-leather-cream\/\",\"name\":\"naturalny balsam do skory - Rebel East\",\"isPartOf\":{\"@id\":\"https:\/\/www.rebeleast.com\/#website\"},\"primaryImageOfPage\":{\"@id\":\"https:\/\/www.rebeleast.com\/pl\/produkt\/re-leather-cream\/#primaryimage\"},\"datePublished\":\"2019-02-15T09:49:22+00:00\",\"dateModified\":\"2026-04-14T21:56:11+00:00\",\"breadcrumb\":{\"@id\":\"https:\/\/www.rebeleast.com\/pl\/produkt\/re-leather-cream\/#breadcrumb\"},\"inLanguage\":\"pl-PL\",\"potentialAction\":[{\"@type\":\"ReadAction\",\"target\":[\"https:\/\/www.rebeleast.com\/pl\/produkt\/re-leather-cream\/\"]}]},{\"@type\":\"BreadcrumbList\",\"@id\":\"https:\/\/www.rebeleast.com\/pl\/produkt\/re-leather-cream\/#breadcrumb\",\"itemListElement\":[{\"@type\":\"ListItem\",\"position\":1,\"item\":{\"@type\":\"WebPage\",\"@id\":\"https:\/\/www.rebeleast.com\/pl\/\",\"url\":\"https:\/\/www.rebeleast.com\/pl\/\",\"name\":\"Strona g\\u0142\\u00f3wna\"}},{\"@type\":\"ListItem\",\"position\":2,\"item\":{\"@type\":\"WebPage\",\"@id\":\"https:\/\/www.rebeleast.com\/pl\/shop\/\",\"url\":\"https:\/\/www.rebeleast.com\/pl\/shop\/\",\"name\":\"Sklep\"}},{\"@type\":\"ListItem\",\"position\":3,\"item\":{\"@id\":\"https:\/\/www.rebeleast.com\/pl\/produkt\/re-leather-cream\/#webpage\"}}]}]}<\/script>\n<!-- \/ Yoast SEO plugin. -->","_links":{"self":[{"href":"https:\/\/www.rebeleast.com\/pl\/wp-json\/wp\/v2\/product\/51404"}],"collection":[{"href":"https:\/\/www.rebeleast.com\/pl\/wp-json\/wp\/v2\/product"}],"about":[{"href":"https:\/\/www.rebeleast.com\/pl\/wp-json\/wp\/v2\/types\/product"}],"wp:featuredmedia":[{"embeddable":true,"href":"https:\/\/www.rebeleast.com\/pl\/wp-json\/wp\/v2\/media\/55487"}],"wp:attachment":[{"href":"https:\/\/www.rebeleast.com\/pl\/wp-json\/wp\/v2\/media?parent=51404"}],"wp:term":[{"taxonomy":"product_cat","embeddable":true,"href":"https:\/\/www.rebeleast.com\/pl\/wp-json\/wp\/v2\/product_cat?post=51404"},{"taxonomy":"product_tag","embeddable":true,"href":"https:\/\/www.rebeleast.com\/pl\/wp-json\/wp\/v2\/product_tag?post=51404"}],"curies":[{"name":"wp","href":"https:\/\/api.w.org\/{rel}","templated":true}]}}