{"id":51402,"date":"2019-02-15T09:44:30","date_gmt":"2019-02-15T09:44:30","guid":{"rendered":"https:\/\/www.rebeleast.com\/product\/camera-safety-leash-gold\/"},"modified":"2026-04-13T17:46:51","modified_gmt":"2026-04-13T17:46:51","slug":"camera-safety-leash-veteran","status":"publish","type":"product","link":"https:\/\/www.rebeleast.com\/pl\/produkt\/camera-safety-leash-veteran\/","title":{"rendered":"smyczka bezp. Veteran"},"content":{"rendered":"","protected":false},"excerpt":{"rendered":"<div><strong>ZAPASOWA\/DODATKOWA SMYCZKA BEZPIECZE\u0143STWA:<\/strong><\/div>\n<div>Smyczka bezpiecze\u0144stwa wykonana z naturalnej i wytrzyma\u0142ej sk\u00f3ry w kolorze ciemnego br\u0105zu.<\/div>\n<div>Dwie smyczki bezpiecze\u0144stwa znajduj\u0105 si\u0119 w ka\u017cdym zestawie szelek fotograficznych <span class=\"il\">Rebel<\/span>One i Rebel Slim, ale oferujemy opcj\u0119 nabycia zapasowej sztuki.<\/div>\n<div><\/div>\n<div>WA\u017bNE: Korzystaj\u0105c z szelek fotograficznych Rebel East, zawsze u\u017cywaj poprawnie zamocowanych smyczek bezpiecze\u0144stwa.<\/div>\n<div>Podana cena dotyczy jednej sztuki.<\/div>\n","protected":false},"featured_media":56191,"template":"","meta":[],"product_cat":[177],"product_tag":[156],"yoast_head":"<!-- This site is optimized with the Yoast SEO plugin v16.3 - https:\/\/yoast.com\/wordpress\/plugins\/seo\/ -->\n<title>smyczka bezp. Veteran - Rebel East<\/title>\n<meta name=\"robots\" content=\"index, follow, max-snippet:-1, max-image-preview:large, max-video-preview:-1\" \/>\n<link rel=\"canonical\" href=\"https:\/\/www.rebeleast.com\/pl\/produkt\/camera-safety-leash-veteran\/\" \/>\n<meta property=\"og:locale\" content=\"pl_PL\" \/>\n<meta property=\"og:type\" content=\"article\" \/>\n<meta property=\"og:title\" content=\"smyczka bezp. Veteran - Rebel East\" \/>\n<meta property=\"og:description\" content=\"ZAPASOWA\/DODATKOWA SMYCZKA BEZPIECZE\u0143STWA: Smyczka bezpiecze\u0144stwa wykonana z naturalnej i wytrzyma\u0142ej sk\u00f3ry w kolorze ciemnego br\u0105zu. Dwie smyczki bezpiecze\u0144stwa znajduj\u0105 si\u0119 w ka\u017cdym zestawie szelek fotograficznych RebelOne i Rebel Slim, ale oferujemy opcj\u0119 nabycia zapasowej sztuki.  WA\u017bNE: Korzystaj\u0105c z szelek fotograficznych Rebel East, zawsze u\u017cywaj poprawnie zamocowanych smyczek bezpiecze\u0144stwa. Podana cena dotyczy jednej sztuki.\" \/>\n<meta property=\"og:url\" content=\"https:\/\/www.rebeleast.com\/pl\/produkt\/camera-safety-leash-veteran\/\" \/>\n<meta property=\"og:site_name\" content=\"Rebel East\" \/>\n<meta property=\"article:modified_time\" content=\"2026-04-13T17:46:51+00:00\" \/>\n<meta property=\"og:image\" content=\"https:\/\/www.rebeleast.com\/wp-content\/uploads\/2019\/02\/rebel-east-smyczka-bezpieczenstwa-veteran.jpg\" \/>\n\t<meta property=\"og:image:width\" content=\"1100\" \/>\n\t<meta property=\"og:image:height\" content=\"818\" \/>\n<meta name=\"twitter:card\" content=\"summary_large_image\" \/>\n<script type=\"application\/ld+json\" class=\"yoast-schema-graph\">{\"@context\":\"https:\/\/schema.org\",\"@graph\":[{\"@type\":\"WebSite\",\"@id\":\"https:\/\/www.rebeleast.com\/#website\",\"url\":\"https:\/\/www.rebeleast.com\/\",\"name\":\"Rebel East\",\"description\":\"Photo gear for professional photographers\",\"potentialAction\":[{\"@type\":\"SearchAction\",\"target\":\"https:\/\/www.rebeleast.com\/?s={search_term_string}\",\"query-input\":\"required name=search_term_string\"}],\"inLanguage\":\"pl-PL\"},{\"@type\":\"ImageObject\",\"@id\":\"https:\/\/www.rebeleast.com\/pl\/produkt\/camera-safety-leash-veteran\/#primaryimage\",\"inLanguage\":\"pl-PL\",\"url\":\"https:\/\/www.rebeleast.com\/wp-content\/uploads\/2019\/02\/rebel-east-smyczka-bezpieczenstwa-veteran.jpg\",\"contentUrl\":\"https:\/\/www.rebeleast.com\/wp-content\/uploads\/2019\/02\/rebel-east-smyczka-bezpieczenstwa-veteran.jpg\",\"width\":1100,\"height\":818},{\"@type\":\"WebPage\",\"@id\":\"https:\/\/www.rebeleast.com\/pl\/produkt\/camera-safety-leash-veteran\/#webpage\",\"url\":\"https:\/\/www.rebeleast.com\/pl\/produkt\/camera-safety-leash-veteran\/\",\"name\":\"smyczka bezp. Veteran - Rebel East\",\"isPartOf\":{\"@id\":\"https:\/\/www.rebeleast.com\/#website\"},\"primaryImageOfPage\":{\"@id\":\"https:\/\/www.rebeleast.com\/pl\/produkt\/camera-safety-leash-veteran\/#primaryimage\"},\"datePublished\":\"2019-02-15T09:44:30+00:00\",\"dateModified\":\"2026-04-13T17:46:51+00:00\",\"breadcrumb\":{\"@id\":\"https:\/\/www.rebeleast.com\/pl\/produkt\/camera-safety-leash-veteran\/#breadcrumb\"},\"inLanguage\":\"pl-PL\",\"potentialAction\":[{\"@type\":\"ReadAction\",\"target\":[\"https:\/\/www.rebeleast.com\/pl\/produkt\/camera-safety-leash-veteran\/\"]}]},{\"@type\":\"BreadcrumbList\",\"@id\":\"https:\/\/www.rebeleast.com\/pl\/produkt\/camera-safety-leash-veteran\/#breadcrumb\",\"itemListElement\":[{\"@type\":\"ListItem\",\"position\":1,\"item\":{\"@type\":\"WebPage\",\"@id\":\"https:\/\/www.rebeleast.com\/pl\/\",\"url\":\"https:\/\/www.rebeleast.com\/pl\/\",\"name\":\"Strona g\\u0142\\u00f3wna\"}},{\"@type\":\"ListItem\",\"position\":2,\"item\":{\"@type\":\"WebPage\",\"@id\":\"https:\/\/www.rebeleast.com\/pl\/shop\/\",\"url\":\"https:\/\/www.rebeleast.com\/pl\/shop\/\",\"name\":\"Sklep\"}},{\"@type\":\"ListItem\",\"position\":3,\"item\":{\"@id\":\"https:\/\/www.rebeleast.com\/pl\/produkt\/camera-safety-leash-veteran\/#webpage\"}}]}]}<\/script>\n<!-- \/ Yoast SEO plugin. -->","_links":{"self":[{"href":"https:\/\/www.rebeleast.com\/pl\/wp-json\/wp\/v2\/product\/51402"}],"collection":[{"href":"https:\/\/www.rebeleast.com\/pl\/wp-json\/wp\/v2\/product"}],"about":[{"href":"https:\/\/www.rebeleast.com\/pl\/wp-json\/wp\/v2\/types\/product"}],"wp:featuredmedia":[{"embeddable":true,"href":"https:\/\/www.rebeleast.com\/pl\/wp-json\/wp\/v2\/media\/56191"}],"wp:attachment":[{"href":"https:\/\/www.rebeleast.com\/pl\/wp-json\/wp\/v2\/media?parent=51402"}],"wp:term":[{"taxonomy":"product_cat","embeddable":true,"href":"https:\/\/www.rebeleast.com\/pl\/wp-json\/wp\/v2\/product_cat?post=51402"},{"taxonomy":"product_tag","embeddable":true,"href":"https:\/\/www.rebeleast.com\/pl\/wp-json\/wp\/v2\/product_tag?post=51402"}],"curies":[{"name":"wp","href":"https:\/\/api.w.org\/{rel}","templated":true}]}}