{"id":51382,"date":"2019-02-15T10:06:44","date_gmt":"2019-02-15T10:06:44","guid":{"rendered":"https:\/\/www.rebeleast.com\/product\/re-belt-gold-classic\/"},"modified":"2025-08-18T11:07:51","modified_gmt":"2025-08-18T11:07:51","slug":"re-belt-gold-classic","status":"publish","type":"product","link":"https:\/\/www.rebeleast.com\/pl\/produkt\/re-belt-gold-classic\/","title":{"rendered":"Re-Belt Gold (Classic)"},"content":{"rendered":"","protected":false},"excerpt":{"rendered":"<p>*Re-Belt Gold Classic to klasyczny pasek do spodni wykonany z najlepszej jako\u015bci naturalnej sk\u00f3ry. Idealnie komponuje si\u0119 z szelkami reporterskimi\u00a0<span class=\"il\">Rebel<\/span>\u00a0One Gold Classic.<\/p>\n<p>*Re-Belt Gold Classic dost\u0119pny jest w trzech rozmiarach: M, L oraz XL. Podczas sk\u0142adania zam\u00f3wienia wpisz (w notatce) sw\u00f3j rozmiar.<\/p>\n<p>*Szeroko\u015b\u0107 paska to 4cm.<\/p>\n","protected":false},"featured_media":51139,"template":"","meta":[],"product_cat":[187],"product_tag":[150],"yoast_head":"<!-- This site is optimized with the Yoast SEO plugin v16.3 - https:\/\/yoast.com\/wordpress\/plugins\/seo\/ -->\n<title>Re-Belt Gold (Classic) - Rebel East<\/title>\n<meta name=\"robots\" content=\"index, follow, max-snippet:-1, max-image-preview:large, max-video-preview:-1\" \/>\n<link rel=\"canonical\" href=\"https:\/\/www.rebeleast.com\/pl\/produkt\/re-belt-gold-classic\/\" \/>\n<meta property=\"og:locale\" content=\"pl_PL\" \/>\n<meta property=\"og:type\" content=\"article\" \/>\n<meta property=\"og:title\" content=\"Re-Belt Gold (Classic) - Rebel East\" \/>\n<meta property=\"og:description\" content=\"*Re-Belt Gold Classic to klasyczny pasek do spodni wykonany z najlepszej jako\u015bci naturalnej sk\u00f3ry. Idealnie komponuje si\u0119 z szelkami reporterskimi\u00a0Rebel\u00a0One Gold Classic.  *Re-Belt Gold Classic dost\u0119pny jest w trzech rozmiarach: M, L oraz XL. Podczas sk\u0142adania zam\u00f3wienia wpisz (w notatce) sw\u00f3j rozmiar.  *Szeroko\u015b\u0107 paska to 4cm.\" \/>\n<meta property=\"og:url\" content=\"https:\/\/www.rebeleast.com\/pl\/produkt\/re-belt-gold-classic\/\" \/>\n<meta property=\"og:site_name\" content=\"Rebel East\" \/>\n<meta property=\"article:modified_time\" content=\"2025-08-18T11:07:51+00:00\" \/>\n<meta property=\"og:image\" content=\"https:\/\/www.rebeleast.com\/wp-content\/uploads\/2019\/02\/Re_Belt_Gold_classic.jpg\" \/>\n\t<meta property=\"og:image:width\" content=\"1100\" \/>\n\t<meta property=\"og:image:height\" content=\"818\" \/>\n<meta name=\"twitter:card\" content=\"summary_large_image\" \/>\n<script type=\"application\/ld+json\" class=\"yoast-schema-graph\">{\"@context\":\"https:\/\/schema.org\",\"@graph\":[{\"@type\":\"WebSite\",\"@id\":\"https:\/\/www.rebeleast.com\/#website\",\"url\":\"https:\/\/www.rebeleast.com\/\",\"name\":\"Rebel East\",\"description\":\"Photo gear for professional photographers\",\"potentialAction\":[{\"@type\":\"SearchAction\",\"target\":\"https:\/\/www.rebeleast.com\/?s={search_term_string}\",\"query-input\":\"required name=search_term_string\"}],\"inLanguage\":\"pl-PL\"},{\"@type\":\"ImageObject\",\"@id\":\"https:\/\/www.rebeleast.com\/pl\/produkt\/re-belt-gold-classic\/#primaryimage\",\"inLanguage\":\"pl-PL\",\"url\":\"https:\/\/www.rebeleast.com\/wp-content\/uploads\/2019\/02\/Re_Belt_Gold_classic.jpg\",\"contentUrl\":\"https:\/\/www.rebeleast.com\/wp-content\/uploads\/2019\/02\/Re_Belt_Gold_classic.jpg\",\"width\":1100,\"height\":818},{\"@type\":\"WebPage\",\"@id\":\"https:\/\/www.rebeleast.com\/pl\/produkt\/re-belt-gold-classic\/#webpage\",\"url\":\"https:\/\/www.rebeleast.com\/pl\/produkt\/re-belt-gold-classic\/\",\"name\":\"Re-Belt Gold (Classic) - Rebel East\",\"isPartOf\":{\"@id\":\"https:\/\/www.rebeleast.com\/#website\"},\"primaryImageOfPage\":{\"@id\":\"https:\/\/www.rebeleast.com\/pl\/produkt\/re-belt-gold-classic\/#primaryimage\"},\"datePublished\":\"2019-02-15T10:06:44+00:00\",\"dateModified\":\"2025-08-18T11:07:51+00:00\",\"breadcrumb\":{\"@id\":\"https:\/\/www.rebeleast.com\/pl\/produkt\/re-belt-gold-classic\/#breadcrumb\"},\"inLanguage\":\"pl-PL\",\"potentialAction\":[{\"@type\":\"ReadAction\",\"target\":[\"https:\/\/www.rebeleast.com\/pl\/produkt\/re-belt-gold-classic\/\"]}]},{\"@type\":\"BreadcrumbList\",\"@id\":\"https:\/\/www.rebeleast.com\/pl\/produkt\/re-belt-gold-classic\/#breadcrumb\",\"itemListElement\":[{\"@type\":\"ListItem\",\"position\":1,\"item\":{\"@type\":\"WebPage\",\"@id\":\"https:\/\/www.rebeleast.com\/pl\/\",\"url\":\"https:\/\/www.rebeleast.com\/pl\/\",\"name\":\"Strona g\\u0142\\u00f3wna\"}},{\"@type\":\"ListItem\",\"position\":2,\"item\":{\"@type\":\"WebPage\",\"@id\":\"https:\/\/www.rebeleast.com\/pl\/shop\/\",\"url\":\"https:\/\/www.rebeleast.com\/pl\/shop\/\",\"name\":\"Sklep\"}},{\"@type\":\"ListItem\",\"position\":3,\"item\":{\"@id\":\"https:\/\/www.rebeleast.com\/pl\/produkt\/re-belt-gold-classic\/#webpage\"}}]}]}<\/script>\n<!-- \/ Yoast SEO plugin. -->","_links":{"self":[{"href":"https:\/\/www.rebeleast.com\/pl\/wp-json\/wp\/v2\/product\/51382"}],"collection":[{"href":"https:\/\/www.rebeleast.com\/pl\/wp-json\/wp\/v2\/product"}],"about":[{"href":"https:\/\/www.rebeleast.com\/pl\/wp-json\/wp\/v2\/types\/product"}],"wp:featuredmedia":[{"embeddable":true,"href":"https:\/\/www.rebeleast.com\/pl\/wp-json\/wp\/v2\/media\/51139"}],"wp:attachment":[{"href":"https:\/\/www.rebeleast.com\/pl\/wp-json\/wp\/v2\/media?parent=51382"}],"wp:term":[{"taxonomy":"product_cat","embeddable":true,"href":"https:\/\/www.rebeleast.com\/pl\/wp-json\/wp\/v2\/product_cat?post=51382"},{"taxonomy":"product_tag","embeddable":true,"href":"https:\/\/www.rebeleast.com\/pl\/wp-json\/wp\/v2\/product_tag?post=51382"}],"curies":[{"name":"wp","href":"https:\/\/api.w.org\/{rel}","templated":true}]}}