{"id":51351,"date":"2019-02-15T09:56:07","date_gmt":"2019-02-15T09:56:07","guid":{"rendered":"https:\/\/www.rebeleast.com\/product\/rebel-warrior-black\/"},"modified":"2025-08-26T08:09:36","modified_gmt":"2025-08-26T08:09:36","slug":"rebel-warrior-black","status":"publish","type":"product","link":"https:\/\/www.rebeleast.com\/pl\/produkt\/rebel-warrior-black\/","title":{"rendered":"Rebel Warrior Black"},"content":{"rendered":"","protected":false},"excerpt":{"rendered":"<p><strong>REBEL WARRIOR BLACK<\/strong> to klasyczny pasek ze sk\u00f3ry naturalnej w kolorze czarnym przeznaczony do noszenia jednego aparatu na szyi lub na ramieniu.<br \/>\nJego najwi\u0119ksze zalety to jako\u015bciowa sk\u00f3ra naturalna pierwszego gatunku naturalnie barwiona \u201ena wskro\u015b\u201d, minimalistyczny wygl\u0105d oraz brak metalowych nit\u00f3w. Zamiast tego postawili\u015bmy na precyzyjne i mocne, r\u0119czne szycie sk\u00f3ry.<br \/>\nW zestawie s\u0105 dwa metalowe o-ringi do mocowania wi\u0119kszo\u015bci bezlusterkowc\u00f3w czy mniejszych lustrzanek oraz aparat\u00f3w analogowych.<br \/>\nPasek Rebel Warrior najlepiej sprawdzi si\u0119 na wakacjach czy wyjazdach, kt\u00f3re nie wymagaj\u0105 zabierania ca\u0142ej torby ze sprz\u0119tem fotograficznym.<br \/>\nPasek fotograficzny Rebel Warrior jest r\u0119cznie wykonywany w Polsce.<br \/>\nSzeroko\u015b\u0107 paska: 12mm.<\/p>\n<p>D\u0142ugo\u015b\u0107 paska: 110cm.<\/p>\n","protected":false},"featured_media":55509,"template":"","meta":[],"product_cat":[181],"product_tag":[147],"yoast_head":"<!-- This site is optimized with the Yoast SEO plugin v16.3 - https:\/\/yoast.com\/wordpress\/plugins\/seo\/ -->\n<title>Rebel Warrior Black - Rebel East<\/title>\n<meta name=\"robots\" content=\"index, follow, max-snippet:-1, max-image-preview:large, max-video-preview:-1\" \/>\n<link rel=\"canonical\" href=\"https:\/\/www.rebeleast.com\/pl\/produkt\/rebel-warrior-black\/\" \/>\n<meta property=\"og:locale\" content=\"pl_PL\" \/>\n<meta property=\"og:type\" content=\"article\" \/>\n<meta property=\"og:title\" content=\"Rebel Warrior Black - Rebel East\" \/>\n<meta property=\"og:description\" content=\"REBEL WARRIOR BLACK to klasyczny pasek ze sk\u00f3ry naturalnej w kolorze czarnym przeznaczony do noszenia jednego aparatu na szyi lub na ramieniu. Jego najwi\u0119ksze zalety to jako\u015bciowa sk\u00f3ra naturalna pierwszego gatunku naturalnie barwiona \u201ena wskro\u015b\u201d, minimalistyczny wygl\u0105d oraz brak metalowych nit\u00f3w. Zamiast tego postawili\u015bmy na precyzyjne i mocne, r\u0119czne szycie sk\u00f3ry. W zestawie s\u0105 dwa metalowe o-ringi do mocowania wi\u0119kszo\u015bci bezlusterkowc\u00f3w czy mniejszych lustrzanek oraz aparat\u00f3w analogowych. Pasek Rebel Warrior najlepiej sprawdzi si\u0119 na wakacjach czy wyjazdach, kt\u00f3re nie wymagaj\u0105 zabierania ca\u0142ej torby ze sprz\u0119tem fotograficznym. Pasek fotograficzny Rebel Warrior jest r\u0119cznie wykonywany w Polsce. Szeroko\u015b\u0107 paska: 12mm.  D\u0142ugo\u015b\u0107 paska: 110cm.\" \/>\n<meta property=\"og:url\" content=\"https:\/\/www.rebeleast.com\/pl\/produkt\/rebel-warrior-black\/\" \/>\n<meta property=\"og:site_name\" content=\"Rebel East\" \/>\n<meta property=\"article:modified_time\" content=\"2025-08-26T08:09:36+00:00\" \/>\n<meta property=\"og:image\" content=\"https:\/\/www.rebeleast.com\/wp-content\/uploads\/2019\/02\/rebel-east-warrior-black-1.jpg\" \/>\n\t<meta property=\"og:image:width\" content=\"1100\" \/>\n\t<meta property=\"og:image:height\" content=\"818\" \/>\n<meta name=\"twitter:card\" content=\"summary_large_image\" \/>\n<script type=\"application\/ld+json\" class=\"yoast-schema-graph\">{\"@context\":\"https:\/\/schema.org\",\"@graph\":[{\"@type\":\"WebSite\",\"@id\":\"https:\/\/www.rebeleast.com\/#website\",\"url\":\"https:\/\/www.rebeleast.com\/\",\"name\":\"Rebel East\",\"description\":\"Photo gear for professional photographers\",\"potentialAction\":[{\"@type\":\"SearchAction\",\"target\":\"https:\/\/www.rebeleast.com\/?s={search_term_string}\",\"query-input\":\"required name=search_term_string\"}],\"inLanguage\":\"pl-PL\"},{\"@type\":\"ImageObject\",\"@id\":\"https:\/\/www.rebeleast.com\/pl\/produkt\/rebel-warrior-black\/#primaryimage\",\"inLanguage\":\"pl-PL\",\"url\":\"https:\/\/www.rebeleast.com\/wp-content\/uploads\/2019\/02\/rebel-east-warrior-black-1.jpg\",\"contentUrl\":\"https:\/\/www.rebeleast.com\/wp-content\/uploads\/2019\/02\/rebel-east-warrior-black-1.jpg\",\"width\":1100,\"height\":818},{\"@type\":\"WebPage\",\"@id\":\"https:\/\/www.rebeleast.com\/pl\/produkt\/rebel-warrior-black\/#webpage\",\"url\":\"https:\/\/www.rebeleast.com\/pl\/produkt\/rebel-warrior-black\/\",\"name\":\"Rebel Warrior Black - Rebel East\",\"isPartOf\":{\"@id\":\"https:\/\/www.rebeleast.com\/#website\"},\"primaryImageOfPage\":{\"@id\":\"https:\/\/www.rebeleast.com\/pl\/produkt\/rebel-warrior-black\/#primaryimage\"},\"datePublished\":\"2019-02-15T09:56:07+00:00\",\"dateModified\":\"2025-08-26T08:09:36+00:00\",\"breadcrumb\":{\"@id\":\"https:\/\/www.rebeleast.com\/pl\/produkt\/rebel-warrior-black\/#breadcrumb\"},\"inLanguage\":\"pl-PL\",\"potentialAction\":[{\"@type\":\"ReadAction\",\"target\":[\"https:\/\/www.rebeleast.com\/pl\/produkt\/rebel-warrior-black\/\"]}]},{\"@type\":\"BreadcrumbList\",\"@id\":\"https:\/\/www.rebeleast.com\/pl\/produkt\/rebel-warrior-black\/#breadcrumb\",\"itemListElement\":[{\"@type\":\"ListItem\",\"position\":1,\"item\":{\"@type\":\"WebPage\",\"@id\":\"https:\/\/www.rebeleast.com\/pl\/\",\"url\":\"https:\/\/www.rebeleast.com\/pl\/\",\"name\":\"Strona g\\u0142\\u00f3wna\"}},{\"@type\":\"ListItem\",\"position\":2,\"item\":{\"@type\":\"WebPage\",\"@id\":\"https:\/\/www.rebeleast.com\/pl\/shop\/\",\"url\":\"https:\/\/www.rebeleast.com\/pl\/shop\/\",\"name\":\"Sklep\"}},{\"@type\":\"ListItem\",\"position\":3,\"item\":{\"@id\":\"https:\/\/www.rebeleast.com\/pl\/produkt\/rebel-warrior-black\/#webpage\"}}]}]}<\/script>\n<!-- \/ Yoast SEO plugin. -->","_links":{"self":[{"href":"https:\/\/www.rebeleast.com\/pl\/wp-json\/wp\/v2\/product\/51351"}],"collection":[{"href":"https:\/\/www.rebeleast.com\/pl\/wp-json\/wp\/v2\/product"}],"about":[{"href":"https:\/\/www.rebeleast.com\/pl\/wp-json\/wp\/v2\/types\/product"}],"wp:featuredmedia":[{"embeddable":true,"href":"https:\/\/www.rebeleast.com\/pl\/wp-json\/wp\/v2\/media\/55509"}],"wp:attachment":[{"href":"https:\/\/www.rebeleast.com\/pl\/wp-json\/wp\/v2\/media?parent=51351"}],"wp:term":[{"taxonomy":"product_cat","embeddable":true,"href":"https:\/\/www.rebeleast.com\/pl\/wp-json\/wp\/v2\/product_cat?post=51351"},{"taxonomy":"product_tag","embeddable":true,"href":"https:\/\/www.rebeleast.com\/pl\/wp-json\/wp\/v2\/product_tag?post=51351"}],"curies":[{"name":"wp","href":"https:\/\/api.w.org\/{rel}","templated":true}]}}