{"id":57179,"date":"2023-02-15T16:23:49","date_gmt":"2023-02-15T16:23:49","guid":{"rendered":"https:\/\/www.rebeleast.com\/polityka-prywatnosci\/"},"modified":"2023-04-04T16:47:32","modified_gmt":"2023-04-04T16:47:32","slug":"polityka-prywatnosci","status":"publish","type":"page","link":"https:\/\/www.rebeleast.com\/pl\/polityka-prywatnosci\/","title":{"rendered":"Polityka prywatnosci"},"content":{"rendered":"\n<p><strong>POLITYKA PRYWATNO\u015aCI SKLEPU INTERNETOWEGO REBELEAST.COM<\/strong><\/p>\n\n\n\n<hr class=\"wp-block-separator has-css-opacity\"\/>\n\n\n\n<p><strong>POSTANOWIENIA OG\u00d3LNE <\/strong><\/p>\n\n\n\n<p>1. Administratorem danych jest REBEL EAST S.C., ul. Staszica 8C\/2; 05-092 \u0141omianki, NIP: 1182155297, REGON: 368435632. Ochrona danych odbywa si\u0119 zgodnie z wymogami powszechnie obowi\u0105zuj\u0105cych przepis\u00f3w prawa, a ich przechowywanie ma miejsce na zabezpieczonych serwerach.<\/p>\n\n\n\n<ol start=\"2\">\n<li>Interpretacja termin\u00f3w u\u017cytych w niniejszej Polityce Prywatno\u015bci zosta\u0142a opisana w Regulaminie sklepu dost\u0119pnym pod tym adresem.<\/li>\n\n\n\n<li>Dla poprawnego odbioru Polityki Prywatno\u015bci termin \u201eRODO\u201d oznacza Rozporz\u0105dzenie Parlamentu Europejskiego i Rady (UE) 2016\/679 z dnia 27 kwietnia 2016 r. w sprawie ochrony os\u00f3b fizycznych w zwi\u0105zku z przetwarzaniem danych osobowych i w sprawie swobodnego przep\u0142ywu takich danych oraz uchylenia dyrektywy 95\/46\/WE.<\/li>\n\n\n\n<li>Szanujemy prawo do prywatno\u015bci i dbamy o bezpiecze\u0144stwo danych. W tym celu u\u017cywamy mi\u0119dzy innymi bezpiecznego protoko\u0142u szyfrowania komunikacji (SSL).<\/li>\n<\/ol>\n\n\n\n<p>5. Dane osobowe podawane w formularzach na stronie rebeleast.com traktowane s\u0105 jako poufne i nie s\u0105 widoczne dla os\u00f3b nieuprawnionych.<\/p>\n\n\n\n<hr class=\"wp-block-separator has-css-opacity\"\/>\n\n\n\n<p><strong>OCHRONA DANYCH OSOBOWYCH<\/strong><\/p>\n\n\n\n<ol>\n<li>Us\u0142ugodawca jest administratorem danych swoich klient\u00f3w. Je\u017celi posiadasz konto w naszym Sklepie, to przetwarzamy Twoje dane, takie jak: imi\u0119, nazwisko, adres e-mail, numer telefonu, adres itp.<\/li>\n\n\n\n<li>Us\u0142ugodawca jest tak\u017ce administratorem danych osobowych os\u00f3b zapisanych na newsletter (je\u015bli taka opcja jest aktualnie aktywna). O ile klient wyrazi\u0142 zgod\u0119 na zapis do newslettera, podany przez niego adres e-mail b\u0119dzie wykorzystywany w celach marketingowych w\u0142asnych produkt\u00f3w. Zgoda mo\u017ce by\u0107 cofni\u0119ta w ka\u017cdym czasie poprzez klikni\u0119cie adresu wypisuj\u0105cego z listy w dowolnym mailu marketingowym lub po napisaniu na adres e-mail: iodo@darmado.com.<\/li>\n\n\n\n<li>W sprawach zwi\u0105zanych z danymi osobowymi prosimy o kontakt z Inspektorem Ochrony Danych Osobowych pod adresem e-mail: iodo@darmado.com.<\/li>\n\n\n\n<li>Dane osobowe przetwarzane s\u0105: <\/li>\n<\/ol>\n\n\n\n<p>&#8211; zgodnie z przepisami ochrony danych osobowych<\/p>\n\n\n\n<p>&#8211; zgodnie z wdro\u017con\u0105 Polityk\u0105 Prywatno\u015bci<\/p>\n\n\n\n<p>&#8211; w zakresie i celu niezb\u0119dnym do nawi\u0105zania, ukszta\u0142towania tre\u015bci Umowy, zmiany b\u0105d\u017a jej rozwi\u0105zania oraz prawid\u0142owej realizacji Us\u0142ug \u015bwiadczonych drog\u0105 elektroniczn\u0105<\/p>\n\n\n\n<p>&#8211; w zakresie i celu niezb\u0119dnym do wype\u0142nienia uzasadnionych interes\u00f3w (prawnie usprawiedliwionych cel\u00f3w), a przetwarzanie nie narusza praw i wolno\u015bci osoby, kt\u00f3rej dane dotycz\u0105<\/p>\n\n\n\n<p>&#8211; w zakresie i celu zgodnym ze zgod\u0105 wyra\u017con\u0105 przez Klienta je\u015bli ten zapisa\u0142 si\u0119 na newsletter<\/p>\n\n\n\n<ol start=\"5\">\n<li>Administrator przetwarza dane osobowe w celach: <\/li>\n<\/ol>\n\n\n\n<p>a. \u015bwiadczenia us\u0142ugi prowadzenia konta u\u017cytkownika w portalu rebeleast.com. Podstaw\u0105 prawn\u0105 przetwarzania danych jest wykonanie umowy (art. 6 ust. 1 lit. b RODO)<\/p>\n\n\n\n<p>b. sprzeda\u017cy produkt\u00f3w oferowanych przez Sprzedawc\u0119 \u2013 podstaw\u0105 prawn\u0105 przetwarzania danych jest wykonanie umowy (art. 6 ust. 1 lit. b RODO),<\/p>\n\n\n\n<p>c. marketingowych \u2013 podstaw\u0105 prawn\u0105 przetwarzania danych jest prawnie uzasadniony interes Sp\u00f3\u0142ki \u2013 marketing w\u0142asnych produkt\u00f3w (art. 6 ust. 1 lit. f RODO),<\/p>\n\n\n\n<p>d. rozpatrzenia reklamacji, dochodzenia i obrony w razie zaistnienia wzajemnych roszcze\u0144 \u2013 podstaw\u0105 prawn\u0105 przetwarzania danych jest prawnie uzasadniony interes Sp\u00f3\u0142ki (art. 6 ust. 1 lit. f RODO),<\/p>\n\n\n\n<p>e. wysy\u0142ki informacji handlowych drog\u0105 elektroniczn\u0105 \u2013 wy\u0142\u0105cznie w przypadku wyra\u017cenia zgody przez U\u017cytkownika. Podstaw\u0105 prawn\u0105 przetwarzania danych jest zgoda (art. 6 ust. 1 lit. b RODO).<\/p>\n\n\n\n<p>6. Podanie danych osobowych jest dobrowolne, lecz niezb\u0119dne w celu zawarcia umowy ze Sprzedawc\u0105.<\/p>\n\n\n\n<ol start=\"7\">\n<li>Odbiorcami danych osobowych b\u0119d\u0105:<\/li>\n<\/ol>\n\n\n\n<p>a. dostawca internetowej platformy handlowej rebeleast.com &#8211; Rebel East &#8211; \u0141ukasz Szczechowicz, Gabriel Gmurczyk S.C.<\/p>\n\n\n\n<p>b. podmioty dostarczaj\u0105ce i wspieraj\u0105ce systemy teleinformatyczne Sp\u00f3\u0142ki w celu obs\u0142ugi sklepu rebeleast.com, a tak\u017ce podmioty \u015bwiadcz\u0105ce us\u0142ugi zwi\u0105zane z bie\u017c\u0105c\u0105 dzia\u0142alno\u015bci\u0105 Sp\u00f3\u0142ki<\/p>\n\n\n\n<p>c. podmioty \u015bwiadcz\u0105ce us\u0142ugi dostawy produkt\u00f3w<\/p>\n\n\n\n<p>d. Google LLC &#8211; podmiot \u015bwiadcz\u0105cy us\u0142ugi z zakresu analizy i marketingu<\/p>\n\n\n\n<p>e. Meta Platforms Ireland LTD &#8211; podmiot \u015bwiadcz\u0105cy us\u0142ugi z zakresu analizy i marketingu<\/p>\n\n\n\n<p>f. mElements S.A. &#8211; podmiot \u015bwiadcz\u0105cy us\u0142ugi p\u0142atno\u015bci on-line<\/p>\n\n\n\n<p>g. PayPal (Europe) S.\u00e0 r.l. &amp; Cie, S.C.A \u2013 podmiot \u015bwiadcz\u0105cy us\u0142ugi p\u0142atno\u015bci on-line<\/p>\n\n\n\n<p>h. tPay &#8211; Krajowy Integrator P\u0142atno\u015bci S.A. &#8211; podmiot \u015bwiadcz\u0105cy us\u0142ugi p\u0142atno\u015bci on-line<\/p>\n\n\n\n<p>8. Dane osobowe przetwarzane b\u0119d\u0105 przez okres niezb\u0119dny dla wykonania umowy, a po tym okresie dla cel\u00f3w i przez czas oraz w zakresie wymaganym przez przepisy prawa lub dla zabezpieczenia ewentualnych roszcze\u0144, lub do czasu cofni\u0119cia udzielonej zgody.<\/p>\n\n\n\n<ol start=\"9\">\n<li>Klient posiada prawo dost\u0119pu do swoich danych osobowych, ich sprostowania, usuni\u0119cia lub \u017c\u0105dania ograniczenia ich przetwarzania.<\/li>\n\n\n\n<li>Klient ma prawo do wniesienia sprzeciwu wobec dalszego przetwarzania, a w przypadku wyra\u017cenia zgody na przetwarzanie danych do jej wycofania. Skorzystanie z prawa cofni\u0119cia zgody nie ma wp\u0142ywu na przetwarzanie, kt\u00f3re mia\u0142o miejsce do momentu wycofania zgody.<\/li>\n\n\n\n<li>Po rozwi\u0105zaniu umowy lub cofni\u0119ciu przez Klienta zgody na przetwarzanie danych nie b\u0119dziemy przetwarza\u0107 tych danych. Wyj\u0105tek stanowi\u0105: trwaj\u0105ce dochodzenie ewentualnych roszcze\u0144 przed s\u0105dem oraz sytuacje, w kt\u00f3rych przepisy krajowe, unijne lub prawa mi\u0119dzynarodowego obliguj\u0105 nas do retencji danych.<\/li>\n\n\n\n<li>Us\u0142ugodawca ma prawo udost\u0119pnia\u0107 dane osobowe U\u017cytkownika podmiotom upowa\u017cnionym na podstawie w\u0142a\u015bciwych przepis\u00f3w prawa, np. organom \u015bcigania.<\/li>\n\n\n\n<li>Usuni\u0119cie danych osobowych nast\u0119puje na skutek usuni\u0119cia konta u\u017cytkownika, cofni\u0119cia zgody na przetwarzanie danych lub wniesienia prawnie dopuszczalnego sprzeciwu na przetwarzanie danych osobowych. Usun\u0105\u0107 konto u\u017cytkownika oraz cofn\u0105\u0107 zgod\u0119 na przetwarzanie danych osobowych mo\u017cna kontaktuj\u0105c si\u0119 z Inspektorem Ochrony Danych Osobowych pod adresem e-mail: iodo@darmado.com.<\/li>\n\n\n\n<li>Wdro\u017cone szyfrowanie danych oraz wewn\u0119trzne \u015brodki techniczne i organizacyjne ochrony danych minimalizuj\u0105 mo\u017cliwo\u015b\u0107 naruszenia bezpiecze\u0144stwa danych.<\/li>\n\n\n\n<li>Dane osobowe s\u0105 przetwarzane wy\u0142\u0105cznie przez osoby upowa\u017cnione przez Administratora Danych oraz przetwarzaj\u0105cych, z kt\u00f3rymi \u015bci\u015ble wsp\u00f3\u0142pracujemy.<\/li>\n\n\n\n<li>W przypadku w\u0105tpliwo\u015bci zwi\u0105zanych z przetwarzaniem danych osobowych Klient mo\u017ce zwr\u00f3ci\u0107 si\u0119 do Sprzedawcy z pro\u015bb\u0105 o udzielenie informacji. Niezale\u017cnie od powy\u017cszego, ka\u017cdemu przys\u0142uguje prawo wniesienia skargi do organu nadzorczego \u2013 Prezesa Urz\u0119du Ochrony Danych Osobowych.<\/li>\n\n\n\n<li>Administrator informuje tak\u017ce o zautomatyzowanym podejmowaniu decyzji, w tym profilowaniu na podstawie kodu pocztowego, p\u0142ci, klikni\u0119\u0107 w produkty na stronie, w banery i ikony na stronie, w banery umieszczone w mailach, przewijania strony oraz decyzji podejmowanych na stronie w celu dopasowania oferty oraz skierowania odpowiednich newsletter\u00f3w.<\/li>\n<\/ol>\n\n\n\n<hr class=\"wp-block-separator has-css-opacity\"\/>\n\n\n\n<p><strong>INFORMACJE DOTYCZ\u0104CE PLIK\u00d3W COOKIES<\/strong><\/p>\n\n\n\n<p>1. Sklep rebeleast.com u\u017cywa cookies. S\u0105 to niewielkie pliki tekstowe wysy\u0142ane przez serwer www i przechowywane przez oprogramowanie komputera przegl\u0105darki. Gdy przegl\u0105darka ponownie po\u0142\u0105czy si\u0119 ze stron\u0105, witryna rozpoznaje rodzaj urz\u0105dzenia, z kt\u00f3rego \u0142\u0105czy si\u0119 U\u017cytkownik. Parametry pozwalaj\u0105 na odczytanie informacji w nich zawartych wy\u0142\u0105cznie serwerowi, kt\u00f3ry je utworzy\u0142. Cookies u\u0142atwiaj\u0105 korzystanie z wcze\u015bniej odwiedzonych witryn. Gromadzone dane dotycz\u0105 adresu IP, wykorzystywanej przegl\u0105darki, systemu operacyjnego, j\u0119zyka, lokalizacji, dostawcy internetu, informacji o dacie i czasie oraz informacji przesy\u0142anych do witryny za po\u015brednictwem formularza kontaktowego.<\/p>\n\n\n\n<p>2. Zebrane dane s\u0142u\u017c\u0105 Sprzedawcy do sprawdzania i monitorowania, w jaki spos\u00f3b U\u017cytkownik korzysta ze sklepu internetowego, by usprawnia\u0107 funkcjonowanie serwis\u00f3w, zapewniaj\u0105c bezproblemow\u0105 i bardziej efektywn\u0105 nawigacj\u0119. Monitorowanie informacji o u\u017cytkownikach dokonywane jest za pomoc\u0105 narz\u0119dzia Google Analitics, rejestruj\u0105cego zachowanie u\u017cytkownik\u00f3w na stronie sklepu. Cookies identyfikuje u\u017cytkownik\u00f3w, dzi\u0119ki czemu dopasowuje witryn\u0119 do potrzeb klienta. Pliki te zapami\u0119tuj\u0105 preferencje Klienta oraz umo\u017cliwiaj\u0105 dopasowanie wy\u015bwietlanych na jego urz\u0105dzeniach reklam. Stosujemy pliki cookies, by gwarantowa\u0107 najwy\u017cszy standard wygody naszych serwis\u00f3w, a zebrane dane s\u0105 wykorzystywane wy\u0142\u0105cznie wewn\u0105trz firmy REBEL EAST- \u0141ukasz Szczechowicz, Gabriel Gmurczyk S.C. w celu optymalizacji dzia\u0142a\u0144.<\/p>\n\n\n\n<ol start=\"3\">\n<li>Na naszej witrynie wykorzystujemy pliki cookies: <\/li>\n<\/ol>\n\n\n\n<p>a. &#8220;niezb\u0119dne\u201d &#8211; umo\u017cliwiaj\u0105ce korzystanie z us\u0142ug dost\u0119pnych w ramach serwis\u00f3w, np. uwierzytelniaj\u0105ce, wykorzystywane do us\u0142ug wymagaj\u0105cych uwierzytelnienia<\/p>\n\n\n\n<p>b. pliki cookies pozwalaj\u0105ce zachowa\u0107 bezpiecze\u0144stwo, wykorzystywane w celu wykrywania nadu\u017cy\u0107 w zakresie uwierzytelniania<\/p>\n\n\n\n<p>c. \u201ewydajno\u015bciowe\u201d umo\u017cliwiaj\u0105ce zbieranie informacji o sposobie korzystania ze stron sk\u0142adaj\u0105cych si\u0119 na nasze witryny<\/p>\n\n\n\n<p>d. \u201efunkcjonalne\u201d zapami\u0119tuj\u0105ce wybrane przez U\u017cytkownika ustawienia<\/p>\n\n\n\n<p>e. &#8220;reklamowe\u201d umo\u017cliwiaj\u0105ce dostarczanie dostosowanych do zainteresowa\u0144 tre\u015bci reklamowych<\/p>\n\n\n\n<ol start=\"4\">\n<li>U\u017cytkownik w ka\u017cdej chwili mo\u017ce wy\u0142\u0105czy\u0107 lub dostosowa\u0107 opcje gromadzenia cookies zmieniaj\u0105c ustawienia w swojej przegl\u0105darce internetowej. Na poni\u017cszej stronie znajduje si\u0119 instrukcja zarz\u0105dzania plikami cookies: http:\/\/www.allaboutcookies.org\/manage-cookies<\/li>\n\n\n\n<li>Dodatkowe dane osobowe, jak adres e-mail, zbieramy jedynie w miejscach, w kt\u00f3rych U\u017cytkownik wyra\u017anie wyrazi\u0142 zgod\u0119 podczas wype\u0142niania formularza. Dane te wykorzystujemy i zachowujemy tylko do potrzeb niezb\u0119dnych do wykonania podstawowych cel\u00f3w sklepu internetowego.<\/li>\n<\/ol>\n","protected":false},"excerpt":{"rendered":"<p>POLITYKA PRYWATNO\u015aCI SKLEPU INTERNETOWEGO REBELEAST.COM POSTANOWIENIA OG\u00d3LNE 1. Administratorem danych jest REBEL EAST S.C., ul. Staszica 8C\/2; 05-092 \u0141omianki, NIP: 1182155297, REGON: 368435632. Ochrona danych odbywa si\u0119 zgodnie z wymogami powszechnie obowi\u0105zuj\u0105cych przepis\u00f3w prawa, a ich przechowywanie ma miejsce na zabezpieczonych serwerach. 5. Dane osobowe&#8230;<\/p>\n","protected":false},"author":3,"featured_media":51275,"parent":0,"menu_order":0,"comment_status":"closed","ping_status":"closed","template":"","meta":[],"yoast_head":"<!-- This site is optimized with the Yoast SEO plugin v16.3 - https:\/\/yoast.com\/wordpress\/plugins\/seo\/ -->\n<title>Polityka prywatnosci - Rebel East<\/title>\n<meta name=\"robots\" content=\"index, follow, max-snippet:-1, max-image-preview:large, max-video-preview:-1\" \/>\n<link rel=\"canonical\" href=\"https:\/\/www.rebeleast.com\/pl\/polityka-prywatnosci\/\" \/>\n<meta property=\"og:locale\" content=\"pl_PL\" \/>\n<meta property=\"og:type\" content=\"article\" \/>\n<meta property=\"og:title\" content=\"Polityka prywatnosci - Rebel East\" \/>\n<meta property=\"og:description\" content=\"POLITYKA PRYWATNO\u015aCI SKLEPU INTERNETOWEGO REBELEAST.COM POSTANOWIENIA OG\u00d3LNE 1. Administratorem danych jest REBEL EAST S.C., ul. Staszica 8C\/2; 05-092 \u0141omianki, NIP: 1182155297, REGON: 368435632. Ochrona danych odbywa si\u0119 zgodnie z wymogami powszechnie obowi\u0105zuj\u0105cych przepis\u00f3w prawa, a ich przechowywanie ma miejsce na zabezpieczonych serwerach. 5. Dane osobowe...\" \/>\n<meta property=\"og:url\" content=\"https:\/\/www.rebeleast.com\/pl\/polityka-prywatnosci\/\" \/>\n<meta property=\"og:site_name\" content=\"Rebel East\" \/>\n<meta property=\"article:modified_time\" content=\"2023-04-04T16:47:32+00:00\" \/>\n<meta property=\"og:image\" content=\"https:\/\/www.rebeleast.com\/wp-content\/uploads\/2019\/02\/rebeleast-shop-banner.jpg\" \/>\n\t<meta property=\"og:image:width\" content=\"1920\" \/>\n\t<meta property=\"og:image:height\" content=\"400\" \/>\n<meta name=\"twitter:card\" content=\"summary_large_image\" \/>\n<meta name=\"twitter:label1\" content=\"Szacowany czas czytania\">\n\t<meta name=\"twitter:data1\" content=\"6 minut\">\n<script type=\"application\/ld+json\" class=\"yoast-schema-graph\">{\"@context\":\"https:\/\/schema.org\",\"@graph\":[{\"@type\":\"WebSite\",\"@id\":\"https:\/\/www.rebeleast.com\/#website\",\"url\":\"https:\/\/www.rebeleast.com\/\",\"name\":\"Rebel East\",\"description\":\"Photo gear for professional photographers\",\"potentialAction\":[{\"@type\":\"SearchAction\",\"target\":\"https:\/\/www.rebeleast.com\/?s={search_term_string}\",\"query-input\":\"required name=search_term_string\"}],\"inLanguage\":\"pl-PL\"},{\"@type\":\"ImageObject\",\"@id\":\"https:\/\/www.rebeleast.com\/pl\/polityka-prywatnosci\/#primaryimage\",\"inLanguage\":\"pl-PL\",\"url\":\"https:\/\/www.rebeleast.com\/wp-content\/uploads\/2019\/02\/rebeleast-shop-banner.jpg\",\"contentUrl\":\"https:\/\/www.rebeleast.com\/wp-content\/uploads\/2019\/02\/rebeleast-shop-banner.jpg\",\"width\":1920,\"height\":400},{\"@type\":\"WebPage\",\"@id\":\"https:\/\/www.rebeleast.com\/pl\/polityka-prywatnosci\/#webpage\",\"url\":\"https:\/\/www.rebeleast.com\/pl\/polityka-prywatnosci\/\",\"name\":\"Polityka prywatnosci - Rebel East\",\"isPartOf\":{\"@id\":\"https:\/\/www.rebeleast.com\/#website\"},\"primaryImageOfPage\":{\"@id\":\"https:\/\/www.rebeleast.com\/pl\/polityka-prywatnosci\/#primaryimage\"},\"datePublished\":\"2023-02-15T16:23:49+00:00\",\"dateModified\":\"2023-04-04T16:47:32+00:00\",\"breadcrumb\":{\"@id\":\"https:\/\/www.rebeleast.com\/pl\/polityka-prywatnosci\/#breadcrumb\"},\"inLanguage\":\"pl-PL\",\"potentialAction\":[{\"@type\":\"ReadAction\",\"target\":[\"https:\/\/www.rebeleast.com\/pl\/polityka-prywatnosci\/\"]}]},{\"@type\":\"BreadcrumbList\",\"@id\":\"https:\/\/www.rebeleast.com\/pl\/polityka-prywatnosci\/#breadcrumb\",\"itemListElement\":[{\"@type\":\"ListItem\",\"position\":1,\"item\":{\"@type\":\"WebPage\",\"@id\":\"https:\/\/www.rebeleast.com\/pl\/\",\"url\":\"https:\/\/www.rebeleast.com\/pl\/\",\"name\":\"Strona g\\u0142\\u00f3wna\"}},{\"@type\":\"ListItem\",\"position\":2,\"item\":{\"@id\":\"https:\/\/www.rebeleast.com\/pl\/polityka-prywatnosci\/#webpage\"}}]}]}<\/script>\n<!-- \/ Yoast SEO plugin. -->","_links":{"self":[{"href":"https:\/\/www.rebeleast.com\/pl\/wp-json\/wp\/v2\/pages\/57179"}],"collection":[{"href":"https:\/\/www.rebeleast.com\/pl\/wp-json\/wp\/v2\/pages"}],"about":[{"href":"https:\/\/www.rebeleast.com\/pl\/wp-json\/wp\/v2\/types\/page"}],"author":[{"embeddable":true,"href":"https:\/\/www.rebeleast.com\/pl\/wp-json\/wp\/v2\/users\/3"}],"replies":[{"embeddable":true,"href":"https:\/\/www.rebeleast.com\/pl\/wp-json\/wp\/v2\/comments?post=57179"}],"version-history":[{"count":3,"href":"https:\/\/www.rebeleast.com\/pl\/wp-json\/wp\/v2\/pages\/57179\/revisions"}],"predecessor-version":[{"id":57316,"href":"https:\/\/www.rebeleast.com\/pl\/wp-json\/wp\/v2\/pages\/57179\/revisions\/57316"}],"wp:featuredmedia":[{"embeddable":true,"href":"https:\/\/www.rebeleast.com\/pl\/wp-json\/wp\/v2\/media\/51275"}],"wp:attachment":[{"href":"https:\/\/www.rebeleast.com\/pl\/wp-json\/wp\/v2\/media?parent=57179"}],"curies":[{"name":"wp","href":"https:\/\/api.w.org\/{rel}","templated":true}]}}