{"id":51390,"date":"2019-02-18T13:07:58","date_gmt":"2019-02-18T13:07:58","guid":{"rendered":"https:\/\/www.rebeleast.com\/safety-rules\/"},"modified":"2021-03-09T13:03:28","modified_gmt":"2021-03-09T13:03:28","slug":"zasady-bezpieczenstwa","status":"publish","type":"page","link":"https:\/\/www.rebeleast.com\/pl\/zasady-bezpieczenstwa\/","title":{"rendered":"Zasady bezpieczenstwa"},"content":{"rendered":"<p>[vc_row row_type=&#8221;row&#8221; use_row_as_full_screen_section=&#8221;no&#8221; type=&#8221;full_width&#8221; text_align=&#8221;center&#8221; video=&#8221;&#8221; padding_bottom=&#8221;55&#8243; css_animation=&#8221;&#8221; box_shadow_on_row=&#8221;no&#8221; oblique_section=&#8221;no&#8221; oblique_section_top_and_bottom=&#8221;both&#8221; oblique_section_position=&#8221;from_left_to_right&#8221; triangle_shape=&#8221;no&#8221; triangle_shape_position=&#8221;both&#8221;][vc_column][vc_single_image image=&#8221;50882&#8243; img_size=&#8221;full&#8221; alignment=&#8221;center&#8221; eltd_css_animation=&#8221;&#8221;][vc_text_separator title=&#8221;Witaj w Rebel East!&#8221; title_size=&#8221;35&#8243; text_in_box=&#8221;no&#8221; text_position=&#8221;center&#8221; box_padding=&#8221;23&#8243; line_color=&#8221;#222222&#8243; line_width=&#8221;35&#8243; line_thickness=&#8221;1&#8243; line_border_style=&#8221;solid&#8221; up=&#8221;13&#8243; down=&#8221;13&#8243; line_dots=&#8221;no&#8221; title_color=&#8221;#222222&#8243;][vc_column_text]<\/p>\n<p style=\"text-align: center;\">[\/vc_column_text][\/vc_column][\/vc_row][vc_row row_type=&#8221;row&#8221; use_row_as_full_screen_section=&#8221;no&#8221; type=&#8221;full_width&#8221; text_align=&#8221;left&#8221; video=&#8221;&#8221; padding_bottom=&#8221;70&#8243; css_animation=&#8221;&#8221; box_shadow_on_row=&#8221;no&#8221; oblique_section=&#8221;no&#8221; oblique_section_top_and_bottom=&#8221;both&#8221; oblique_section_position=&#8221;from_left_to_right&#8221; triangle_shape=&#8221;no&#8221; triangle_shape_position=&#8221;both&#8221;][vc_column][vc_column_text]<\/p>\n<h3 style=\"text-align: center;\"><strong>Gratulujemy najlepszego wyboru i dzi\u0119kujemy za zakup oryginalnego produktu Rebel East! Oto zasady u\u017cytkowania naszych produkt\u00f3w:<br \/>\n<\/strong><\/h3>\n<p style=\"text-align: center;\">-Aby d\u0142ugo cieszy\u0107 si\u0119 produktem nale\u017cy o niego odpowiednio dba\u0107.<br \/>\n-Nasze produkty wykonane s\u0105 z najwy\u017cszej jako\u015bci materia\u0142\u00f3w oraz naturalnych sk\u00f3r, dlatego nie zawsze zachowuj\u0105 identyczn\u0105 struktur\u0119 i barw\u0119 na ca\u0142ej powierzchni.<br \/>\n-Dobrze zadbana naturalna sk\u00f3ra zapewnia najwy\u017cszy komfort noszenia\/u\u017cytkowania przez lata.<br \/>\n-Przede wszystkim nale\u017cy unika\u0107 zamoczenia produktu poniewa\u017c sk\u00f3ra ma naturaln\u0105 sk\u0142onno\u015b\u0107 do wch\u0142aniania i przepuszczania wody.<br \/>\n-Je\u015bli dojdzie do zamoczenia produktu (w tym element\u00f3w sk\u00f3rzanych) nale\u017cy pozostawi\u0107 produkt w temperaturze pokojowej do jego ca\u0142kowitego wyschni\u0119cia. Do suszenia nigdy nie wolno wykorzystywa\u0107 innych \u017ar\u00f3de\u0142 ciep\u0142a, poniewa\u017c mog\u0105 spowodowa\u0107 p\u0119kanie sk\u00f3ry w wielu miejscach.<br \/>\n-Zamoczony produkt mo\u017ce farbowa\u0107 ubranie.<br \/>\n-W przypadku wszystkich szelek fotograficznych nale\u017cy zawsze u\u017cywa\u0107 prawid\u0142owo zamocowanych (zgodnie z instrukcjami na stronie internetowej <a href=\"https:\/\/www.rebeleast.com\/video\/\">https:\/\/www.rebeleast.com\/video\/ <\/a>) dw\u00f3ch pask\u00f3w zabezpieczaj\u0105cych.<br \/>\n-Przed ka\u017cdym przypi\u0119ciem aparatu sprawdzaj stan dokr\u0119cenia \u015bruby fotograficznej z uchem w aparacie, lub w przypadku innych produkt\u00f3w- odpowiednich element\u00f3w mocuj\u0105cych.<br \/>\n-Zawsze najpierw przypinaj aparat, potem pasek zabezpieczaj\u0105cy.<br \/>\n-Nigdy nie zdejmuj i nie przeno\u015b szelek razem z przypi\u0119tymi aparatami\/aparatem.<br \/>\n-Nie zdejmuj silikonowych gumek z karabi\u0144czyk\u00f3w (nie dotyczy produkt\u00f3w z serii RebelOne Pro).<br \/>\n-Nie u\u017cywaj szelek bez gumek na karabi\u0144czykach (nie dotyczy produkt\u00f3w z serii RebelOne Pro).<br \/>\n-Przemieszczaj\u0105c si\u0119 w ciasnych pomieszczeniach zachowaj szczeg\u00f3ln\u0105 ostro\u017cno\u015b\u0107 przytrzymuj\u0105c r\u0119koma aparaty w bezpieczny spos\u00f3b.<\/p>\n<div class=\"wpb_text_column wpb_content_element color-white \">\n<div class=\"wpb_wrapper\">\n<p style=\"text-align: center;\">Producent nie ponosi odpowiedzialno\u015bci za szkody spowodowane przez niew\u0142a\u015bciwe u\u017cytkowanie. Kupuj\u0105c i u\u017cytkuj\u0105c nasz produkt zgadzasz si\u0119 na wszystkie powy\u017csze warunki.<\/p>\n<p>&nbsp;<\/p>\n<p style=\"text-align: center;\"><strong>Warunki reklamacji:<\/strong><br \/>\n-Produkty Rebel East s\u0105 obj\u0119te 12-miesi\u0119czn\u0105 gwarancj\u0105 liczon\u0105 od daty zakupu.<br \/>\n-Produkty Rebel East nale\u017cy u\u017cytkowa\u0107 zgodnie z ich przeznaczeniem.<br \/>\n-Reklamacji podlegaj\u0105 tylko i wy\u0142\u0105cznie wady ukryte wynikaj\u0105ce z przyczyn konstrukcyjnych lub materia\u0142owych.<br \/>\n-Reklamacji podlega towar suchy i czysty.<br \/>\n-Reklamacja mo\u017ce by\u0107 uwzgl\u0119dniona tylko po okazaniu oryginalnego dowodu zakupu (mo\u017ce by\u0107 w formie elektronicznej).<br \/>\n-Reklamacji nie podlegaj\u0105 uszkodzenia wynikaj\u0105ce z naturalnego zu\u017cycia materia\u0142u lub z u\u017cytkowania produktu niezgodnego z jego przeznaczeniem.<br \/>\n-Reklamacji nie podlegaj\u0105 wady widoczne w momencie zakupu, wady mechaniczne takie jak rozerwania, przeci\u0119cia i przetarcie materia\u0142u, zacieki, plamy i innego rodzaju zabrudzenia, a tak\u017ce wady powsta\u0142e w wyniku nieprawid\u0142owej konserwacji.<br \/>\n-Reklamacji nie podlegaj\u0105 wycieranie si\u0119 warstw sk\u00f3ry, farbowanie sk\u00f3r barwionych i barwienie odzie\u017cy pod wp\u0142ywem wilgoci oraz mechaniczne uszkodzenia element\u00f3w ozdobnych i metalowych.<br \/>\n-Reklamacji nie podlega towar, kt\u00f3ry by\u0142 u\u017cywany z innymi komponentami (np. \u015bruby fotograficzne) ni\u017c te wyprodukowane przez firm\u0119 Rebel East.<\/p>\n<p style=\"text-align: center;\">Reklamacje rozpatrywane s\u0105 zgodnie z Ustaw\u0105 o Sprzeda\u017cy Konsumenckiej oraz Kodeksem Cywilnym.<br \/>\nReklamacja mo\u017ce by\u0107 zg\u0142oszona drog\u0105 elektroniczn\u0105 pod adres email: shop@rebeleast.com<\/p>\n<\/div>\n<\/div>\n<p>[\/vc_column_text][\/vc_column][\/vc_row]<\/p>\n","protected":false},"excerpt":{"rendered":"<p>[vc_row row_type=&#8221;row&#8221; use_row_as_full_screen_section=&#8221;no&#8221; type=&#8221;full_width&#8221; text_align=&#8221;center&#8221; video=&#8221;&#8221; padding_bottom=&#8221;55&#8243; css_animation=&#8221;&#8221; box_shadow_on_row=&#8221;no&#8221; oblique_section=&#8221;no&#8221; oblique_section_top_and_bottom=&#8221;both&#8221; oblique_section_position=&#8221;from_left_to_right&#8221; triangle_shape=&#8221;no&#8221; triangle_shape_position=&#8221;both&#8221;][vc_column][vc_single_image image=&#8221;50882&#8243; img_size=&#8221;full&#8221; alignment=&#8221;center&#8221; eltd_css_animation=&#8221;&#8221;][vc_text_separator title=&#8221;Witaj w Rebel East!&#8221; title_size=&#8221;35&#8243; text_in_box=&#8221;no&#8221; text_position=&#8221;center&#8221; box_padding=&#8221;23&#8243; line_color=&#8221;#222222&#8243; line_width=&#8221;35&#8243; line_thickness=&#8221;1&#8243; line_border_style=&#8221;solid&#8221; up=&#8221;13&#8243; down=&#8221;13&#8243; line_dots=&#8221;no&#8221; title_color=&#8221;#222222&#8243;][vc_column_text] [\/vc_column_text][\/vc_column][\/vc_row][vc_row row_type=&#8221;row&#8221; use_row_as_full_screen_section=&#8221;no&#8221; type=&#8221;full_width&#8221; text_align=&#8221;left&#8221; video=&#8221;&#8221; padding_bottom=&#8221;70&#8243; css_animation=&#8221;&#8221; box_shadow_on_row=&#8221;no&#8221; oblique_section=&#8221;no&#8221; oblique_section_top_and_bottom=&#8221;both&#8221;&#8230;<\/p>\n","protected":false},"author":5,"featured_media":0,"parent":0,"menu_order":0,"comment_status":"open","ping_status":"closed","template":"","meta":[],"yoast_head":"<!-- This site is optimized with the Yoast SEO plugin v16.3 - https:\/\/yoast.com\/wordpress\/plugins\/seo\/ -->\n<title>Zasady bezpieczenstwa - Rebel East<\/title>\n<meta name=\"robots\" content=\"noindex, follow\" \/>\n<meta property=\"og:locale\" content=\"pl_PL\" \/>\n<meta property=\"og:type\" content=\"article\" \/>\n<meta property=\"og:title\" content=\"Zasady bezpieczenstwa - Rebel East\" \/>\n<meta property=\"og:description\" content=\"[vc_row row_type=&#8221;row&#8221; use_row_as_full_screen_section=&#8221;no&#8221; type=&#8221;full_width&#8221; text_align=&#8221;center&#8221; video=&#8221;&#8221; padding_bottom=&#8221;55&#8243; css_animation=&#8221;&#8221; box_shadow_on_row=&#8221;no&#8221; oblique_section=&#8221;no&#8221; oblique_section_top_and_bottom=&#8221;both&#8221; oblique_section_position=&#8221;from_left_to_right&#8221; triangle_shape=&#8221;no&#8221; triangle_shape_position=&#8221;both&#8221;][vc_column][vc_single_image image=&#8221;50882&#8243; img_size=&#8221;full&#8221; alignment=&#8221;center&#8221; eltd_css_animation=&#8221;&#8221;][vc_text_separator title=&#8221;Witaj w Rebel East!&#8221; title_size=&#8221;35&#8243; text_in_box=&#8221;no&#8221; text_position=&#8221;center&#8221; box_padding=&#8221;23&#8243; line_color=&#8221;#222222&#8243; line_width=&#8221;35&#8243; line_thickness=&#8221;1&#8243; line_border_style=&#8221;solid&#8221; up=&#8221;13&#8243; down=&#8221;13&#8243; line_dots=&#8221;no&#8221; title_color=&#8221;#222222&#8243;][vc_column_text] [\/vc_column_text][\/vc_column][\/vc_row][vc_row row_type=&#8221;row&#8221; use_row_as_full_screen_section=&#8221;no&#8221; type=&#8221;full_width&#8221; text_align=&#8221;left&#8221; video=&#8221;&#8221; padding_bottom=&#8221;70&#8243; css_animation=&#8221;&#8221; box_shadow_on_row=&#8221;no&#8221; oblique_section=&#8221;no&#8221; oblique_section_top_and_bottom=&#8221;both&#8221;...\" \/>\n<meta property=\"og:url\" content=\"https:\/\/www.rebeleast.com\/pl\/zasady-bezpieczenstwa\/\" \/>\n<meta property=\"og:site_name\" content=\"Rebel East\" \/>\n<meta property=\"article:modified_time\" content=\"2021-03-09T13:03:28+00:00\" \/>\n<meta name=\"twitter:card\" content=\"summary_large_image\" \/>\n<meta name=\"twitter:label1\" content=\"Szacowany czas czytania\">\n\t<meta name=\"twitter:data1\" content=\"3 minuty\">\n<script type=\"application\/ld+json\" class=\"yoast-schema-graph\">{\"@context\":\"https:\/\/schema.org\",\"@graph\":[{\"@type\":\"WebSite\",\"@id\":\"https:\/\/www.rebeleast.com\/#website\",\"url\":\"https:\/\/www.rebeleast.com\/\",\"name\":\"Rebel East\",\"description\":\"Photo gear for professional photographers\",\"potentialAction\":[{\"@type\":\"SearchAction\",\"target\":\"https:\/\/www.rebeleast.com\/?s={search_term_string}\",\"query-input\":\"required name=search_term_string\"}],\"inLanguage\":\"pl-PL\"},{\"@type\":\"WebPage\",\"@id\":\"https:\/\/www.rebeleast.com\/pl\/zasady-bezpieczenstwa\/#webpage\",\"url\":\"https:\/\/www.rebeleast.com\/pl\/zasady-bezpieczenstwa\/\",\"name\":\"Zasady bezpieczenstwa - Rebel East\",\"isPartOf\":{\"@id\":\"https:\/\/www.rebeleast.com\/#website\"},\"datePublished\":\"2019-02-18T13:07:58+00:00\",\"dateModified\":\"2021-03-09T13:03:28+00:00\",\"breadcrumb\":{\"@id\":\"https:\/\/www.rebeleast.com\/pl\/zasady-bezpieczenstwa\/#breadcrumb\"},\"inLanguage\":\"pl-PL\",\"potentialAction\":[{\"@type\":\"ReadAction\",\"target\":[\"https:\/\/www.rebeleast.com\/pl\/zasady-bezpieczenstwa\/\"]}]},{\"@type\":\"BreadcrumbList\",\"@id\":\"https:\/\/www.rebeleast.com\/pl\/zasady-bezpieczenstwa\/#breadcrumb\",\"itemListElement\":[{\"@type\":\"ListItem\",\"position\":1,\"item\":{\"@type\":\"WebPage\",\"@id\":\"https:\/\/www.rebeleast.com\/pl\/\",\"url\":\"https:\/\/www.rebeleast.com\/pl\/\",\"name\":\"Strona g\\u0142\\u00f3wna\"}},{\"@type\":\"ListItem\",\"position\":2,\"item\":{\"@id\":\"https:\/\/www.rebeleast.com\/pl\/zasady-bezpieczenstwa\/#webpage\"}}]}]}<\/script>\n<!-- \/ Yoast SEO plugin. -->","_links":{"self":[{"href":"https:\/\/www.rebeleast.com\/pl\/wp-json\/wp\/v2\/pages\/51390"}],"collection":[{"href":"https:\/\/www.rebeleast.com\/pl\/wp-json\/wp\/v2\/pages"}],"about":[{"href":"https:\/\/www.rebeleast.com\/pl\/wp-json\/wp\/v2\/types\/page"}],"author":[{"embeddable":true,"href":"https:\/\/www.rebeleast.com\/pl\/wp-json\/wp\/v2\/users\/5"}],"replies":[{"embeddable":true,"href":"https:\/\/www.rebeleast.com\/pl\/wp-json\/wp\/v2\/comments?post=51390"}],"version-history":[{"count":19,"href":"https:\/\/www.rebeleast.com\/pl\/wp-json\/wp\/v2\/pages\/51390\/revisions"}],"predecessor-version":[{"id":54146,"href":"https:\/\/www.rebeleast.com\/pl\/wp-json\/wp\/v2\/pages\/51390\/revisions\/54146"}],"wp:attachment":[{"href":"https:\/\/www.rebeleast.com\/pl\/wp-json\/wp\/v2\/media?parent=51390"}],"curies":[{"name":"wp","href":"https:\/\/api.w.org\/{rel}","templated":true}]}}