{"id":51308,"date":"2019-02-15T09:04:55","date_gmt":"2019-02-15T09:04:55","guid":{"rendered":"https:\/\/www.rebeleast.com\/video\/"},"modified":"2023-03-24T13:45:39","modified_gmt":"2023-03-24T13:45:39","slug":"blog","status":"publish","type":"page","link":"https:\/\/www.rebeleast.com\/pl\/blog\/","title":{"rendered":"BLOG"},"content":{"rendered":"<p>[vc_row row_type=&#8221;row&#8221; use_row_as_full_screen_section=&#8221;no&#8221; type=&#8221;full_width&#8221; text_align=&#8221;left&#8221; video=&#8221;&#8221; padding_bottom=&#8221;70&#8243; css_animation=&#8221;&#8221; box_shadow_on_row=&#8221;no&#8221; oblique_section=&#8221;no&#8221; oblique_section_top_and_bottom=&#8221;both&#8221; oblique_section_position=&#8221;from_left_to_right&#8221; triangle_shape=&#8221;no&#8221; triangle_shape_position=&#8221;both&#8221;][vc_column][no_elements_holder number_of_columns=&#8221;two_columns&#8221; switch_to_one_column=&#8221;1000&#8243;][no_elements_holder_item item_padding=&#8221;0px 20px 0px 0px&#8221; aligment=&#8221;left&#8221; vertical_alignment=&#8221;top&#8221; advanced_animations=&#8221;no&#8221;][vc_column_text]<\/p>\n<h2 style=\"text-align: center;\">REBEL EAST PROMO 2016<\/h2>\n<p><iframe loading=\"lazy\" title=\"Rebel East Promo 2016\" src=\"https:\/\/player.vimeo.com\/video\/169681613?theme=none&amp;wmode=opaque\" width=\"530\" height=\"298\" frameborder=\"0\" allowfullscreen=\"allowfullscreen\"><\/iframe>[\/vc_column_text][\/no_elements_holder_item][no_elements_holder_item aligment=&#8221;left&#8221; vertical_alignment=&#8221;top&#8221; advanced_animations=&#8221;no&#8221;][vc_column_text]<\/p>\n<h2 style=\"text-align: center;\">Rebel East Safety Leash<\/h2>\n<h1 style=\"text-align: center;\"><iframe loading=\"lazy\" title=\"Rebel East Safety Leash Manual.\" src=\"https:\/\/player.vimeo.com\/video\/175374186?theme=none&amp;wmode=opaque\" width=\"530\" height=\"298\" frameborder=\"0\" allowfullscreen=\"allowfullscreen\"><\/iframe><\/h1>\n<p>[\/vc_column_text][\/no_elements_holder_item][\/no_elements_holder][\/vc_column][\/vc_row]<\/p>\n","protected":false},"excerpt":{"rendered":"<p>[vc_row row_type=&#8221;row&#8221; use_row_as_full_screen_section=&#8221;no&#8221; type=&#8221;full_width&#8221; text_align=&#8221;left&#8221; video=&#8221;&#8221; padding_bottom=&#8221;70&#8243; css_animation=&#8221;&#8221; box_shadow_on_row=&#8221;no&#8221; oblique_section=&#8221;no&#8221; oblique_section_top_and_bottom=&#8221;both&#8221; oblique_section_position=&#8221;from_left_to_right&#8221; triangle_shape=&#8221;no&#8221; triangle_shape_position=&#8221;both&#8221;][vc_column][no_elements_holder number_of_columns=&#8221;two_columns&#8221; switch_to_one_column=&#8221;1000&#8243;][no_elements_holder_item item_padding=&#8221;0px 20px 0px 0px&#8221; aligment=&#8221;left&#8221; vertical_alignment=&#8221;top&#8221; advanced_animations=&#8221;no&#8221;][vc_column_text] REBEL EAST PROMO 2016 [\/vc_column_text][\/no_elements_holder_item][no_elements_holder_item aligment=&#8221;left&#8221; vertical_alignment=&#8221;top&#8221; advanced_animations=&#8221;no&#8221;][vc_column_text] Rebel East Safety Leash [\/vc_column_text][\/no_elements_holder_item][\/no_elements_holder][\/vc_column][\/vc_row]<\/p>\n","protected":false},"author":5,"featured_media":0,"parent":0,"menu_order":0,"comment_status":"open","ping_status":"closed","template":"","meta":[],"yoast_head":"<!-- This site is optimized with the Yoast SEO plugin v16.3 - https:\/\/yoast.com\/wordpress\/plugins\/seo\/ -->\n<title>BLOG - filmy promocyjne marki Rebel East<\/title>\n<meta name=\"description\" content=\"Zobacz filmy promuj\u0105ce wydarzenia z \u017cycia marki Rebel East. Aktualno\u015bci, wideoklipy, promocje, filmy instrukta\u017cowe.\" \/>\n<meta name=\"robots\" content=\"index, follow, max-snippet:-1, max-image-preview:large, max-video-preview:-1\" \/>\n<link rel=\"canonical\" href=\"https:\/\/www.rebeleast.com\/pl\/blog\/\" \/>\n<meta property=\"og:locale\" content=\"pl_PL\" \/>\n<meta property=\"og:type\" content=\"article\" \/>\n<meta property=\"og:title\" content=\"BLOG - filmy promocyjne marki Rebel East\" \/>\n<meta property=\"og:description\" content=\"Zobacz filmy promuj\u0105ce wydarzenia z \u017cycia marki Rebel East. Aktualno\u015bci, wideoklipy, promocje, filmy instrukta\u017cowe.\" \/>\n<meta property=\"og:url\" content=\"https:\/\/www.rebeleast.com\/pl\/blog\/\" \/>\n<meta property=\"og:site_name\" content=\"Rebel East\" \/>\n<meta property=\"article:modified_time\" content=\"2023-03-24T13:45:39+00:00\" \/>\n<meta name=\"twitter:card\" content=\"summary_large_image\" \/>\n<meta name=\"twitter:label1\" content=\"Szacowany czas czytania\">\n\t<meta name=\"twitter:data1\" content=\"1 minuta\">\n<script type=\"application\/ld+json\" class=\"yoast-schema-graph\">{\"@context\":\"https:\/\/schema.org\",\"@graph\":[{\"@type\":\"WebSite\",\"@id\":\"https:\/\/www.rebeleast.com\/#website\",\"url\":\"https:\/\/www.rebeleast.com\/\",\"name\":\"Rebel East\",\"description\":\"Photo gear for professional photographers\",\"potentialAction\":[{\"@type\":\"SearchAction\",\"target\":\"https:\/\/www.rebeleast.com\/?s={search_term_string}\",\"query-input\":\"required name=search_term_string\"}],\"inLanguage\":\"pl-PL\"},{\"@type\":\"WebPage\",\"@id\":\"https:\/\/www.rebeleast.com\/pl\/blog\/#webpage\",\"url\":\"https:\/\/www.rebeleast.com\/pl\/blog\/\",\"name\":\"BLOG - filmy promocyjne marki Rebel East\",\"isPartOf\":{\"@id\":\"https:\/\/www.rebeleast.com\/#website\"},\"datePublished\":\"2019-02-15T09:04:55+00:00\",\"dateModified\":\"2023-03-24T13:45:39+00:00\",\"description\":\"Zobacz filmy promuj\\u0105ce wydarzenia z \\u017cycia marki Rebel East. Aktualno\\u015bci, wideoklipy, promocje, filmy instrukta\\u017cowe.\",\"breadcrumb\":{\"@id\":\"https:\/\/www.rebeleast.com\/pl\/blog\/#breadcrumb\"},\"inLanguage\":\"pl-PL\",\"potentialAction\":[{\"@type\":\"ReadAction\",\"target\":[\"https:\/\/www.rebeleast.com\/pl\/blog\/\"]}]},{\"@type\":\"BreadcrumbList\",\"@id\":\"https:\/\/www.rebeleast.com\/pl\/blog\/#breadcrumb\",\"itemListElement\":[{\"@type\":\"ListItem\",\"position\":1,\"item\":{\"@type\":\"WebPage\",\"@id\":\"https:\/\/www.rebeleast.com\/pl\/\",\"url\":\"https:\/\/www.rebeleast.com\/pl\/\",\"name\":\"Strona g\\u0142\\u00f3wna\"}},{\"@type\":\"ListItem\",\"position\":2,\"item\":{\"@id\":\"https:\/\/www.rebeleast.com\/pl\/blog\/#webpage\"}}]}]}<\/script>\n<!-- \/ Yoast SEO plugin. -->","_links":{"self":[{"href":"https:\/\/www.rebeleast.com\/pl\/wp-json\/wp\/v2\/pages\/51308"}],"collection":[{"href":"https:\/\/www.rebeleast.com\/pl\/wp-json\/wp\/v2\/pages"}],"about":[{"href":"https:\/\/www.rebeleast.com\/pl\/wp-json\/wp\/v2\/types\/page"}],"author":[{"embeddable":true,"href":"https:\/\/www.rebeleast.com\/pl\/wp-json\/wp\/v2\/users\/5"}],"replies":[{"embeddable":true,"href":"https:\/\/www.rebeleast.com\/pl\/wp-json\/wp\/v2\/comments?post=51308"}],"version-history":[{"count":2,"href":"https:\/\/www.rebeleast.com\/pl\/wp-json\/wp\/v2\/pages\/51308\/revisions"}],"predecessor-version":[{"id":57236,"href":"https:\/\/www.rebeleast.com\/pl\/wp-json\/wp\/v2\/pages\/51308\/revisions\/57236"}],"wp:attachment":[{"href":"https:\/\/www.rebeleast.com\/pl\/wp-json\/wp\/v2\/media?parent=51308"}],"curies":[{"name":"wp","href":"https:\/\/api.w.org\/{rel}","templated":true}]}}