{"id":51304,"date":"2019-02-15T09:04:19","date_gmt":"2019-02-15T09:04:19","guid":{"rendered":"https:\/\/www.rebeleast.com\/faq\/"},"modified":"2026-02-20T15:45:41","modified_gmt":"2026-02-20T15:45:41","slug":"faq","status":"publish","type":"page","link":"https:\/\/www.rebeleast.com\/pl\/faq\/","title":{"rendered":"FAQ"},"content":{"rendered":"<p>[vc_row row_type=&#8221;row&#8221; use_row_as_full_screen_section=&#8221;no&#8221; type=&#8221;full_width&#8221; text_align=&#8221;center&#8221; video=&#8221;&#8221; padding_bottom=&#8221;55&#8243; css_animation=&#8221;&#8221; box_shadow_on_row=&#8221;no&#8221; oblique_section=&#8221;no&#8221; oblique_section_top_and_bottom=&#8221;both&#8221; oblique_section_position=&#8221;from_left_to_right&#8221; triangle_shape=&#8221;no&#8221; triangle_shape_position=&#8221;both&#8221;][vc_column][vc_text_separator title=&#8221;FAQ&#8221; title_size=&#8221;35&#8243; text_in_box=&#8221;no&#8221; text_position=&#8221;center&#8221; box_padding=&#8221;23&#8243; line_color=&#8221;#222222&#8243; line_width=&#8221;35&#8243; line_thickness=&#8221;1&#8243; line_border_style=&#8221;solid&#8221; up=&#8221;13&#8243; down=&#8221;13&#8243; line_dots=&#8221;no&#8221; title_color=&#8221;#222222&#8243;][vc_column_text]<\/p>\n<h3>Najcz\u0119\u015bciej zadawane pytania<\/h3>\n<p>[\/vc_column_text][\/vc_column][\/vc_row][vc_row row_type=&#8221;row&#8221; use_row_as_full_screen_section=&#8221;no&#8221; type=&#8221;full_width&#8221; text_align=&#8221;left&#8221; video=&#8221;&#8221; padding_bottom=&#8221;70&#8243; css_animation=&#8221;&#8221; box_shadow_on_row=&#8221;no&#8221; oblique_section=&#8221;no&#8221; oblique_section_top_and_bottom=&#8221;both&#8221; oblique_section_position=&#8221;from_left_to_right&#8221; triangle_shape=&#8221;no&#8221; triangle_shape_position=&#8221;both&#8221;][vc_column][vc_column_text]<\/p>\n<div class=\"wpb_text_column wpb_content_element color-white \">\n<div class=\"wpb_wrapper\">\n<div><strong>1. JAK DOSTARCZACIE WASZE PRODUKTY?<\/strong><\/div>\n<div>Zam\u00f3wienia realizujemy wy\u0142\u0105cznie poprzez firm\u0119 kuriersk\u0105 (ubezpieczona paczka kurierska: 17 pln w Polsce i 12 euro na terenie EU). <strong>UWAGA: Nie oferujemy odbioru osobistego<\/strong>.<\/div>\n<div><\/div>\n<div><strong>2. JAK DLUGO TRZEBA CZEKA\u0106 NA PRZESY\u0141K\u0118?<\/strong><\/div>\n<div>Przesy\u0142ki przygotowujemy i nadajemy w ka\u017cd\u0105 \u015brod\u0119 rano (wy\u0142\u0105czaj\u0105c dni \u015bwi\u0105teczne i przerw\u0119 wakacyjn\u0105). Czas dostarczenia przesy\u0142ki to najcz\u0119\u015bciej 1 dzie\u0144 roboczy na terenie Polski i 4-7 dni roboczych na terenie UE.<\/div>\n<\/div>\n<\/div>\n<div><\/div>\n<div><strong>CZY PRODUKTY REBEL EAST S\u0104 DOST\u0118PNE OD R\u0118KI CZY TRZBA NA NIE CZEKA\u0106?<\/strong><\/div>\n<div>Produkty widoczne w sklepie online s\u0105 aktualnie dost\u0119pne w sprzeda\u017cy. Na stronie konkretnego produktu (tam gdzie wyst\u0119puje rozmiar\u00f3wka) nale\u017cy rozwin\u0105\u0107 opcj\u0119 rozmiaru i wybra\u0107 dany rozmiar \u017ceby zobaczy\u0107 czy i ew. ile sztuk mamy obecnie w sklepie. Je\u015bli nie b\u0119dzie konkretnego modelu w danym rozmiarze nie b\u0119dziesz m\u00f3g\u0142\/mog\u0142a umie\u015bci\u0107 go w koszyku.<\/div>\n<div class=\"wpb_text_column wpb_content_element color-white \">\n<div class=\"wpb_wrapper\">\n<div><\/div>\n<div><strong>3. CZY SZELKI FOTOGRAFICZNE REBEL ONE\u00a0 (SZERSZA WERSJA)\u00a0 B\u0118D\u0104 ODPOWIEDNIE DLA KOBIET?<\/strong><\/div>\n<div>Tak, jednak kobiet polecamy przede wszystkim seri\u0119 SLIM. Seria ONE to szersza wersja szelek (39mm). Wyst\u0119puje ona w rozmiarach regular i large. Seria SLIM (w\u0119\u017csza 29mm) wyst\u0119puje z kolei w rozmiarach small i regular. Ka\u017cdy rozmiar dodatkowo pozwala na modyfikacje skali d\u0142ugo\u015bci pask\u00f3w- dlatego mo\u017ce by\u0107 z powodzeniem u\u017cywany zar\u00f3wno przez kobiety i m\u0119\u017cczyzn.<\/div>\n<\/div>\n<\/div>\n<div><\/div>\n<div><strong>4. JAK WYGL\u0104DA ROZMIAR\u00d3WKA I CZYM SI\u0118 KIEROWA\u0106 PRZY WYBORZE ROZMIARU SZELEK FOTOGRAFICZNTCH?<\/strong><\/div>\n<div>Przy wyborze rozmiaru sk\u00f3rzanych szelek fotograficznych Rebel East nale\u017cy kierowa\u0107 si\u0119 przede wszystkim wzrostem i budow\u0105 cia\u0142a.<\/div>\n<div><\/div>\n<div><strong>Szelki ze sk\u00f3ry naturalnej:<\/strong><\/div>\n<div><strong>RebelOne<\/strong> to seria szerszych szelek (39mm). Te wyst\u0119puj\u0105 w rozmiarach <strong>regular<\/strong> i <strong>large<\/strong>.<\/div>\n<div><strong>Seria Slim<\/strong> (w\u0119\u017csza 29mm) wyst\u0119puje z kolei w rozmiarach <strong>small<\/strong> i <strong>regular<\/strong>.<\/div>\n<div>\n<p>Rozwi\u0144 i wybierz dany rozmiar szelek w sklepie online \u017ceby zobaczy\u0107 rekomendacj\u0119 wyboru rozmiaru szelek odpowiedniego dla Twojego wzrostu i budowy cia\u0142a.<\/p>\n<p><strong>Szelki materia\u0142owe (seria Funky):<\/strong><br \/>\nTutaj wyst\u0119puje jeden uniwersalny rozmiar z wi\u0119kszym zakresem regulacji d\u0142ugo\u015bci pask\u00f3w.<\/p>\n<\/div>\n<div class=\"wpb_text_column wpb_content_element color-white \">\n<div class=\"wpb_wrapper\">\n<div><strong>5. U\u017bYWAM DW\u00d3CH PROFESJONALNYCH APARAT\u00d3W Z BATTERY PACKIEM i LAMPAMI. CZY SZELKI REBEL ONE UTRZYMAJ\u0104 TAKI CI\u0118\u017bAR?<\/strong><\/div>\n<div>Zdecydowanie tak. Nasze szelki by\u0142y testowane na ekstremalnym obci\u0105\u017ceniu. Wytrzymaj\u0105 du\u017co wi\u0119cej. Zar\u00f3wno seria RebelOne jak te\u017c Rebel Slim.<\/div>\n<\/div>\n<\/div>\n<div><\/div>\n<div><strong>6. CZY JEST SENS UZYWANIA SZELEK FOTOGRAFICZNYCH GDY POSIADAM JEDEN APARAT?<\/strong><\/div>\n<div>\n<p>Tak, jest sens posiadania szelek i jednego body. Drugi karabinek wystarczy przypi\u0105\u0107 do szlufki w spodniach lub do metalowego D-ringa na ramieniu (szelki). Mo\u017cesz te\u017c zakupi\u0107 jeden z tych produkt\u00f3w: <strong>Rebel Rascal<\/strong> lub <strong>Rebel Pouch<\/strong> i mie\u0107 sakw\u0119 na drugim karabinku co zr\u00f3wnowa\u017cy bardziej ci\u0119\u017car aparatu zawieszonego po drugiej stronie.<\/p>\n<\/div>\n<div class=\"wpb_text_column wpb_content_element color-white \">\n<div class=\"wpb_wrapper\">\n<div><strong>7. CZY SK\u00d3RA KT\u00d3REJ U\u017bYWACIE W SWOICH PRODUKTACH JEST TWARDA CZY MI\u0118KKA?<\/strong><\/div>\n<div>Nasze produkty powstaj\u0105 ze sk\u00f3ry o bardzo wysokiej jako\u015bci. Na pocz\u0105tku sk\u00f3ra jest twardsza (ale nadal elastyczna). Z biegiem czasu staje si\u0119 bardziej mi\u0119kka i dopasowuje si\u0119 coraz bardziej do cia\u0142a.<\/div>\n<div><\/div>\n<div><strong>7. CZY SK\u00d3RA BR\u0104ZOWA JEST BARDZIEJ MI\u0118KKA NIZ CZARNA LUB ODWROTNIE?<\/strong><\/div>\n<div>Czarna sk\u00f3ra jest odrobin\u0119 bardziej mi\u0119kka. Jednak obie sk\u00f3ry s\u0105 o bardzo zbli\u017conej elastyczno\u015bci i grubo\u015bci.<\/div>\n<div><\/div>\n<div><strong>8. CZY SZELKI FOTOGRAFICZNE REBEL EAST S\u0104 KOMPLETNE, CZY POTRZEBUJ\u0118 JESZCZE CO\u015a DOKUPI\u0106 \u017bEBY U\u017bYWA\u0106 ICH Z MOIMI APARATAMI?<\/strong><\/div>\n<div>Wszystko czego potrzebujesz jest w pakiecie. Ka\u017cdy zestaw reporterskich szelek dla fotografa Rebel East jest kompletny i zawiera dodatkowo bezpo\u015brednie mocowania do dw\u00f3ch aparat\u00f3w (dwie ocynkowane \u015bruby fotograficzne 1\/4 cala z uchem i silikonow\u0105 podk\u0142adk\u0105) oraz dwie smyczki bezpiecze\u0144stwa. Ca\u0142y zestaw zapakowany jest w nasz stylowy, p\u0142\u00f3cienny woreczek.<\/div>\n<div><\/div>\n<div><strong>9. CZY APARATY S\u0104 DODATKOWO ZABEZPIECZONE NA WYPADEK WYPI\u0118CIA Z KARABINKA?<\/strong><\/div>\n<div>Przede wszystkim samoczynne wypi\u0119cie aparat\u00f3w z karabink\u00f3w jest bardzo ma\u0142o prawdopodobne. Jednak zapewniamy dodatkowe zabezpieczenie Waszego sprz\u0119tu w postaci dw\u00f3ch wytrzyma\u0142ych, sk\u00f3rzanych smyczek mocowanych z jednej strony do p\u00f3\u0142kola kr\u00f3tkiego paska oraz z drugiej strony bezpo\u015brednio do aparatu. Rekomendujemy, \u017ceby obie smyczki bezpiecze\u0144stwa by\u0142y zawsze zapi\u0119te podczas fotografowania!<\/div>\n<div>\n<div><strong>10. CZY MO\u017bNA GDZIE\u015a PRZYMIERZY\u0106 SZELKI PRZED ZAKUPEM?<\/strong><\/div>\n<div>Obecnie nie ma takiej mo\u017cliwo\u015bci, ale pracujemy nad otworzeniem showroom&#8217;u w Warszawie i Wroc\u0142awiu.<\/div>\n<\/div>\n<\/div>\n<\/div>\n<div><strong>11. CZY JEST MO\u017bLIWY ZWROT PRODUKTU? JE\u015aLI TAK, TO NA JAKICH ZASADACH?<\/strong><\/div>\n<div>Jak w przypadku ka\u017cdych zakup\u00f3w w internecie, zwrot mo\u017cliwy jest po przes\u0142aniu przez konsumenta o\u015bwiadczenia (drog\u0105 e-mailow\u0105 na adres: shop@rebeleast.com) o odst\u0105pieniu od umowy w ci\u0105gu 14 dni kalendarzowych od daty zakupu. Po z\u0142o\u017ceniu o\u015bwiadczenia czekamy 14 dni na zwrot produktu, kt\u00f3ry nie mo\u017ce posiada\u0107 \u015blad\u00f3w u\u017cytkowania.<\/div>\n<div><strong>12. CZY SZELKI ZE SK\u00d3RY NATURALNEJ MOG\u0104 FARBOWA\u0106 UBRANIE?<\/strong><\/div>\n<div>Po dwunastu latach prowadzenia firmy nie spotkali\u015bmy si\u0119 z przypadkiem kiedy naturalna sk\u00f3ra bez kontaktu cho\u0107by z minimaln\u0105 ilo\u015bci\u0105 wilgoci zostawi\u0142a zafarb na jakimkolwiek materiale. Zabezpieczamy potr\u00f3jnie wewn\u0119trzn\u0105 warstw\u0119 sk\u00f3ry tak, aby zminimalizowa\u0107 ryzyko zafarbowania. Z naszej (technicznej) strony wi\u0119cej nie mo\u017cna ju\u017c zrobi\u0107 w tej kwestii. W zasadzie nie ma dodatkowego sposobu na zabezpieczenie sk\u00f3ry naturalnej. Je\u015bli dojdzie do jej zamoczenia nale\u017cy pozostawi\u0107 j\u0105 do samoczynnego wyschni\u0119cia w naturalnych warunkach (nie nale\u017cy jej suszy\u0107 suszark\u0105 czy wyciera\u0107..). Je\u015bli jednak dopu\u015bcisz do wra\u017anego zawilgocenia (pod wp\u0142ywem deszczu, potu itp.) swoich szelek fotograficznych ze sk\u00f3ry naturalnej to mo\u017ce ona zostawi\u0107 zafarb na ubraniu (zw\u0142aszcza na jasnych kolorach). Je\u015bli przytrafi Ci si\u0119 taka sytuacja, upierz normalnie koszul\u0119, bluzk\u0119 czy sukienk\u0119 w pralce wg zalece\u0144 producenta danego materia\u0142u. Zafarb powinien zej\u015b\u0107 w praniu.<\/div>\n<div><strong>13. CZY PRODUKTY S\u0104 OBJ\u0118TE GWARANCJ\u0104?<\/strong><\/div>\n<div>Udzielamy 12 miesi\u0119cy gwarancji na nasze produkty.<\/div>\n<div><strong>14. CZY OTRZYMAM FAKTUR\u0118 ZA ZAKUP?<br \/>\n<\/strong><\/div>\n<div>Tak. Faktur\u0119 wysy\u0142amy w formie elektronicznej (na podany w zam\u00f3wieniu adres e-mail) nied\u0142ugo po wysy\u0142ce towaru kurierem. Nie jeste\u015bmy &#8220;p\u0142atnikiem VAT&#8221;.<\/div>\n<div><\/div>\n<p>[\/vc_column_text][\/vc_column][\/vc_row]<\/p>\n","protected":false},"excerpt":{"rendered":"<p>[vc_row row_type=&#8221;row&#8221; use_row_as_full_screen_section=&#8221;no&#8221; type=&#8221;full_width&#8221; text_align=&#8221;center&#8221; video=&#8221;&#8221; padding_bottom=&#8221;55&#8243; css_animation=&#8221;&#8221; box_shadow_on_row=&#8221;no&#8221; oblique_section=&#8221;no&#8221; oblique_section_top_and_bottom=&#8221;both&#8221; oblique_section_position=&#8221;from_left_to_right&#8221; triangle_shape=&#8221;no&#8221; triangle_shape_position=&#8221;both&#8221;][vc_column][vc_text_separator title=&#8221;FAQ&#8221; title_size=&#8221;35&#8243; text_in_box=&#8221;no&#8221; text_position=&#8221;center&#8221; box_padding=&#8221;23&#8243; line_color=&#8221;#222222&#8243; line_width=&#8221;35&#8243; line_thickness=&#8221;1&#8243; line_border_style=&#8221;solid&#8221; up=&#8221;13&#8243; down=&#8221;13&#8243; line_dots=&#8221;no&#8221; title_color=&#8221;#222222&#8243;][vc_column_text] Najcz\u0119\u015bciej zadawane pytania [\/vc_column_text][\/vc_column][\/vc_row][vc_row row_type=&#8221;row&#8221; use_row_as_full_screen_section=&#8221;no&#8221; type=&#8221;full_width&#8221; text_align=&#8221;left&#8221; video=&#8221;&#8221; padding_bottom=&#8221;70&#8243; css_animation=&#8221;&#8221; box_shadow_on_row=&#8221;no&#8221; oblique_section=&#8221;no&#8221; oblique_section_top_and_bottom=&#8221;both&#8221; oblique_section_position=&#8221;from_left_to_right&#8221; triangle_shape=&#8221;no&#8221; triangle_shape_position=&#8221;both&#8221;][vc_column][vc_column_text] 1&#8230;.<\/p>\n","protected":false},"author":5,"featured_media":0,"parent":0,"menu_order":0,"comment_status":"open","ping_status":"closed","template":"","meta":[],"yoast_head":"<!-- This site is optimized with the Yoast SEO plugin v16.3 - https:\/\/yoast.com\/wordpress\/plugins\/seo\/ -->\n<title>FAQ - najcz\u0119\u015bciej zadawane pytania o marce Rebel East<\/title>\n<meta name=\"description\" content=\"Poznaj odpowiedzi na najwa\u017cniejsze pytania dotycz\u0105ce produkt\u00f3w marki Rebel East.\" \/>\n<meta name=\"robots\" content=\"index, follow, max-snippet:-1, max-image-preview:large, max-video-preview:-1\" \/>\n<link rel=\"canonical\" href=\"https:\/\/www.rebeleast.com\/pl\/faq\/\" \/>\n<meta property=\"og:locale\" content=\"pl_PL\" \/>\n<meta property=\"og:type\" content=\"article\" \/>\n<meta property=\"og:title\" content=\"FAQ - najcz\u0119\u015bciej zadawane pytania o marce Rebel East\" \/>\n<meta property=\"og:description\" content=\"Poznaj odpowiedzi na najwa\u017cniejsze pytania dotycz\u0105ce produkt\u00f3w marki Rebel East.\" \/>\n<meta property=\"og:url\" content=\"https:\/\/www.rebeleast.com\/pl\/faq\/\" \/>\n<meta property=\"og:site_name\" content=\"Rebel East\" \/>\n<meta property=\"article:modified_time\" content=\"2026-02-20T15:45:41+00:00\" \/>\n<meta name=\"twitter:card\" content=\"summary_large_image\" \/>\n<meta name=\"twitter:label1\" content=\"Szacowany czas czytania\">\n\t<meta name=\"twitter:data1\" content=\"4 minuty\">\n<script type=\"application\/ld+json\" class=\"yoast-schema-graph\">{\"@context\":\"https:\/\/schema.org\",\"@graph\":[{\"@type\":\"WebSite\",\"@id\":\"https:\/\/www.rebeleast.com\/#website\",\"url\":\"https:\/\/www.rebeleast.com\/\",\"name\":\"Rebel East\",\"description\":\"Photo gear for professional photographers\",\"potentialAction\":[{\"@type\":\"SearchAction\",\"target\":\"https:\/\/www.rebeleast.com\/?s={search_term_string}\",\"query-input\":\"required name=search_term_string\"}],\"inLanguage\":\"pl-PL\"},{\"@type\":\"WebPage\",\"@id\":\"https:\/\/www.rebeleast.com\/pl\/faq\/#webpage\",\"url\":\"https:\/\/www.rebeleast.com\/pl\/faq\/\",\"name\":\"FAQ - najcz\\u0119\\u015bciej zadawane pytania o marce Rebel East\",\"isPartOf\":{\"@id\":\"https:\/\/www.rebeleast.com\/#website\"},\"datePublished\":\"2019-02-15T09:04:19+00:00\",\"dateModified\":\"2026-02-20T15:45:41+00:00\",\"description\":\"Poznaj odpowiedzi na najwa\\u017cniejsze pytania dotycz\\u0105ce produkt\\u00f3w marki Rebel East.\",\"breadcrumb\":{\"@id\":\"https:\/\/www.rebeleast.com\/pl\/faq\/#breadcrumb\"},\"inLanguage\":\"pl-PL\",\"potentialAction\":[{\"@type\":\"ReadAction\",\"target\":[\"https:\/\/www.rebeleast.com\/pl\/faq\/\"]}]},{\"@type\":\"BreadcrumbList\",\"@id\":\"https:\/\/www.rebeleast.com\/pl\/faq\/#breadcrumb\",\"itemListElement\":[{\"@type\":\"ListItem\",\"position\":1,\"item\":{\"@type\":\"WebPage\",\"@id\":\"https:\/\/www.rebeleast.com\/pl\/\",\"url\":\"https:\/\/www.rebeleast.com\/pl\/\",\"name\":\"Strona g\\u0142\\u00f3wna\"}},{\"@type\":\"ListItem\",\"position\":2,\"item\":{\"@id\":\"https:\/\/www.rebeleast.com\/pl\/faq\/#webpage\"}}]}]}<\/script>\n<!-- \/ Yoast SEO plugin. -->","_links":{"self":[{"href":"https:\/\/www.rebeleast.com\/pl\/wp-json\/wp\/v2\/pages\/51304"}],"collection":[{"href":"https:\/\/www.rebeleast.com\/pl\/wp-json\/wp\/v2\/pages"}],"about":[{"href":"https:\/\/www.rebeleast.com\/pl\/wp-json\/wp\/v2\/types\/page"}],"author":[{"embeddable":true,"href":"https:\/\/www.rebeleast.com\/pl\/wp-json\/wp\/v2\/users\/5"}],"replies":[{"embeddable":true,"href":"https:\/\/www.rebeleast.com\/pl\/wp-json\/wp\/v2\/comments?post=51304"}],"version-history":[{"count":29,"href":"https:\/\/www.rebeleast.com\/pl\/wp-json\/wp\/v2\/pages\/51304\/revisions"}],"predecessor-version":[{"id":58848,"href":"https:\/\/www.rebeleast.com\/pl\/wp-json\/wp\/v2\/pages\/51304\/revisions\/58848"}],"wp:attachment":[{"href":"https:\/\/www.rebeleast.com\/pl\/wp-json\/wp\/v2\/media?parent=51304"}],"curies":[{"name":"wp","href":"https:\/\/api.w.org\/{rel}","templated":true}]}}