{"id":51302,"date":"2019-03-08T10:20:41","date_gmt":"2019-03-08T10:20:41","guid":{"rendered":"https:\/\/www.rebeleast.com\/?page_id=51302"},"modified":"2022-11-28T09:28:08","modified_gmt":"2022-11-28T09:28:08","slug":"o-nas","status":"publish","type":"page","link":"https:\/\/www.rebeleast.com\/pl\/o-nas\/","title":{"rendered":"O nas"},"content":{"rendered":"<h4 style=\"text-align: center;\"><a href=\"https:\/\/www.rebeleast.com\/wp-content\/uploads\/2019\/02\/2353543.png\"><img decoding=\"async\" loading=\"lazy\" class=\"aligncenter wp-image-51260 size-medium\" src=\"https:\/\/www.rebeleast.com\/wp-content\/uploads\/2019\/02\/2353543-300x70.png\" alt=\"\" width=\"300\" height=\"70\" srcset=\"https:\/\/www.rebeleast.com\/wp-content\/uploads\/2019\/02\/2353543-300x70.png 300w, https:\/\/www.rebeleast.com\/wp-content\/uploads\/2019\/02\/2353543.png 448w\" sizes=\"(max-width: 300px) 100vw, 300px\" \/><\/a>*<\/h4>\n<h5 style=\"text-align: center;\"><strong>&#8220;Wierzymy, \u017ce nasze rozwi\u0105zania pomog\u0105 Ci uwolni\u0107 kreatywno\u015b\u0107 i jeszcze bardziej rozwin\u0105\u0107 zmys\u0142 obserwacji, a tym samym Ciebie jako fotografa&#8221;.<\/strong><\/h5>\n<p style=\"text-align: center;\">*<\/p>\n<p style=\"text-align: center;\">Jeste\u015bmy fotografami i tak samo jak Wy uwielbiamy prac\u0119 &#8220;na dwa body&#8221;. Reporta\u017c na obiektywach sta\u0142oogniskowych bez konieczno\u015bci ich cz\u0119stej wymiany ma wiele zalet. Problemem pozostaje to, jak z takim sprz\u0119tem na sobie wygodnie si\u0119 porusza\u0107, a do tego nadal stylowo wygl\u0105da\u0107. Od zawsze mocno zainspirowani klasycznymi materia\u0142ami oraz dobrym designem, postanowili\u015bmy wzi\u0105\u0107 sprawy w swoje r\u0119ce. Naszym celem by\u0142a wygoda, styl i bezpiecze\u0144stwo sprz\u0119tu. Misja jak\u0105 sobie wyznaczyli\u015bmy to dostarczanie fotografom przede wszystkim jako\u015bci, kt\u00f3ra b\u0119dzie im s\u0142u\u017cy\u0142a przez lata. Te trzy cechy \u0142\u0105czy w sobie najlepszej jako\u015bci sk\u00f3ra naturalna wytwarzana w Polsce i dlatego na jej bazie powsta\u0142y legendarne szelki fotograficzne <strong>REBEL EAST<\/strong>. Ka\u017cdy produkt Rebel East jest wykonywany r\u0119cznie z dba\u0142o\u015bci\u0105 o najmniejszy detal.<\/p>\n<p style=\"text-align: center;\">Wszystkie nasze cuda z dum\u0105 produkujemy w Polsce.<\/p>\n<p style=\"text-align: center;\"><strong>Rebel East<\/strong> to brand stworzony przez fotograf\u00f3w dla fotograf\u00f3w<strong>. <\/strong>Czerpi\u0105c inspiracje z polskiej tradycji wzornictwa przemys\u0142owego jest symbolem profesjonalizmu i praktycznych rozwi\u0105za\u0144. Rebel East to najcz\u0119\u015bciej wybierane przez profesjonalist\u00f3w szelki fotograficzne w Polsce.<\/p>\n<p style=\"text-align: center;\">*<\/p>\n<h5 style=\"text-align: center;\"><strong>&#8220;Niewa\u017cne jaka jest Twoja historia. Rebel East powsta\u0142 po to, \u017ceby\u015b m\u00f3g\u0142 opowiedzie\u0107 j\u0105 jeszcze lepiej&#8221;.<\/strong><\/h5>\n<p style=\"text-align: center;\">*<\/p>\n<p style=\"text-align: center;\"><a href=\"https:\/\/www.rebeleast.com\/wp-content\/uploads\/2020\/07\/rebel-east-about-founders.jpg\"><img decoding=\"async\" loading=\"lazy\" class=\"alignnone size-full wp-image-55086\" src=\"https:\/\/www.rebeleast.com\/wp-content\/uploads\/2020\/07\/rebel-east-about-founders.jpg\" alt=\"Rebel East- the founders of the company\" width=\"1640\" height=\"1092\" srcset=\"https:\/\/www.rebeleast.com\/wp-content\/uploads\/2020\/07\/rebel-east-about-founders.jpg 1640w, https:\/\/www.rebeleast.com\/wp-content\/uploads\/2020\/07\/rebel-east-about-founders-300x200.jpg 300w, https:\/\/www.rebeleast.com\/wp-content\/uploads\/2020\/07\/rebel-east-about-founders-1024x682.jpg 1024w, https:\/\/www.rebeleast.com\/wp-content\/uploads\/2020\/07\/rebel-east-about-founders-768x511.jpg 768w, https:\/\/www.rebeleast.com\/wp-content\/uploads\/2020\/07\/rebel-east-about-founders-1536x1023.jpg 1536w, https:\/\/www.rebeleast.com\/wp-content\/uploads\/2020\/07\/rebel-east-about-founders-700x466.jpg 700w, https:\/\/www.rebeleast.com\/wp-content\/uploads\/2020\/07\/rebel-east-about-founders-600x400.jpg 600w, https:\/\/www.rebeleast.com\/wp-content\/uploads\/2020\/07\/rebel-east-about-founders-1200x799.jpg 1200w\" sizes=\"(max-width: 1640px) 100vw, 1640px\" \/><\/a><\/p>\n<p><a href=\"https:\/\/lukesezeck.com\/\" target=\"_blank\" rel=\"noopener noreferrer\">\u0141ukasz<\/a> i <a href=\"https:\/\/www.gabrielgmurczyk.com\/\" target=\"_blank\" rel=\"noopener noreferrer\">Gabriel<\/a>&#8211; za\u0142o\u017cyciele Rebel East. Foto: <a href=\"https:\/\/www.timeofjoy.eu\/\" target=\"_blank\" rel=\"noopener noreferrer\">Time of Joy Photography<\/a>.<\/p>\n","protected":false},"excerpt":{"rendered":"<p>* &#8220;Wierzymy, \u017ce nasze rozwi\u0105zania pomog\u0105 Ci uwolni\u0107 kreatywno\u015b\u0107 i jeszcze bardziej rozwin\u0105\u0107 zmys\u0142 obserwacji, a tym samym Ciebie jako fotografa&#8221;. * Jeste\u015bmy fotografami i tak samo jak Wy uwielbiamy prac\u0119 &#8220;na dwa body&#8221;. Reporta\u017c na obiektywach sta\u0142oogniskowych bez konieczno\u015bci ich cz\u0119stej wymiany ma wiele&#8230;<\/p>\n","protected":false},"author":5,"featured_media":0,"parent":0,"menu_order":0,"comment_status":"open","ping_status":"closed","template":"","meta":[],"yoast_head":"<!-- This site is optimized with the Yoast SEO plugin v16.3 - https:\/\/yoast.com\/wordpress\/plugins\/seo\/ -->\n<title>O nas - Rebel East<\/title>\n<meta name=\"description\" content=\"Poznaj mark\u0119 Rebel East od kuchni. Fotografowie dla fotograf\u00f3w. Nasza misja to dostarczanie fotografom jako\u015bciowych rozwi\u0105za\u0144, kt\u00f3re b\u0119d\u0105 im s\u0142u\u017cy\u0142y przez lata. Produkty z dum\u0105 r\u0119cznie wykonane w Polsce.\" \/>\n<meta name=\"robots\" content=\"index, follow, max-snippet:-1, max-image-preview:large, max-video-preview:-1\" \/>\n<link rel=\"canonical\" href=\"https:\/\/www.rebeleast.com\/pl\/o-nas\/\" \/>\n<meta property=\"og:locale\" content=\"pl_PL\" \/>\n<meta property=\"og:type\" content=\"article\" \/>\n<meta property=\"og:title\" content=\"O nas - Rebel East\" \/>\n<meta property=\"og:description\" content=\"Poznaj mark\u0119 Rebel East od kuchni. Fotografowie dla fotograf\u00f3w. Nasza misja to dostarczanie fotografom jako\u015bciowych rozwi\u0105za\u0144, kt\u00f3re b\u0119d\u0105 im s\u0142u\u017cy\u0142y przez lata. Produkty z dum\u0105 r\u0119cznie wykonane w Polsce.\" \/>\n<meta property=\"og:url\" content=\"https:\/\/www.rebeleast.com\/pl\/o-nas\/\" \/>\n<meta property=\"og:site_name\" content=\"Rebel East\" \/>\n<meta property=\"article:modified_time\" content=\"2022-11-28T09:28:08+00:00\" \/>\n<meta property=\"og:image\" content=\"https:\/\/www.rebeleast.com\/wp-content\/uploads\/2019\/02\/2353543-300x70.png\" \/>\n<meta name=\"twitter:card\" content=\"summary_large_image\" \/>\n<meta name=\"twitter:label1\" content=\"Szacowany czas czytania\">\n\t<meta name=\"twitter:data1\" content=\"2 minuty\">\n<script type=\"application\/ld+json\" class=\"yoast-schema-graph\">{\"@context\":\"https:\/\/schema.org\",\"@graph\":[{\"@type\":\"WebSite\",\"@id\":\"https:\/\/www.rebeleast.com\/#website\",\"url\":\"https:\/\/www.rebeleast.com\/\",\"name\":\"Rebel East\",\"description\":\"Photo gear for professional photographers\",\"potentialAction\":[{\"@type\":\"SearchAction\",\"target\":\"https:\/\/www.rebeleast.com\/?s={search_term_string}\",\"query-input\":\"required name=search_term_string\"}],\"inLanguage\":\"pl-PL\"},{\"@type\":\"ImageObject\",\"@id\":\"https:\/\/www.rebeleast.com\/pl\/o-nas\/#primaryimage\",\"inLanguage\":\"pl-PL\",\"url\":\"https:\/\/www.rebeleast.com\/wp-content\/uploads\/2019\/02\/2353543.png\",\"contentUrl\":\"https:\/\/www.rebeleast.com\/wp-content\/uploads\/2019\/02\/2353543.png\",\"width\":448,\"height\":104},{\"@type\":\"WebPage\",\"@id\":\"https:\/\/www.rebeleast.com\/pl\/o-nas\/#webpage\",\"url\":\"https:\/\/www.rebeleast.com\/pl\/o-nas\/\",\"name\":\"O nas - Rebel East\",\"isPartOf\":{\"@id\":\"https:\/\/www.rebeleast.com\/#website\"},\"primaryImageOfPage\":{\"@id\":\"https:\/\/www.rebeleast.com\/pl\/o-nas\/#primaryimage\"},\"datePublished\":\"2019-03-08T10:20:41+00:00\",\"dateModified\":\"2022-11-28T09:28:08+00:00\",\"description\":\"Poznaj mark\\u0119 Rebel East od kuchni. Fotografowie dla fotograf\\u00f3w. Nasza misja to dostarczanie fotografom jako\\u015bciowych rozwi\\u0105za\\u0144, kt\\u00f3re b\\u0119d\\u0105 im s\\u0142u\\u017cy\\u0142y przez lata. Produkty z dum\\u0105 r\\u0119cznie wykonane w Polsce.\",\"breadcrumb\":{\"@id\":\"https:\/\/www.rebeleast.com\/pl\/o-nas\/#breadcrumb\"},\"inLanguage\":\"pl-PL\",\"potentialAction\":[{\"@type\":\"ReadAction\",\"target\":[\"https:\/\/www.rebeleast.com\/pl\/o-nas\/\"]}]},{\"@type\":\"BreadcrumbList\",\"@id\":\"https:\/\/www.rebeleast.com\/pl\/o-nas\/#breadcrumb\",\"itemListElement\":[{\"@type\":\"ListItem\",\"position\":1,\"item\":{\"@type\":\"WebPage\",\"@id\":\"https:\/\/www.rebeleast.com\/pl\/\",\"url\":\"https:\/\/www.rebeleast.com\/pl\/\",\"name\":\"Strona g\\u0142\\u00f3wna\"}},{\"@type\":\"ListItem\",\"position\":2,\"item\":{\"@id\":\"https:\/\/www.rebeleast.com\/pl\/o-nas\/#webpage\"}}]}]}<\/script>\n<!-- \/ Yoast SEO plugin. -->","_links":{"self":[{"href":"https:\/\/www.rebeleast.com\/pl\/wp-json\/wp\/v2\/pages\/51302"}],"collection":[{"href":"https:\/\/www.rebeleast.com\/pl\/wp-json\/wp\/v2\/pages"}],"about":[{"href":"https:\/\/www.rebeleast.com\/pl\/wp-json\/wp\/v2\/types\/page"}],"author":[{"embeddable":true,"href":"https:\/\/www.rebeleast.com\/pl\/wp-json\/wp\/v2\/users\/5"}],"replies":[{"embeddable":true,"href":"https:\/\/www.rebeleast.com\/pl\/wp-json\/wp\/v2\/comments?post=51302"}],"version-history":[{"count":37,"href":"https:\/\/www.rebeleast.com\/pl\/wp-json\/wp\/v2\/pages\/51302\/revisions"}],"predecessor-version":[{"id":57101,"href":"https:\/\/www.rebeleast.com\/pl\/wp-json\/wp\/v2\/pages\/51302\/revisions\/57101"}],"wp:attachment":[{"href":"https:\/\/www.rebeleast.com\/pl\/wp-json\/wp\/v2\/media?parent=51302"}],"curies":[{"name":"wp","href":"https:\/\/api.w.org\/{rel}","templated":true}]}}